
{"id":162,"date":"2017-07-06T06:31:28","date_gmt":"2017-07-05T20:31:28","guid":{"rendered":"https:\/\/www2.nufarm.com\/template\/?page_id=162"},"modified":"2020-04-16T00:32:29","modified_gmt":"2020-04-15T14:32:29","slug":"iletisim","status":"publish","type":"page","link":"https:\/\/2024.nufarm.com.au\/tr\/iletisim\/","title":{"rendered":"\u0130leti\u015fim"},"content":{"rendered":"<p class=\"title\">Nufarm Turkey 2014 y\u0131l\u0131nda \u0130stanbul&#8217;da kurulmu\u015f, d\u00fcnyan\u0131n \u00f6nde gelen uluslararas\u0131 Bitki Koruma ve Tohum \u00dcretim \u015eirketinin T\u00fcrkiye organizasyonudur.<\/p>\n<p>Mimar Sinan Mahallesi Mimar Sinan Caddesi No:67\/3 34782 \u00c7ekmek\u00f6y \/ \u0130STANBUL<\/p>\n<p>Tel: 0 216 641 8 641<br \/>\nTeknik destek hatt\u0131: 0 216 641 8 641<\/p>\n","protected":false},"excerpt":{"rendered":"<p>Nufarm Turkey 2014 y\u0131l\u0131nda \u0130stanbul&#8217;da kurulmu\u015f, d\u00fcnyan\u0131n \u00f6nde gelen uluslararas\u0131 Bitki Koruma ve Tohum \u00dcretim \u015eirketinin T\u00fcrkiye organizasyonudur. Mimar Sinan Mahallesi Mimar Sinan Caddesi No:67\/3 34782 \u00c7ekmek\u00f6y \/ \u0130STANBUL Tel: 0 216 641 8 641 Teknik destek hatt\u0131: 0 216 641 8 641<\/p>\n","protected":false},"author":1,"featured_media":0,"parent":0,"menu_order":0,"comment_status":"closed","ping_status":"closed","template":"","meta":{"_acf_changed":false,"ep_exclude_from_search":false,"footnotes":""},"class_list":["post-162","page","type-page","status-publish","hentry"],"acf":[],"_links":{"self":[{"href":"https:\/\/2024.nufarm.com.au\/tr\/wp-json\/wp\/v2\/pages\/162","targetHints":{"allow":["GET"]}}],"collection":[{"href":"https:\/\/2024.nufarm.com.au\/tr\/wp-json\/wp\/v2\/pages"}],"about":[{"href":"https:\/\/2024.nufarm.com.au\/tr\/wp-json\/wp\/v2\/types\/page"}],"author":[{"embeddable":true,"href":"https:\/\/2024.nufarm.com.au\/tr\/wp-json\/wp\/v2\/users\/1"}],"replies":[{"embeddable":true,"href":"https:\/\/2024.nufarm.com.au\/tr\/wp-json\/wp\/v2\/comments?post=162"}],"version-history":[{"count":17,"href":"https:\/\/2024.nufarm.com.au\/tr\/wp-json\/wp\/v2\/pages\/162\/revisions"}],"predecessor-version":[{"id":1266,"href":"https:\/\/2024.nufarm.com.au\/tr\/wp-json\/wp\/v2\/pages\/162\/revisions\/1266"}],"wp:attachment":[{"href":"https:\/\/2024.nufarm.com.au\/tr\/wp-json\/wp\/v2\/media?parent=162"}],"curies":[{"name":"wp","href":"https:\/\/api.w.org\/{rel}","templated":true}]}}