
{"id":5,"date":"2017-06-14T02:17:37","date_gmt":"2017-06-14T02:17:37","guid":{"rendered":"https:\/\/www2.nufarm.com\/pt\/?page_id=5"},"modified":"2024-01-18T10:08:25","modified_gmt":"2024-01-18T10:08:25","slug":"informacao-tecnica","status":"publish","type":"page","link":"https:\/\/2024.nufarm.com.au\/pt\/informacao-tecnica\/","title":{"rendered":"Informa\u00e7\u00e3o t\u00e9cnica"},"content":{"rendered":"<p class=\"title\">A Nufarm tem apresentado um forte crescimento, o qual se deve \u00e0 confian\u00e7a crescente que os agricultores t\u00eam vindo a depositar nos seus produtos e servi\u00e7os, tornando-os mais competitivos ao n\u00edvel do mercado.<\/p>\n","protected":false},"excerpt":{"rendered":"<p>A Nufarm tem apresentado um forte crescimento, o qual se deve \u00e0 confian\u00e7a crescente que os agricultores t\u00eam vindo a depositar nos seus produtos e servi\u00e7os, tornando-os mais competitivos ao n\u00edvel do mercado.<\/p>\n","protected":false},"author":1,"featured_media":0,"parent":0,"menu_order":0,"comment_status":"closed","ping_status":"closed","template":"","meta":{"_acf_changed":false,"ep_exclude_from_search":false,"footnotes":""},"class_list":["post-5","page","type-page","status-publish","hentry"],"acf":[],"_links":{"self":[{"href":"https:\/\/2024.nufarm.com.au\/pt\/wp-json\/wp\/v2\/pages\/5","targetHints":{"allow":["GET"]}}],"collection":[{"href":"https:\/\/2024.nufarm.com.au\/pt\/wp-json\/wp\/v2\/pages"}],"about":[{"href":"https:\/\/2024.nufarm.com.au\/pt\/wp-json\/wp\/v2\/types\/page"}],"author":[{"embeddable":true,"href":"https:\/\/2024.nufarm.com.au\/pt\/wp-json\/wp\/v2\/users\/1"}],"replies":[{"embeddable":true,"href":"https:\/\/2024.nufarm.com.au\/pt\/wp-json\/wp\/v2\/comments?post=5"}],"version-history":[{"count":31,"href":"https:\/\/2024.nufarm.com.au\/pt\/wp-json\/wp\/v2\/pages\/5\/revisions"}],"predecessor-version":[{"id":8714,"href":"https:\/\/2024.nufarm.com.au\/pt\/wp-json\/wp\/v2\/pages\/5\/revisions\/8714"}],"wp:attachment":[{"href":"https:\/\/2024.nufarm.com.au\/pt\/wp-json\/wp\/v2\/media?parent=5"}],"curies":[{"name":"wp","href":"https:\/\/api.w.org\/{rel}","templated":true}]}}