
{"id":4970,"date":"2022-01-27T13:51:42","date_gmt":"2022-01-27T12:51:42","guid":{"rendered":"https:\/\/nufarm.com\/pl\/?page_id=4970"},"modified":"2022-07-06T15:25:08","modified_gmt":"2022-07-06T13:25:08","slug":"produkty-biologiczne-nubio","status":"publish","type":"page","link":"https:\/\/2024.nufarm.com.au\/pl\/produkty\/produkty-biologiczne-nubio\/","title":{"rendered":"Produkty biologiczne NuBio"},"content":{"rendered":"<p><strong>NuBio<\/strong> to nowe biologiczne rozwi\u0105zania od <strong>Nufarm<\/strong> . Jest to grupa biologicznych Insektycyd\u00f3w, Fungicyd\u00f3w, Biostymulant\u00f3w zgodnie z filozofi\u0105 eko. Do grupy Nubio trafiaj\u0105 tylko przetestowane produkty, spe\u0142niaj\u0105ce rygorystyczne warunki.<\/p>\n","protected":false},"excerpt":{"rendered":"<p>NuBio to nowe biologiczne rozwi\u0105zania od Nufarm . Jest to grupa biologicznych Insektycyd\u00f3w, Fungicyd\u00f3w, Biostymulant\u00f3w zgodnie z filozofi\u0105 eko. Do grupy Nubio trafiaj\u0105 tylko przetestowane produkty, spe\u0142niaj\u0105ce rygorystyczne warunki.<\/p>\n","protected":false},"author":171,"featured_media":0,"parent":123,"menu_order":5,"comment_status":"closed","ping_status":"closed","template":"","meta":{"_acf_changed":false,"ep_exclude_from_search":false,"footnotes":""},"class_list":["post-4970","page","type-page","status-publish","hentry"],"acf":[],"_links":{"self":[{"href":"https:\/\/2024.nufarm.com.au\/pl\/wp-json\/wp\/v2\/pages\/4970","targetHints":{"allow":["GET"]}}],"collection":[{"href":"https:\/\/2024.nufarm.com.au\/pl\/wp-json\/wp\/v2\/pages"}],"about":[{"href":"https:\/\/2024.nufarm.com.au\/pl\/wp-json\/wp\/v2\/types\/page"}],"author":[{"embeddable":true,"href":"https:\/\/2024.nufarm.com.au\/pl\/wp-json\/wp\/v2\/users\/171"}],"replies":[{"embeddable":true,"href":"https:\/\/2024.nufarm.com.au\/pl\/wp-json\/wp\/v2\/comments?post=4970"}],"version-history":[{"count":9,"href":"https:\/\/2024.nufarm.com.au\/pl\/wp-json\/wp\/v2\/pages\/4970\/revisions"}],"predecessor-version":[{"id":5329,"href":"https:\/\/2024.nufarm.com.au\/pl\/wp-json\/wp\/v2\/pages\/4970\/revisions\/5329"}],"up":[{"embeddable":true,"href":"https:\/\/2024.nufarm.com.au\/pl\/wp-json\/wp\/v2\/pages\/123"}],"wp:attachment":[{"href":"https:\/\/2024.nufarm.com.au\/pl\/wp-json\/wp\/v2\/media?parent=4970"}],"curies":[{"name":"wp","href":"https:\/\/api.w.org\/{rel}","templated":true}]}}