
{"id":952,"date":"2025-07-22T10:45:16","date_gmt":"2025-07-22T07:45:16","guid":{"rendered":"https:\/\/www2.nufarm.com\/ro\/?page_id=952"},"modified":"2025-10-16T15:45:20","modified_gmt":"2025-10-16T12:45:20","slug":"regulatori-de-crestere-si-adjuvanti","status":"publish","type":"page","link":"https:\/\/2024.nufarm.com.au\/md\/regulatori-de-crestere-si-adjuvanti\/","title":{"rendered":"Regulatori de cre\u015ftere \u015fi adjuvan\u0163i"},"content":{"rendered":"","protected":false},"excerpt":{"rendered":"","protected":false},"author":199,"featured_media":0,"parent":0,"menu_order":0,"comment_status":"closed","ping_status":"closed","template":"","meta":{"_acf_changed":false,"ep_exclude_from_search":false,"footnotes":""},"class_list":["post-952","page","type-page","status-publish","hentry"],"acf":[],"_links":{"self":[{"href":"https:\/\/2024.nufarm.com.au\/md\/wp-json\/wp\/v2\/pages\/952","targetHints":{"allow":["GET"]}}],"collection":[{"href":"https:\/\/2024.nufarm.com.au\/md\/wp-json\/wp\/v2\/pages"}],"about":[{"href":"https:\/\/2024.nufarm.com.au\/md\/wp-json\/wp\/v2\/types\/page"}],"author":[{"embeddable":true,"href":"https:\/\/2024.nufarm.com.au\/md\/wp-json\/wp\/v2\/users\/199"}],"replies":[{"embeddable":true,"href":"https:\/\/2024.nufarm.com.au\/md\/wp-json\/wp\/v2\/comments?post=952"}],"version-history":[{"count":10,"href":"https:\/\/2024.nufarm.com.au\/md\/wp-json\/wp\/v2\/pages\/952\/revisions"}],"predecessor-version":[{"id":5353,"href":"https:\/\/2024.nufarm.com.au\/md\/wp-json\/wp\/v2\/pages\/952\/revisions\/5353"}],"wp:attachment":[{"href":"https:\/\/2024.nufarm.com.au\/md\/wp-json\/wp\/v2\/media?parent=952"}],"curies":[{"name":"wp","href":"https:\/\/api.w.org\/{rel}","templated":true}]}}