
{"id":2619,"date":"2025-03-13T18:17:37","date_gmt":"2025-03-13T16:17:37","guid":{"rendered":"https:\/\/nufarm.com\/lv\/?page_id=2619"},"modified":"2026-03-20T07:54:16","modified_gmt":"2026-03-20T05:54:16","slug":"augsanas-regulatori-ziemas-mieziem","status":"publish","type":"page","link":"https:\/\/2024.nufarm.com.au\/lv\/augsanas-regulatori-ziemas-mieziem\/","title":{"rendered":"Aug\u0161anas regulatori ziemas mie\u017eiem"},"content":{"rendered":"<p>Iepriek\u0161\u0113j\u0101 rakst\u0101 m\u0113s anliz\u0113j\u0101m augu aug\u0161anas regulatoru (AAR) noz\u012bmi ziemas kvie\u0161os, apl\u016bkojot to efektivit\u0101ti un da\u017e\u0101du lieto\u0161anas sh\u0113mu rentabilit\u0101ti. P\u0113t\u012bjumos ir ieg\u016bti pier\u0101d\u012bjumi tam, ka \u0161ie produkti pal\u012bdz optimiz\u0113t kult\u016braugu aug\u0161anu, uzlabot ra\u017eas un nodro\u0161in\u0101t ieguld\u012bjumu atdevi noteiktos apst\u0101k\u013cos.<\/p>\n<p>Tagad piev\u0113rs\u012bsimies ziemas mie\u017eiem, padzi\u013cin\u0101ti p\u0113tot aug\u0161anas regulatoru izmanto\u0161anu un to priek\u0161roc\u012bbas mie\u017eu audz\u0113\u0161an\u0101.<br \/>Nufarm jau vair\u0101kus gadus Lietuvas Lauksaimniec\u012bbas un me\u017esaimniec\u012bbas p\u0113tniec\u012bbas centr\u0101 (LAMMC) veic mie\u017eu aug\u0161anas regulatoru p\u0113t\u012bjumus, lai nov\u0113rt\u0113tu to efektivit\u0101ti un ietekmi uz augu aug\u0161anu un ra\u017eu. Latvij\u0101 l\u012bdz\u012bgi izm\u0113\u0123in\u0101jumi tiek veikti sadarb\u012bb\u0101 ar Latvijas Augu aizsardz\u012bbas p\u0113tniec\u012bbas centru (LAAPC).<br \/>P\u0113t\u012bjumos izmantotie Nufarm ra\u017eotie aug\u0161anas regulatoru:<br \/><strong>\u2022 <a href=\"https:\/\/nufarm.com\/lv\/product\/optimus\/\">Optimus<\/a> &#8211; etil-trineksapaks 175g\/l,<\/strong><br \/><strong>\u2022 <a href=\"https:\/\/nufarm.com\/lv\/product\/camposan-extra\/\">Camposan Extra<\/a> &#8211; etefons 660g\/l .<\/strong><br \/>Lai sal\u012bdzin\u0101tu tirg\u016b pieejam\u0101s tehnolo\u0123ijas, tika izmantoti \u0161\u0101di produkti:<\/p>\n<p>\u2022 Etil-trineksapaks 75g\/kg + kalcija proheksadions 50g\/kg,<br \/>\u2022 Mepikv\u0101ta hlor\u012bds 305g\/l + etefons 155g,<br \/>\u2022 Etil-trineksapaks 250g\/l (DC).<\/p>\n<h4>Ziemas mie\u017ei \u2014 kult\u016braugi ar audz\u0113\u0161anas izaicin\u0101jumiem<\/h4>\n<p>Ziemas mie\u017ei (Hordeum vulgare L.) ir noz\u012bm\u012bga graudaugu kult\u016bra ar unik\u0101liem aug\u0161anas aspektiem (agr\u012bna nogatavo\u0161an\u0101s) un specifisk\u0101m agrotehniskaj\u0101m pras\u012bb\u0101m, kas prasa r\u016bp\u012bgu lauka tehnolo\u0123iju p\u0101rvald\u012bbu, lai ieg\u016btu optim\u0101lu ra\u017eu.<br \/>Galven\u0101s probl\u0113mas ziemas mie\u017eu audz\u0113\u0161an\u0101 ir probl\u0113mas, kas saist\u012btas ar veldri un stubl\u0101ju l\u016b\u0161anu, k\u0101 rezult\u0101t\u0101 samazin\u0101s ra\u017ea un apgr\u016btina pa\u0161u ra\u017eas nov\u0101k\u0161anas procesu. Ar\u012b v\u0113la s\u0113ja, nez\u0101\u013cu veido\u0161an\u0101s un kait\u0113k\u013ci ir noz\u012bm\u012bga n\u0101kotnes ra\u017eas samazin\u0101\u0161anas sast\u0101vda\u013ca.<br \/>Lai atrisin\u0101tu da\u017eas no \u0161\u012bm probl\u0113m\u0101m, ir nepiecie\u0161ams izmantot augu aug\u0161anas regulatorus. \u0160ie produkti ietekm\u0113 da\u017e\u0101dus fiziolo\u0123iskos procesus, tostarp iztur\u012bbu pret veldr\u0113\u0161anos, sak\u0146u att\u012bst\u012bbu un visp\u0101r\u0113jo aug\u0161anu abiotisk\u0101 stresa apst\u0101k\u013cos. Pareiza AAR lieto\u0161ana ir b\u016btiska, lai palielin\u0101tu ziemas mie\u017eu produktivit\u0101ti, un t\u0101 kalpo k\u0101 apdro\u0161in\u0101\u0161ana lauksaimniekiem.<\/p>\n<img loading=\"lazy\" decoding=\"async\" class=\"alignnone wp-image-2611\" src=\"https:\/\/nufarm.com\/lv\/wp-content\/uploads\/sites\/60\/2025\/03\/Nufarm_AR-bandymu-foto_palyginimas-2-300x180.jpg\" alt=\"\" width=\"1358\" height=\"815\" srcset=\"https:\/\/cdn.nufarm.com\/wp-content\/uploads\/sites\/60\/2025\/03\/13180953\/Nufarm_AR-bandymu-foto_palyginimas-2-300x180.jpg 300w, https:\/\/cdn.nufarm.com\/wp-content\/uploads\/sites\/60\/2025\/03\/13180953\/Nufarm_AR-bandymu-foto_palyginimas-2-150x90.jpg 150w, https:\/\/cdn.nufarm.com\/wp-content\/uploads\/sites\/60\/2025\/03\/13180953\/Nufarm_AR-bandymu-foto_palyginimas-2-768x460.jpg 768w, https:\/\/cdn.nufarm.com\/wp-content\/uploads\/sites\/60\/2025\/03\/13180953\/Nufarm_AR-bandymu-foto_palyginimas-2-480x287.jpg 480w\" sizes=\"auto, (max-width: 1358px) 100vw, 1358px\" \/>\n<p>Kontroles lauks pa kreisi, tehnolo\u0123ija ar aug\u0161anas regulatoriem pa labi.<\/p>\n<img loading=\"lazy\" decoding=\"async\" class=\"alignnone wp-image-2612\" src=\"https:\/\/nufarm.com\/lv\/wp-content\/uploads\/sites\/60\/2025\/03\/Mieziai-efektyvumas_lentele_LV-300x123.jpg\" alt=\"\" width=\"1344\" height=\"551\" srcset=\"https:\/\/cdn.nufarm.com\/wp-content\/uploads\/sites\/60\/2025\/03\/13181042\/Mieziai-efektyvumas_lentele_LV-300x123.jpg 300w, https:\/\/cdn.nufarm.com\/wp-content\/uploads\/sites\/60\/2025\/03\/13181042\/Mieziai-efektyvumas_lentele_LV-1024x419.jpg 1024w, https:\/\/cdn.nufarm.com\/wp-content\/uploads\/sites\/60\/2025\/03\/13181042\/Mieziai-efektyvumas_lentele_LV-150x61.jpg 150w, https:\/\/cdn.nufarm.com\/wp-content\/uploads\/sites\/60\/2025\/03\/13181042\/Mieziai-efektyvumas_lentele_LV-768x314.jpg 768w, https:\/\/cdn.nufarm.com\/wp-content\/uploads\/sites\/60\/2025\/03\/13181042\/Mieziai-efektyvumas_lentele_LV-1200x491.jpg 1200w, https:\/\/cdn.nufarm.com\/wp-content\/uploads\/sites\/60\/2025\/03\/13181042\/Mieziai-efektyvumas_lentele_LV-480x196.jpg 480w, https:\/\/cdn.nufarm.com\/wp-content\/uploads\/sites\/60\/2025\/03\/13181042\/Mieziai-efektyvumas_lentele_LV.jpg 1500w\" sizes=\"auto, (max-width: 1344px) 100vw, 1344px\" \/>\n<h4><img loading=\"lazy\" decoding=\"async\" class=\"alignnone wp-image-2613\" src=\"https:\/\/nufarm.com\/lv\/wp-content\/uploads\/sites\/60\/2025\/03\/Mieziai-efektyvumas_grafikas_LV-300x168.jpg\" alt=\"\" width=\"1339\" height=\"750\" srcset=\"https:\/\/cdn.nufarm.com\/wp-content\/uploads\/sites\/60\/2025\/03\/13181108\/Mieziai-efektyvumas_grafikas_LV-300x168.jpg 300w, https:\/\/cdn.nufarm.com\/wp-content\/uploads\/sites\/60\/2025\/03\/13181108\/Mieziai-efektyvumas_grafikas_LV-1024x573.jpg 1024w, https:\/\/cdn.nufarm.com\/wp-content\/uploads\/sites\/60\/2025\/03\/13181108\/Mieziai-efektyvumas_grafikas_LV-150x84.jpg 150w, https:\/\/cdn.nufarm.com\/wp-content\/uploads\/sites\/60\/2025\/03\/13181108\/Mieziai-efektyvumas_grafikas_LV-768x430.jpg 768w, https:\/\/cdn.nufarm.com\/wp-content\/uploads\/sites\/60\/2025\/03\/13181108\/Mieziai-efektyvumas_grafikas_LV-1200x672.jpg 1200w, https:\/\/cdn.nufarm.com\/wp-content\/uploads\/sites\/60\/2025\/03\/13181108\/Mieziai-efektyvumas_grafikas_LV-480x269.jpg 480w, https:\/\/cdn.nufarm.com\/wp-content\/uploads\/sites\/60\/2025\/03\/13181108\/Mieziai-efektyvumas_grafikas_LV.jpg 1500w\" sizes=\"auto, (max-width: 1339px) 100vw, 1339px\" \/><\/h4>\n<h4>Var secin\u0101t, ka Nufarm tehnolo\u0123ija dod lab\u0101kus rezult\u0101tus augu sa\u012bsin\u0101\u0161an\u0101 sal\u012bdzin\u0101jum\u0101 ar citu uz\u0146\u0113mumu risin\u0101jumiem. Visefekt\u012bv\u0101kais ir tre\u0161ais variants. T\u0101 ir Nufarm tehnolo\u0123ija ar Optimus un Camposan Extra mais\u012bjumu, kur at\u0161\u0137ir\u012bba sal\u012bdzin\u0101jum\u0101 ar kontroli ir 14,43 cm.<br \/>Svar\u012bgi piemin\u0113t, ka Nufarm tehnolo\u0123ijas uzr\u0101da ne tikai efekt\u012bv\u0101ku produktu darb\u012bbu, bet ar\u012b zem\u0101kas graudaugu audz\u0113\u0161anas izmaksas. Nufarm tehnolo\u0123iju izmaksas sv\u0101rst\u0101s no 19,75 EUR\/ha l\u012bdz 20,50 EUR\/ha.<\/h4>\n<img loading=\"lazy\" decoding=\"async\" class=\"alignnone wp-image-2614\" src=\"https:\/\/nufarm.com\/lv\/wp-content\/uploads\/sites\/60\/2025\/03\/Mieziai-derlingumas_lentele_LV-300x123.jpg\" alt=\"\" width=\"1339\" height=\"549\" srcset=\"https:\/\/cdn.nufarm.com\/wp-content\/uploads\/sites\/60\/2025\/03\/13181150\/Mieziai-derlingumas_lentele_LV-300x123.jpg 300w, https:\/\/cdn.nufarm.com\/wp-content\/uploads\/sites\/60\/2025\/03\/13181150\/Mieziai-derlingumas_lentele_LV-1024x419.jpg 1024w, https:\/\/cdn.nufarm.com\/wp-content\/uploads\/sites\/60\/2025\/03\/13181150\/Mieziai-derlingumas_lentele_LV-150x61.jpg 150w, https:\/\/cdn.nufarm.com\/wp-content\/uploads\/sites\/60\/2025\/03\/13181150\/Mieziai-derlingumas_lentele_LV-768x314.jpg 768w, https:\/\/cdn.nufarm.com\/wp-content\/uploads\/sites\/60\/2025\/03\/13181150\/Mieziai-derlingumas_lentele_LV-1200x491.jpg 1200w, https:\/\/cdn.nufarm.com\/wp-content\/uploads\/sites\/60\/2025\/03\/13181150\/Mieziai-derlingumas_lentele_LV-480x196.jpg 480w, https:\/\/cdn.nufarm.com\/wp-content\/uploads\/sites\/60\/2025\/03\/13181150\/Mieziai-derlingumas_lentele_LV.jpg 1500w\" sizes=\"auto, (max-width: 1339px) 100vw, 1339px\" \/>\n<img loading=\"lazy\" decoding=\"async\" class=\"alignnone wp-image-2615\" src=\"https:\/\/nufarm.com\/lv\/wp-content\/uploads\/sites\/60\/2025\/03\/Mieziai-derlingumas_grafikas_LV-300x168.jpg\" alt=\"\" width=\"1336\" height=\"748\" srcset=\"https:\/\/cdn.nufarm.com\/wp-content\/uploads\/sites\/60\/2025\/03\/13181214\/Mieziai-derlingumas_grafikas_LV-300x168.jpg 300w, https:\/\/cdn.nufarm.com\/wp-content\/uploads\/sites\/60\/2025\/03\/13181214\/Mieziai-derlingumas_grafikas_LV-1024x573.jpg 1024w, https:\/\/cdn.nufarm.com\/wp-content\/uploads\/sites\/60\/2025\/03\/13181214\/Mieziai-derlingumas_grafikas_LV-150x84.jpg 150w, https:\/\/cdn.nufarm.com\/wp-content\/uploads\/sites\/60\/2025\/03\/13181214\/Mieziai-derlingumas_grafikas_LV-768x430.jpg 768w, https:\/\/cdn.nufarm.com\/wp-content\/uploads\/sites\/60\/2025\/03\/13181214\/Mieziai-derlingumas_grafikas_LV-1200x672.jpg 1200w, https:\/\/cdn.nufarm.com\/wp-content\/uploads\/sites\/60\/2025\/03\/13181214\/Mieziai-derlingumas_grafikas_LV-480x269.jpg 480w, https:\/\/cdn.nufarm.com\/wp-content\/uploads\/sites\/60\/2025\/03\/13181214\/Mieziai-derlingumas_grafikas_LV.jpg 1500w\" sizes=\"auto, (max-width: 1336px) 100vw, 1336px\" \/>\n<h4>Secin\u0101jumi:<\/h4>\n<h4>No ab\u0101m diagramm\u0101m redzams, ka Nufarm p\u0113t\u012bt\u0101s aug\u0161anas regulatoru tehnolo\u0123ijas ar Optimus un Camposan Extra ne tikai uzr\u0101da labus rezult\u0101tus izm\u0113\u0123in\u0101jumu datos, bet ar\u012b pied\u0101v\u0101 iesp\u0113ju samazin\u0101t izmaksas graudaugu audz\u0113\u0161an\u0101.<br \/>Saska\u0146\u0101 ar LAAPC un LAMMC p\u0113t\u012bjumiem \u0161is augu aug\u0161anas regulatoru mais\u012bjums p\u0101rsp\u0113j citus tirg\u016b pieejamos risin\u0101jumus veldres notur\u012bbas un ra\u017eas aizsardz\u012bbas zi\u0146\u0101.<\/h4>\n<img loading=\"lazy\" decoding=\"async\" class=\"alignnone wp-image-2616\" src=\"https:\/\/nufarm.com\/lv\/wp-content\/uploads\/sites\/60\/2025\/03\/Mieziai_bandymai_LV_web-300x168.jpg\" alt=\"\" width=\"1352\" height=\"757\" srcset=\"https:\/\/cdn.nufarm.com\/wp-content\/uploads\/sites\/60\/2025\/03\/13181326\/Mieziai_bandymai_LV_web-300x168.jpg 300w, https:\/\/cdn.nufarm.com\/wp-content\/uploads\/sites\/60\/2025\/03\/13181326\/Mieziai_bandymai_LV_web-1024x573.jpg 1024w, https:\/\/cdn.nufarm.com\/wp-content\/uploads\/sites\/60\/2025\/03\/13181326\/Mieziai_bandymai_LV_web-150x84.jpg 150w, https:\/\/cdn.nufarm.com\/wp-content\/uploads\/sites\/60\/2025\/03\/13181326\/Mieziai_bandymai_LV_web-768x430.jpg 768w, https:\/\/cdn.nufarm.com\/wp-content\/uploads\/sites\/60\/2025\/03\/13181326\/Mieziai_bandymai_LV_web-480x269.jpg 480w, https:\/\/cdn.nufarm.com\/wp-content\/uploads\/sites\/60\/2025\/03\/13181326\/Mieziai_bandymai_LV_web.jpg 1200w\" sizes=\"auto, (max-width: 1352px) 100vw, 1352px\" \/>\n<p style=\"text-align: center\">LAMMC izm\u0113\u0123in\u0101juma lauka vizu\u0101lais nov\u0113rt\u0113jums 2024. gad\u0101<\/p>\n<h4>K\u0101 augu aug\u0161anas regulatori darbojas graudaugu kult\u016br\u0101s un k\u0101das ir to priek\u0161roc\u012bbas?<\/h4>\n<p>&#8211; Etil-trineksapaks ir Optimus sast\u0101v\u0101 eso\u0161\u0101 darb\u012bg\u0101 viela &#8211; regul\u0113 giberel\u012bnu veido\u0161anos aug\u0101, un tam ir elast\u012bga pielieto\u0161ana no stubl\u0101ja pagarin\u0101\u0161an\u0101s s\u0101kuma l\u012bdz karoglapas par\u0101d\u012b\u0161an\u0101s stadijai. Optimus tie\u0161i ietekm\u0113 auga apak\u0161\u0113jo starpmezglu regul\u0113\u0161anu, stubl\u0101ja sieni\u0146u stipr\u012bbu un lab\u0101ku sak\u0146u sist\u0113mas att\u012bst\u012bbu.<br \/>&#8211; Etefons ir Camposan Extra, vien\u012bg\u0101 darb\u012bg\u0101 viela, kas regul\u0113 auks\u012bna hormonu, kur\u0161 \u0161\u016bnu audos izdala etil\u0113nu, k\u0101 rezult\u0101t\u0101 samazin\u0101s \u0161\u016bnu pagarin\u0101\u0161an\u0101s un regul\u0113 stubl\u0101ja garumu, sa\u012bsinot aug\u0161\u0113jos starpmezglus. Optim\u0101la lieto\u0161anas laiks ir no stiebro\u0161ana l\u012bdz att\u012bst\u012btas karoglapas stadijai.<\/p>\n<h4>Mie\u017eu audz\u0113\u0161ana prasa daudz zin\u0101\u0161anu un pieredzes<\/h4>\n<p>Lai gan ziemas mie\u017eiem ne vienm\u0113r draud veldre, aug\u0161anas regulatoru izmanto\u0161anas priek\u0161roc\u012bbas ir pla\u0161\u0101kas nek\u0101 tikai \u0161\u012b konkr\u0113t\u0101 probl\u0113ma. Maz\u0101ka augu masa, ko pan\u0101k, izmantojot aug\u0161anas regulatorus, sniedz netie\u0161as priek\u0161roc\u012bbas, piem\u0113ram, efekt\u012bv\u0101ku ra\u017eas nov\u0101k\u0161anu un lab\u0101ku augsnes sagatavo\u0161anas iesp\u0113jas. \u0160os ieguvumus var b\u016bt gr\u016bti tie\u0161i izm\u0113r\u012bt, ta\u010du tiem ir b\u016btiska noz\u012bme laika un darbasp\u0113ka taup\u012b\u0161an\u0101 un galu gal\u0101 ilgtsp\u0113j\u012bg\u0101kas un rentabl\u0101kas lauksaimniec\u012bbas darb\u012bbas veicin\u0101\u0161an\u0101.<br \/>Apkopojot p\u0113t\u012bjuma rezult\u0101tus, ir v\u0113rts ieteikt, ka, mekl\u0113jot optim\u0101lu l\u012bdzsvaru starp ieguld\u012bjumiem un produkta efektivit\u0101ti, ir v\u0113rts izv\u0113l\u0113ties Nufarm izp\u0113t\u012bt\u0101s un atlas\u012bt\u0101s aug\u0161anas regulatoru smidzin\u0101\u0161anas sh\u0113mas, kas ir vispiem\u0113rot\u0101k\u0101s m\u016bsu klimatiskajiem apst\u0101k\u013ciem.<\/p>\n<img loading=\"lazy\" decoding=\"async\" class=\"alignnone wp-image-2617\" src=\"https:\/\/nufarm.com\/lv\/wp-content\/uploads\/sites\/60\/2025\/03\/Nufarm_BBCH-mieziai_LV-300x168.jpg\" alt=\"\" width=\"1345\" height=\"753\" srcset=\"https:\/\/cdn.nufarm.com\/wp-content\/uploads\/sites\/60\/2025\/03\/13181519\/Nufarm_BBCH-mieziai_LV-300x168.jpg 300w, https:\/\/cdn.nufarm.com\/wp-content\/uploads\/sites\/60\/2025\/03\/13181519\/Nufarm_BBCH-mieziai_LV-1024x573.jpg 1024w, https:\/\/cdn.nufarm.com\/wp-content\/uploads\/sites\/60\/2025\/03\/13181519\/Nufarm_BBCH-mieziai_LV-150x84.jpg 150w, https:\/\/cdn.nufarm.com\/wp-content\/uploads\/sites\/60\/2025\/03\/13181519\/Nufarm_BBCH-mieziai_LV-768x430.jpg 768w, https:\/\/cdn.nufarm.com\/wp-content\/uploads\/sites\/60\/2025\/03\/13181519\/Nufarm_BBCH-mieziai_LV-1200x672.jpg 1200w, https:\/\/cdn.nufarm.com\/wp-content\/uploads\/sites\/60\/2025\/03\/13181519\/Nufarm_BBCH-mieziai_LV-480x269.jpg 480w, https:\/\/cdn.nufarm.com\/wp-content\/uploads\/sites\/60\/2025\/03\/13181519\/Nufarm_BBCH-mieziai_LV.jpg 1500w\" sizes=\"auto, (max-width: 1345px) 100vw, 1345px\" \/>\n","protected":false},"excerpt":{"rendered":"<p>Iepriek\u0161\u0113j\u0101 rakst\u0101 m\u0113s anliz\u0113j\u0101m augu aug\u0161anas regulatoru (AAR) noz\u012bmi ziemas kvie\u0161os, apl\u016bkojot to efektivit\u0101ti un da\u017e\u0101du lieto\u0161anas sh\u0113mu rentabilit\u0101ti. P\u0113t\u012bjumos ir ieg\u016bti pier\u0101d\u012bjumi tam, ka \u0161ie produkti pal\u012bdz optimiz\u0113t kult\u016braugu aug\u0161anu, uzlabot ra\u017eas un nodro\u0161in\u0101t ieguld\u012bjumu atdevi noteiktos apst\u0101k\u013cos. Tagad piev\u0113rs\u012bsimies ziemas mie\u017eiem, padzi\u013cin\u0101ti p\u0113tot aug\u0161anas regulatoru izmanto\u0161anu un to priek\u0161roc\u012bbas mie\u017eu audz\u0113\u0161an\u0101.Nufarm jau vair\u0101kus &#8230;<\/p>\n","protected":false},"author":203,"featured_media":0,"parent":0,"menu_order":0,"comment_status":"closed","ping_status":"closed","template":"","meta":{"_acf_changed":false,"ep_exclude_from_search":false,"footnotes":""},"class_list":["post-2619","page","type-page","status-publish","hentry"],"acf":[],"_links":{"self":[{"href":"https:\/\/2024.nufarm.com.au\/lv\/wp-json\/wp\/v2\/pages\/2619","targetHints":{"allow":["GET"]}}],"collection":[{"href":"https:\/\/2024.nufarm.com.au\/lv\/wp-json\/wp\/v2\/pages"}],"about":[{"href":"https:\/\/2024.nufarm.com.au\/lv\/wp-json\/wp\/v2\/types\/page"}],"author":[{"embeddable":true,"href":"https:\/\/2024.nufarm.com.au\/lv\/wp-json\/wp\/v2\/users\/203"}],"replies":[{"embeddable":true,"href":"https:\/\/2024.nufarm.com.au\/lv\/wp-json\/wp\/v2\/comments?post=2619"}],"version-history":[{"count":6,"href":"https:\/\/2024.nufarm.com.au\/lv\/wp-json\/wp\/v2\/pages\/2619\/revisions"}],"predecessor-version":[{"id":2744,"href":"https:\/\/2024.nufarm.com.au\/lv\/wp-json\/wp\/v2\/pages\/2619\/revisions\/2744"}],"wp:attachment":[{"href":"https:\/\/2024.nufarm.com.au\/lv\/wp-json\/wp\/v2\/media?parent=2619"}],"curies":[{"name":"wp","href":"https:\/\/api.w.org\/{rel}","templated":true}]}}