
{"id":2582,"date":"2025-01-28T19:13:04","date_gmt":"2025-01-28T17:13:04","guid":{"rendered":"https:\/\/nufarm.com\/lv\/?page_id=2582"},"modified":"2025-01-28T19:15:11","modified_gmt":"2025-01-28T17:15:11","slug":"augsanas-regulatoru-lietosanas-ieteikumi","status":"publish","type":"page","link":"https:\/\/2024.nufarm.com.au\/lv\/augsanas-regulatoru-lietosanas-ieteikumi\/","title":{"rendered":"Aug\u0161anas regulatoru lieto\u0161anas ieteikumi"},"content":{"rendered":"<p><strong>Aug\u0161anas regulatori vienm\u0113r rada vair\u0101kus jaut\u0101jumus: smidzin\u0101t vai v\u0113l nesmidzin\u0101t, ko lietot un cik daudz ieguld\u012bt? Atbilde parasti ir saist\u012bta ar izv\u0113l\u0113t\u0101s tehnolo\u0123ijas izmaks\u0101m uz vienu hekt\u0101ru un sagaid\u0101mo papildu ieguvumu<\/strong>.<\/p>\n<p><strong>N\u0101kas risin\u0101t gan eso\u0161\u0101s, gan neparedzam\u0101s probl\u0113mas<\/strong><\/p>\n<p>Vides apst\u0101k\u013ci un kvie\u0161u \u0161\u0137irnes izv\u0113le b\u016btiski ietekm\u0113 s\u0113jumu veldr\u0113\u0161anos. Stiprs v\u0113j\u0161 un lietavas var izrais\u012bt kvie\u0161u sakri\u0161anu veldr\u0113, \u012bpa\u0161i rakstur\u012bgi augst\u0101k\u0101m kvie\u0161u \u0161\u0137irn\u0113m vai \u0161\u0137irn\u0113m ar v\u0101ju stiebra strukt\u016bru.<br \/>\nLiel\u0101ku sl\u0101pek\u013ca (N) devu lieto\u0161ana vai papildu m\u0113slo\u0161ana ar organisko sl\u0101pekli tie\u0161i ietekm\u0113 intens\u012bvu aug\u0161anu, k\u0101 rezult\u0101t\u0101 pagarin\u0101s (izstiepjas) auga \u0161\u016bnas, kas savuk\u0101rt samazina stiebra iztur\u012bbu v\u0113jainos apst\u0101k\u013cos.<br \/>\nAr\u012b bl\u012bvs s\u0113jums var palielin\u0101t veldr\u0113\u0161an\u0101s iesp\u0113jam\u012bbu, jo augi b\u016bs ar v\u0101j\u0101kiem stiebriem un augst\u0101ki.<br \/>\nAug\u0161anas regulatoru lieto\u0161ana graudaugu kult\u016br\u0101s bie\u017ei tiek uzskat\u012bta par \u201cs\u0113jumu apdro\u0161in\u0101\u0161anas polisi\u201d, kas samazin\u0101s lab\u012bbas veldr\u0113\u0161an\u0101s risku un ar to saist\u012btos ra\u017eas, kvalit\u0101tes un laika zudumus. \u0160\u012bs tehnolo\u0123ijas var b\u016bt efekt\u012bvas un ekonomiski pamatotas, ja pareizi tiek izv\u0113l\u0113ts smidzin\u0101\u0161anas laiks un produkti.<\/p>\n<h4>Kombin\u0113jot divu smidzin\u0101jumu aug\u0161anas regulatoru tehnolo\u0123iju, izmaksas uz hekt\u0101ru saimniec\u012bbai var sasniegt 16 EUR\/ha<\/h4>\n<p>Uz\u0146\u0113mums \u201cNufarm\u201d jau vair\u0101kus gadus Lietuvas Lauksaimniec\u012bbas un me\u017ea zin\u0101t\u0146u centr\u0101 (LLMZC) un sadarb\u012bb\u0101 ar Latvijas Augu aizsardz\u012bbas p\u0113tniec\u012bbas centru (LAAPC) veic p\u0113t\u012bjumus par aug\u0161anas regulatoru izmanto\u0161anu ziemas kvie\u0161os, lai sal\u012bdzin\u0101tu savu produktu efektivit\u0101ti un to ietekmi uz augu aug\u0161anu un ra\u017e\u012bbu.<br \/>\nP\u0113t\u012bjum\u0101 izmantoti aug\u0161anas regulatori, ko ra\u017eo uz\u0146\u0113mums \u201cNufarm\u201d:<\/p>\n<ul>\n<li><strong>Stabilan \u2013 hlormekv\u0101ta hlor\u012bds 750 g\/l,<\/strong><\/li>\n<li><strong>Optimus \u2013 etil-trineksapaks 175 g\/l,<\/strong><\/li>\n<li><strong>Camposan Extra \u2013 etefons 660 g\/l.<\/strong><\/li>\n<\/ul>\n<p>Tehnolo\u0123iju sal\u012bdzin\u0101jumam izmantoti tirg\u016b pieejamie produkti:<\/p>\n<ul>\n<li>Cycocel 750 \u2013 hlormekv\u0101ta hlor\u012bds 750 g\/l,<\/li>\n<li>Medax Max \u2013 etil-trineksapaks 50 g\/kg + kalcija proheksadions 50 g\/kg,<\/li>\n<li>Moddus 250 EC \u2013 etil-trineksapaks 250 g\/l (EC),<\/li>\n<li>Moddus Start \u2013 etil-trineksapaks 250 g\/l (DC),<\/li>\n<li>Terpal \u2013 mepikv\u0101ta hlor\u012bds 305 g\/l + etefons 155 g\/l.<\/li>\n<\/ul>\n<p>P\u0113t\u012bjumiem izv\u0113l\u0113ta ziemas kvie\u0161u \u0161\u0137irne &#8216;Skagen&#8217;.<\/p>\n<img loading=\"lazy\" decoding=\"async\" class=\"alignnone wp-image-2583\" src=\"https:\/\/nufarm.com\/lv\/wp-content\/uploads\/sites\/60\/2025\/01\/Foto1-300x136.jpg\" alt=\"\" width=\"1140\" height=\"517\" srcset=\"https:\/\/cdn.nufarm.com\/wp-content\/uploads\/sites\/60\/2025\/01\/28184854\/Foto1-300x136.jpg 300w, https:\/\/cdn.nufarm.com\/wp-content\/uploads\/sites\/60\/2025\/01\/28184854\/Foto1-1024x464.jpg 1024w, https:\/\/cdn.nufarm.com\/wp-content\/uploads\/sites\/60\/2025\/01\/28184854\/Foto1-150x68.jpg 150w, https:\/\/cdn.nufarm.com\/wp-content\/uploads\/sites\/60\/2025\/01\/28184854\/Foto1-768x348.jpg 768w, https:\/\/cdn.nufarm.com\/wp-content\/uploads\/sites\/60\/2025\/01\/28184854\/Foto1-1200x544.jpg 1200w, https:\/\/cdn.nufarm.com\/wp-content\/uploads\/sites\/60\/2025\/01\/28184854\/Foto1-480x218.jpg 480w, https:\/\/cdn.nufarm.com\/wp-content\/uploads\/sites\/60\/2025\/01\/28184854\/Foto1.jpg 1500w\" sizes=\"auto, (max-width: 1140px) 100vw, 1140px\" \/>\n<p style=\"text-align: center\">LLMZC izm\u0113\u0123in\u0101jumu lauku vizu\u0101lais nov\u0113rt\u0113jums 2024.&nbsp;gada 30.&nbsp;maij\u0101<\/p>\n<img loading=\"lazy\" decoding=\"async\" class=\"alignnone wp-image-2585\" src=\"https:\/\/nufarm.com\/lv\/wp-content\/uploads\/sites\/60\/2025\/01\/Lentele_stiebo-ilgis_LV-300x168.jpg\" alt=\"\" width=\"1175\" height=\"658\" srcset=\"https:\/\/cdn.nufarm.com\/wp-content\/uploads\/sites\/60\/2025\/01\/28185154\/Lentele_stiebo-ilgis_LV-300x168.jpg 300w, https:\/\/cdn.nufarm.com\/wp-content\/uploads\/sites\/60\/2025\/01\/28185154\/Lentele_stiebo-ilgis_LV-1024x573.jpg 1024w, https:\/\/cdn.nufarm.com\/wp-content\/uploads\/sites\/60\/2025\/01\/28185154\/Lentele_stiebo-ilgis_LV-150x84.jpg 150w, https:\/\/cdn.nufarm.com\/wp-content\/uploads\/sites\/60\/2025\/01\/28185154\/Lentele_stiebo-ilgis_LV-768x430.jpg 768w, https:\/\/cdn.nufarm.com\/wp-content\/uploads\/sites\/60\/2025\/01\/28185154\/Lentele_stiebo-ilgis_LV-1200x672.jpg 1200w, https:\/\/cdn.nufarm.com\/wp-content\/uploads\/sites\/60\/2025\/01\/28185154\/Lentele_stiebo-ilgis_LV-480x269.jpg 480w, https:\/\/cdn.nufarm.com\/wp-content\/uploads\/sites\/60\/2025\/01\/28185154\/Lentele_stiebo-ilgis_LV.jpg 1500w\" sizes=\"auto, (max-width: 1175px) 100vw, 1175px\" \/>\n<img loading=\"lazy\" decoding=\"async\" class=\"alignnone wp-image-2586\" src=\"https:\/\/nufarm.com\/lv\/wp-content\/uploads\/sites\/60\/2025\/01\/Grafikas_Stiebo-ilgis_LV-300x168.jpg\" alt=\"\" width=\"1243\" height=\"696\" srcset=\"https:\/\/cdn.nufarm.com\/wp-content\/uploads\/sites\/60\/2025\/01\/28185230\/Grafikas_Stiebo-ilgis_LV-300x168.jpg 300w, https:\/\/cdn.nufarm.com\/wp-content\/uploads\/sites\/60\/2025\/01\/28185230\/Grafikas_Stiebo-ilgis_LV-1024x573.jpg 1024w, https:\/\/cdn.nufarm.com\/wp-content\/uploads\/sites\/60\/2025\/01\/28185230\/Grafikas_Stiebo-ilgis_LV-150x84.jpg 150w, https:\/\/cdn.nufarm.com\/wp-content\/uploads\/sites\/60\/2025\/01\/28185230\/Grafikas_Stiebo-ilgis_LV-768x430.jpg 768w, https:\/\/cdn.nufarm.com\/wp-content\/uploads\/sites\/60\/2025\/01\/28185230\/Grafikas_Stiebo-ilgis_LV-1200x672.jpg 1200w, https:\/\/cdn.nufarm.com\/wp-content\/uploads\/sites\/60\/2025\/01\/28185230\/Grafikas_Stiebo-ilgis_LV-480x269.jpg 480w, https:\/\/cdn.nufarm.com\/wp-content\/uploads\/sites\/60\/2025\/01\/28185230\/Grafikas_Stiebo-ilgis_LV.jpg 1500w\" sizes=\"auto, (max-width: 1243px) 100vw, 1243px\" \/>\n<h4><strong>Secin\u0101jumi<\/strong><br \/>\nPamatojoties uz piecu gadu p\u0113t\u012bjumu datiem, ir apstiprin\u0101ts, ka 4. un 6. variant\u0101 izmantot\u0101s divu un tr\u012bs smidzin\u0101jumu tehnolo\u0123ijas rada optim\u0101lu attiec\u012bbu starp ieguld\u012bjumiem (15,98 un 19,13 EUR\/ha) un produktu efektivit\u0101ti, v\u0113rt\u0113jot produktu iedarb\u012bbu uz augu garumu (82,88 un 81,51 cm).<\/h4>\n<img loading=\"lazy\" decoding=\"async\" class=\"alignnone wp-image-2587\" src=\"https:\/\/nufarm.com\/lv\/wp-content\/uploads\/sites\/60\/2025\/01\/Lentele_derlingumas_LV-300x168.jpg\" alt=\"\" width=\"1327\" height=\"743\" srcset=\"https:\/\/cdn.nufarm.com\/wp-content\/uploads\/sites\/60\/2025\/01\/28185341\/Lentele_derlingumas_LV-300x168.jpg 300w, https:\/\/cdn.nufarm.com\/wp-content\/uploads\/sites\/60\/2025\/01\/28185341\/Lentele_derlingumas_LV-1024x573.jpg 1024w, https:\/\/cdn.nufarm.com\/wp-content\/uploads\/sites\/60\/2025\/01\/28185341\/Lentele_derlingumas_LV-150x84.jpg 150w, https:\/\/cdn.nufarm.com\/wp-content\/uploads\/sites\/60\/2025\/01\/28185341\/Lentele_derlingumas_LV-768x430.jpg 768w, https:\/\/cdn.nufarm.com\/wp-content\/uploads\/sites\/60\/2025\/01\/28185341\/Lentele_derlingumas_LV-1200x672.jpg 1200w, https:\/\/cdn.nufarm.com\/wp-content\/uploads\/sites\/60\/2025\/01\/28185341\/Lentele_derlingumas_LV-480x269.jpg 480w, https:\/\/cdn.nufarm.com\/wp-content\/uploads\/sites\/60\/2025\/01\/28185341\/Lentele_derlingumas_LV.jpg 1500w\" sizes=\"auto, (max-width: 1327px) 100vw, 1327px\" \/>\n<img loading=\"lazy\" decoding=\"async\" class=\"alignnone wp-image-2588\" src=\"https:\/\/nufarm.com\/lv\/wp-content\/uploads\/sites\/60\/2025\/01\/Grafikas_derlingumas_LV-300x168.jpg\" alt=\"\" width=\"1237\" height=\"693\" srcset=\"https:\/\/cdn.nufarm.com\/wp-content\/uploads\/sites\/60\/2025\/01\/28185409\/Grafikas_derlingumas_LV-300x168.jpg 300w, https:\/\/cdn.nufarm.com\/wp-content\/uploads\/sites\/60\/2025\/01\/28185409\/Grafikas_derlingumas_LV-1024x573.jpg 1024w, https:\/\/cdn.nufarm.com\/wp-content\/uploads\/sites\/60\/2025\/01\/28185409\/Grafikas_derlingumas_LV-150x84.jpg 150w, https:\/\/cdn.nufarm.com\/wp-content\/uploads\/sites\/60\/2025\/01\/28185409\/Grafikas_derlingumas_LV-768x430.jpg 768w, https:\/\/cdn.nufarm.com\/wp-content\/uploads\/sites\/60\/2025\/01\/28185409\/Grafikas_derlingumas_LV-1200x672.jpg 1200w, https:\/\/cdn.nufarm.com\/wp-content\/uploads\/sites\/60\/2025\/01\/28185409\/Grafikas_derlingumas_LV-480x269.jpg 480w, https:\/\/cdn.nufarm.com\/wp-content\/uploads\/sites\/60\/2025\/01\/28185409\/Grafikas_derlingumas_LV.jpg 1500w\" sizes=\"auto, (max-width: 1237px) 100vw, 1237px\" \/>\n<h4><strong>Secin\u0101jumi<\/strong><br \/>\nP\u0113c piecu gadu p\u0113t\u012bjumu datu anal\u012bzes var secin\u0101t, ka aug\u0161anas regulatoru lieto\u0161ana ziemas kvie\u0161u s\u0113jumos pozit\u012bvi ietekm\u0113 ra\u017e\u012bbu pat t\u0101d\u0101 sezon\u0101, kad netiek nov\u0113rota s\u0113jumu veldr\u0113\u0161an\u0101s. Ar divu un tr\u012bs smidzin\u0101jumu tehnolo\u0123iju ieg\u016bst optim\u0101lu ra\u017eas (7,82 t\/ha un 7,87 t\/ha) un ieguld\u012bjumu attiec\u012bbu (15,98 EUR\/ha un 19,13 EUR\/ha), kas atspogu\u013cojas 4. un 6. tehnolo\u0123ijas variant\u0101.<\/h4>\n<h5><strong>K\u0101 augu aug\u0161anas regulatori darbojas graudaugu kult\u016br\u0101s un k\u0101ds ir ieguvums no tiem?<\/strong><\/h5>\n<ul>\n<li><strong>Hlormekv\u0101ta hlor\u012bds (<em>Stabilan <\/em>vai <em>CCC<\/em>) <\/strong>kav\u0113 giberel\u012bna veido\u0161anos agr\u012bn\u0101s stadij\u0101s, k\u0101 rezult\u0101t\u0101 samazin\u0101s augu augstums un stiebri k\u013c\u016bst biez\u0101ki. Efekt\u012bvs zem\u0101 temperat\u016br\u0101 un lietots no cero\u0161anas beig\u0101m \/ stiebro\u0161anas s\u0101kuma l\u012bdz otrajam starpmezglam.<\/li>\n<li><strong>Etil-trineksapaks<\/strong> <strong>(<em>Optimus<\/em>)<\/strong> regul\u0113 ar\u012b giberel\u012bna veido\u0161anos aug\u0101. To var lietot da\u017e\u0101di&nbsp;\u2013 no stiebro\u0161anas s\u0101kuma l\u012bdz karoglapas att\u012bst\u012bbas f\u0101zei. <em>Stabilan <\/em>un <em>Optimus<\/em> tie\u0161i ietekm\u0113 augu apak\u0161\u0113jo mezglu regul\u0113\u0161anu, nodro\u0161ina stiebra sieni\u0146u iztur\u012bbu un veicina lab\u0101ku sak\u0146u sist\u0113mas att\u012bst\u012bbu.<\/li>\n<li><strong>Etefons (<em>Camposan Extra<\/em>)<\/strong> ir <strong>vien\u012bg\u0101 darb\u012bg\u0101 viela<\/strong>, kas regul\u0113 auks\u012bnu hormonu, kur\u0161 \u0161\u016bnu audos izdala etil\u0113nu, samazinot \u0161\u016bnu pagarin\u0101\u0161anos, k\u0101 ar\u012b regul\u0113 stiebra garumu, sa\u012bsinot aug\u0161\u0113jos starpmezglus. Optim\u0101la lieto\u0161ana&nbsp;\u2013 no v\u0101rpo\u0161anas s\u0101kuma l\u012bdz karoglapas att\u012bst\u012bbas f\u0101zei.<\/li>\n<\/ul>\n<img loading=\"lazy\" decoding=\"async\" class=\"alignnone wp-image-2589\" src=\"https:\/\/nufarm.com\/lv\/wp-content\/uploads\/sites\/60\/2025\/01\/Foto2-300x136.jpg\" alt=\"\" width=\"1174\" height=\"532\" srcset=\"https:\/\/cdn.nufarm.com\/wp-content\/uploads\/sites\/60\/2025\/01\/28185549\/Foto2-300x136.jpg 300w, https:\/\/cdn.nufarm.com\/wp-content\/uploads\/sites\/60\/2025\/01\/28185549\/Foto2-1024x464.jpg 1024w, https:\/\/cdn.nufarm.com\/wp-content\/uploads\/sites\/60\/2025\/01\/28185549\/Foto2-150x68.jpg 150w, https:\/\/cdn.nufarm.com\/wp-content\/uploads\/sites\/60\/2025\/01\/28185549\/Foto2-768x348.jpg 768w, https:\/\/cdn.nufarm.com\/wp-content\/uploads\/sites\/60\/2025\/01\/28185549\/Foto2-1200x544.jpg 1200w, https:\/\/cdn.nufarm.com\/wp-content\/uploads\/sites\/60\/2025\/01\/28185549\/Foto2-480x218.jpg 480w, https:\/\/cdn.nufarm.com\/wp-content\/uploads\/sites\/60\/2025\/01\/28185549\/Foto2.jpg 1500w\" sizes=\"auto, (max-width: 1174px) 100vw, 1174px\" \/>\n<p style=\"text-align: center\">LLMZC izm\u0113\u0123in\u0101jumu lauku vizu\u0101lais nov\u0113rt\u0113jums 2024.&nbsp;gada 15.&nbsp;j\u016blij\u0101<\/p>\n<h5><strong>N\u0101kas b\u016bt racion\u0101lam optimistam<\/strong><\/h5>\n<p>Atbildi uz jaut\u0101jumu, smidzin\u0101t vai nesmidzin\u0101t kvie\u0161us ar aug\u0161anas regulatoriem, k\u0101dus produktus un smidzin\u0101\u0161anas sh\u0113mas izv\u0113l\u0113ties, sniedz savam laukam pareizi izv\u0113l\u0113ti risin\u0101jumi.<br \/>\nAug\u0161anas regulatoru tehnolo\u0123iju p\u0101rzin\u0101\u0161ana var pal\u012bdz\u0113t samazin\u0101t ra\u017eas zudumus. Analiz\u0113jot s\u0113juma st\u0101vokli no agra pavasara, vair\u0101kk\u0101rt lietojot aug\u0161anas regulatorus, palielin\u0101s iesp\u0113ja saska\u0146ot lieto\u0161anas laiku ar atbilst\u012bgiem aug\u0161anas apst\u0101k\u013ciem.<br \/>\nApkopojot p\u0113t\u012bjumu datus, var ieteikt: ja mekl\u0113jat optim\u0101lu l\u012bdzsvaru starp ieguld\u012bjumiem un produktu efektivit\u0101ti, ir v\u0113rts izv\u0113l\u0113ties uz\u0146\u0113muma \u201cNufarm\u201d izp\u0113t\u012bt\u0101s un atlas\u012bt\u0101s, m\u016bsu klimatiskajiem apst\u0101k\u013ciem piem\u0113rot\u0101k\u0101s aug\u0161anas regulatoru smidzin\u0101\u0161anas sh\u0113mas.<\/p>\n<img loading=\"lazy\" decoding=\"async\" class=\"alignnone wp-image-2590\" src=\"https:\/\/nufarm.com\/lv\/wp-content\/uploads\/sites\/60\/2025\/01\/BBCH_LV-300x168.jpg\" alt=\"\" width=\"1243\" height=\"696\" srcset=\"https:\/\/cdn.nufarm.com\/wp-content\/uploads\/sites\/60\/2025\/01\/28185656\/BBCH_LV-300x168.jpg 300w, https:\/\/cdn.nufarm.com\/wp-content\/uploads\/sites\/60\/2025\/01\/28185656\/BBCH_LV-1024x573.jpg 1024w, https:\/\/cdn.nufarm.com\/wp-content\/uploads\/sites\/60\/2025\/01\/28185656\/BBCH_LV-150x84.jpg 150w, https:\/\/cdn.nufarm.com\/wp-content\/uploads\/sites\/60\/2025\/01\/28185656\/BBCH_LV-768x430.jpg 768w, https:\/\/cdn.nufarm.com\/wp-content\/uploads\/sites\/60\/2025\/01\/28185656\/BBCH_LV-1200x672.jpg 1200w, https:\/\/cdn.nufarm.com\/wp-content\/uploads\/sites\/60\/2025\/01\/28185656\/BBCH_LV-480x269.jpg 480w, https:\/\/cdn.nufarm.com\/wp-content\/uploads\/sites\/60\/2025\/01\/28185656\/BBCH_LV.jpg 1500w\" sizes=\"auto, (max-width: 1243px) 100vw, 1243px\" \/>\n","protected":false},"excerpt":{"rendered":"<p>Aug\u0161anas regulatori vienm\u0113r rada vair\u0101kus jaut\u0101jumus: smidzin\u0101t vai v\u0113l nesmidzin\u0101t, ko lietot un cik daudz ieguld\u012bt? Atbilde parasti ir saist\u012bta ar izv\u0113l\u0113t\u0101s tehnolo\u0123ijas izmaks\u0101m uz vienu hekt\u0101ru un sagaid\u0101mo papildu ieguvumu. N\u0101kas risin\u0101t gan eso\u0161\u0101s, gan neparedzam\u0101s probl\u0113mas Vides apst\u0101k\u013ci un kvie\u0161u \u0161\u0137irnes izv\u0113le b\u016btiski ietekm\u0113 s\u0113jumu veldr\u0113\u0161anos. Stiprs v\u0113j\u0161 un lietavas var izrais\u012bt kvie\u0161u &#8230;<\/p>\n","protected":false},"author":203,"featured_media":0,"parent":0,"menu_order":0,"comment_status":"closed","ping_status":"closed","template":"","meta":{"_acf_changed":false,"ep_exclude_from_search":false,"footnotes":""},"class_list":["post-2582","page","type-page","status-publish","hentry"],"acf":[],"_links":{"self":[{"href":"https:\/\/2024.nufarm.com.au\/lv\/wp-json\/wp\/v2\/pages\/2582","targetHints":{"allow":["GET"]}}],"collection":[{"href":"https:\/\/2024.nufarm.com.au\/lv\/wp-json\/wp\/v2\/pages"}],"about":[{"href":"https:\/\/2024.nufarm.com.au\/lv\/wp-json\/wp\/v2\/types\/page"}],"author":[{"embeddable":true,"href":"https:\/\/2024.nufarm.com.au\/lv\/wp-json\/wp\/v2\/users\/203"}],"replies":[{"embeddable":true,"href":"https:\/\/2024.nufarm.com.au\/lv\/wp-json\/wp\/v2\/comments?post=2582"}],"version-history":[{"count":11,"href":"https:\/\/2024.nufarm.com.au\/lv\/wp-json\/wp\/v2\/pages\/2582\/revisions"}],"predecessor-version":[{"id":2653,"href":"https:\/\/2024.nufarm.com.au\/lv\/wp-json\/wp\/v2\/pages\/2582\/revisions\/2653"}],"wp:attachment":[{"href":"https:\/\/2024.nufarm.com.au\/lv\/wp-json\/wp\/v2\/media?parent=2582"}],"curies":[{"name":"wp","href":"https:\/\/api.w.org\/{rel}","templated":true}]}}