
{"id":2391,"date":"2025-02-28T22:28:07","date_gmt":"2025-02-28T11:28:07","guid":{"rendered":"https:\/\/nufarm.com\/lt\/?page_id=2391"},"modified":"2025-02-28T23:10:11","modified_gmt":"2025-02-28T12:10:11","slug":"technologija-mieziams","status":"publish","type":"page","link":"https:\/\/2024.nufarm.com.au\/lt\/technologija-mieziams\/","title":{"rendered":"Technologija mie\u017eiams"},"content":{"rendered":"<p>Norime atkreipti d\u0117mes\u012f \u012f \u017eieminius mie\u017eius ir gilinam\u0117s \u012f augimo reguliatori\u0173 naudojim\u0105, j\u0173 teikiamus privalumus auginant mie\u017eius.<br \/>\n\u201eNufarm\u201c kompanija jau kelerius metus Lietuvos agrarini\u0173 ir mi\u0161k\u0173 moksl\u0173 centre (LAMMC) tiria mie\u017ei\u0173 augimo reguliatori\u0173 naudojim\u0105, siekdama \u012fvertinti j\u0173 efektyvum\u0105 ir \u012ftak\u0105 augal\u0173 augimui ir derliui. Latvijoje analogi\u0161ki bandymai atliekami bendradarbiaujant su Latvijos augal\u0173 apsaugos tyrim\u0173 centru (LAAPC).<\/p>\n<p>Tyrimams naudoti kompanijos \u201eNufarm\u201c gaminami augimo reguliatoriai:<\/p>\n<ul>\n<li>Optimus \u2013 trineksapak-etilas 175 g\/l,<\/li>\n<li>Camposan Extra \u2013 etefonas 660 g\/l.<\/li>\n<\/ul>\n<p>Lyginant rinkoje esan\u010dias technologi- jas buvo naudojami \u0161ie produktai:<\/p>\n<ul>\n<li>trineksapak-etilas 75 g\/kg + kalcio proheksadionas 50 g\/kg,<\/li>\n<li>mepikvatchloridas 305 g\/l + etefonas 155 g,<\/li>\n<li>trineksapak-etilas 250 g\/l (DC).<\/li>\n<\/ul>\n<img loading=\"lazy\" decoding=\"async\" class=\"alignnone  wp-image-2399\" src=\"https:\/\/nufarm.com\/lt\/wp-content\/uploads\/sites\/59\/2025\/02\/Nufarm_AR-bandymu-foto_palyginimas-2-300x180.jpg\" alt=\"\" width=\"1432\" height=\"859\" srcset=\"https:\/\/cdn.nufarm.com\/wp-content\/uploads\/sites\/59\/2025\/02\/28225127\/Nufarm_AR-bandymu-foto_palyginimas-2-300x180.jpg 300w, https:\/\/cdn.nufarm.com\/wp-content\/uploads\/sites\/59\/2025\/02\/28225127\/Nufarm_AR-bandymu-foto_palyginimas-2-1024x613.jpg 1024w, https:\/\/cdn.nufarm.com\/wp-content\/uploads\/sites\/59\/2025\/02\/28225127\/Nufarm_AR-bandymu-foto_palyginimas-2-150x90.jpg 150w, https:\/\/cdn.nufarm.com\/wp-content\/uploads\/sites\/59\/2025\/02\/28225127\/Nufarm_AR-bandymu-foto_palyginimas-2-768x460.jpg 768w, https:\/\/cdn.nufarm.com\/wp-content\/uploads\/sites\/59\/2025\/02\/28225127\/Nufarm_AR-bandymu-foto_palyginimas-2-480x287.jpg 480w\" sizes=\"auto, (max-width: 1432px) 100vw, 1432px\" \/>\n<p>Kair\u0117je &#8211; kontrolis laukas, de\u0161in\u0117je &#8211;&nbsp; panaudota technologija su Camposan Extra.<\/p>\n<h4>\u017diemini\u0173 mie\u017ei\u0173 auginimo i\u0161\u0161\u016bkiai<\/h4>\n<p>\u017dieminiai mie\u017eiai (Hordeum vulgare L.) yra reik\u0161mingas jav\u0173 pas\u0117lis, pasi\u017eymintis unikaliais augimo aspektais (ankstyvas brendimas) ir specifiniais agrotechnikos reikalavimais, tod\u0117l, norint gauti optimal\u0173 derli\u0173, reikia atid\u017eiai pri\u017ei\u016br\u0117ti lauke taiko- mas technologijas.<br \/>\nPagrindiniai i\u0161\u0161\u016bkiai, auginant \u017eieminius mie\u017eius, gali b\u016bti vir\u0161utini\u0173 tarpubambli\u0173 nul\u016b\u017eimas, d\u0117l kuri\u0173 varpos nukrenta ant \u017eem\u0117s dar nepatekusios \u012f kombain\u0105 per javapj\u016bt\u0119. D\u0117l to suma\u017e\u0117ja derlius ir pasunkinamas pats derliaus nu\u0117mimas. V\u0117lyva s\u0117ja, pikt\u017eol\u0117tumas, kenk\u0117jai \u2013 irgi svarbi dalis, ma\u017einanti b\u016bsim\u0105 derli\u0173.<br \/>\nNorint i\u0161spr\u0119sti dal\u012f \u0161i\u0173 problem\u0173, b\u016btina naudoti augal\u0173 augimo reguliatorius.<\/p>\n<img loading=\"lazy\" decoding=\"async\" class=\"alignnone  wp-image-2400\" src=\"https:\/\/nufarm.com\/lt\/wp-content\/uploads\/sites\/59\/2025\/02\/Mieziai-efektyvumas_grafikas-300x168.jpg\" alt=\"\" width=\"1396\" height=\"782\" srcset=\"https:\/\/cdn.nufarm.com\/wp-content\/uploads\/sites\/59\/2025\/02\/28225415\/Mieziai-efektyvumas_grafikas-300x168.jpg 300w, https:\/\/cdn.nufarm.com\/wp-content\/uploads\/sites\/59\/2025\/02\/28225415\/Mieziai-efektyvumas_grafikas-1024x573.jpg 1024w, https:\/\/cdn.nufarm.com\/wp-content\/uploads\/sites\/59\/2025\/02\/28225415\/Mieziai-efektyvumas_grafikas-150x84.jpg 150w, https:\/\/cdn.nufarm.com\/wp-content\/uploads\/sites\/59\/2025\/02\/28225415\/Mieziai-efektyvumas_grafikas-768x430.jpg 768w, https:\/\/cdn.nufarm.com\/wp-content\/uploads\/sites\/59\/2025\/02\/28225415\/Mieziai-efektyvumas_grafikas-1200x672.jpg 1200w, https:\/\/cdn.nufarm.com\/wp-content\/uploads\/sites\/59\/2025\/02\/28225415\/Mieziai-efektyvumas_grafikas-480x269.jpg 480w, https:\/\/cdn.nufarm.com\/wp-content\/uploads\/sites\/59\/2025\/02\/28225415\/Mieziai-efektyvumas_grafikas.jpg 1500w\" sizes=\"auto, (max-width: 1396px) 100vw, 1396px\" \/>\n<img loading=\"lazy\" decoding=\"async\" class=\"alignnone  wp-image-2401\" src=\"https:\/\/nufarm.com\/lt\/wp-content\/uploads\/sites\/59\/2025\/02\/Mieziai-efektyvumas_lentele-300x123.jpg\" alt=\"\" width=\"1405\" height=\"576\" srcset=\"https:\/\/cdn.nufarm.com\/wp-content\/uploads\/sites\/59\/2025\/02\/28225435\/Mieziai-efektyvumas_lentele-300x123.jpg 300w, https:\/\/cdn.nufarm.com\/wp-content\/uploads\/sites\/59\/2025\/02\/28225435\/Mieziai-efektyvumas_lentele-1024x419.jpg 1024w, https:\/\/cdn.nufarm.com\/wp-content\/uploads\/sites\/59\/2025\/02\/28225435\/Mieziai-efektyvumas_lentele-150x61.jpg 150w, https:\/\/cdn.nufarm.com\/wp-content\/uploads\/sites\/59\/2025\/02\/28225435\/Mieziai-efektyvumas_lentele-768x314.jpg 768w, https:\/\/cdn.nufarm.com\/wp-content\/uploads\/sites\/59\/2025\/02\/28225435\/Mieziai-efektyvumas_lentele-1200x491.jpg 1200w, https:\/\/cdn.nufarm.com\/wp-content\/uploads\/sites\/59\/2025\/02\/28225435\/Mieziai-efektyvumas_lentele-480x196.jpg 480w, https:\/\/cdn.nufarm.com\/wp-content\/uploads\/sites\/59\/2025\/02\/28225435\/Mieziai-efektyvumas_lentele.jpg 1500w\" sizes=\"auto, (max-width: 1405px) 100vw, 1405px\" \/>\n<p>\u0160ie produktai veikia \u012fvairius fiziologinius procesus, \u012fskaitant atsparum\u0105 i\u0161gulimui, \u0161akn\u0173 vystym\u0105si ir bendr\u0105 augim\u0105 abio- tinio streso s\u0105lygomis. Tinkamai naudoti augimo reguliatorius yra labai svarbu, siekiant maksimaliai padidinti \u017eiemini\u0173 mie\u017ei\u0173 produktyvum\u0105, ir veikia kaip \u016bkinink\u0173 draudimas. Galima daryti i\u0161vad\u0105, kad \u201eNufarm\u201c technologijos suteikia geresni\u0173 rezultat\u0173 trumpinant augalus, palyginti su kit\u0173 \u012fmoni\u0173 sprendimais. Efektyviausias yra tre\u010diasis bandymas. Tai \u201eNufarm\u201c technologija su Optimus ir Camposan Extra mi\u0161iniu, kur skirtumas, palyginti su kontrole, yra 14,43 centimetrai.<br \/>\nSvarbu pamin\u0117ti, kad \u201eNufarm\u201c technologijose ne tik matyti efektyvesnis produkt\u0173 veikimas, bet ir patiriamos ma\u017ees- n\u0117s s\u0105naudos auginant gr\u016bdines kult\u016bras.<br \/>\n\u201eNufarm\u201c technologijos kaina svyruoja nuo 19,75 Eur\/ha iki 20,50 Eur\/ha.<br \/>\n<img loading=\"lazy\" decoding=\"async\" class=\"alignnone  wp-image-2402\" src=\"https:\/\/nufarm.com\/lt\/wp-content\/uploads\/sites\/59\/2025\/02\/Mieziai-derlingumas_lentele-300x123.jpg\" alt=\"\" width=\"1417\" height=\"581\" srcset=\"https:\/\/cdn.nufarm.com\/wp-content\/uploads\/sites\/59\/2025\/02\/28225820\/Mieziai-derlingumas_lentele-300x123.jpg 300w, https:\/\/cdn.nufarm.com\/wp-content\/uploads\/sites\/59\/2025\/02\/28225820\/Mieziai-derlingumas_lentele-1024x419.jpg 1024w, https:\/\/cdn.nufarm.com\/wp-content\/uploads\/sites\/59\/2025\/02\/28225820\/Mieziai-derlingumas_lentele-150x61.jpg 150w, https:\/\/cdn.nufarm.com\/wp-content\/uploads\/sites\/59\/2025\/02\/28225820\/Mieziai-derlingumas_lentele-768x314.jpg 768w, https:\/\/cdn.nufarm.com\/wp-content\/uploads\/sites\/59\/2025\/02\/28225820\/Mieziai-derlingumas_lentele-1200x491.jpg 1200w, https:\/\/cdn.nufarm.com\/wp-content\/uploads\/sites\/59\/2025\/02\/28225820\/Mieziai-derlingumas_lentele-480x196.jpg 480w, https:\/\/cdn.nufarm.com\/wp-content\/uploads\/sites\/59\/2025\/02\/28225820\/Mieziai-derlingumas_lentele.jpg 1500w\" sizes=\"auto, (max-width: 1417px) 100vw, 1417px\" \/><\/p>\n<img loading=\"lazy\" decoding=\"async\" class=\"alignnone  wp-image-2404\" src=\"https:\/\/nufarm.com\/lt\/wp-content\/uploads\/sites\/59\/2025\/02\/Mieziai-derlingumas_grafikas-300x168.jpg\" alt=\"\" width=\"1414\" height=\"792\" srcset=\"https:\/\/cdn.nufarm.com\/wp-content\/uploads\/sites\/59\/2025\/02\/28225906\/Mieziai-derlingumas_grafikas-300x168.jpg 300w, https:\/\/cdn.nufarm.com\/wp-content\/uploads\/sites\/59\/2025\/02\/28225906\/Mieziai-derlingumas_grafikas-1024x573.jpg 1024w, https:\/\/cdn.nufarm.com\/wp-content\/uploads\/sites\/59\/2025\/02\/28225906\/Mieziai-derlingumas_grafikas-150x84.jpg 150w, https:\/\/cdn.nufarm.com\/wp-content\/uploads\/sites\/59\/2025\/02\/28225906\/Mieziai-derlingumas_grafikas-768x430.jpg 768w, https:\/\/cdn.nufarm.com\/wp-content\/uploads\/sites\/59\/2025\/02\/28225906\/Mieziai-derlingumas_grafikas-1200x672.jpg 1200w, https:\/\/cdn.nufarm.com\/wp-content\/uploads\/sites\/59\/2025\/02\/28225906\/Mieziai-derlingumas_grafikas-480x269.jpg 480w, https:\/\/cdn.nufarm.com\/wp-content\/uploads\/sites\/59\/2025\/02\/28225906\/Mieziai-derlingumas_grafikas.jpg 1500w\" sizes=\"auto, (max-width: 1414px) 100vw, 1414px\" \/>\n<h6><strong>I\u0161vados<\/strong><br \/>\n<strong>I\u0161 abiej\u0173 diagram\u0173 galime matyti, kad \u201eNufarm\u201c tiriamos augimo reguliatori\u0173 technologijos su Optimus ir Camposan Extra ne tik rodo gerus bandym\u0173n\u0173 rezultatus, bet ir suteikia galimyb\u0119 patirti ma\u017eesnius ka\u0161tus auginant gr\u016bdines kult\u016bras.<\/strong><br \/>\n<strong>Remiantis LAMMC atliekamais tyrimais, \u0161is augimo reguliatori\u0173 derinys pranoksta kitus rinkos sprendimus suteikiant pas\u0117liui stabilumo d\u0117l gero sutrumpinimo ir pagal derlingum\u0105.<\/strong><\/h6>\n<h4>Kaip gr\u016bdin\u0117se kult\u016brose veikia augal\u0173 augimo reguliatoriai ir kokia j\u0173 nauda?<\/h4>\n<ul>\n<li>&nbsp;Trineksapak-etilas \u2013 tai Optimus. Taip pat reguliuoja giberelino gamyb\u0105 augale ir gali b\u016bti lanks\u010diai panaudotas nuo stiebo ilg\u0117jimo prad\u017eios iki v\u0117liavinio lapo vystymosi tarpsnio. Optimus tiesiogiai veikia augal\u0173 apatini\u0173 tarpubambli\u0173 reguliavim\u0105, stiebo sieneli\u0173 tvirtumui u\u017etikrinti ir padeda vystytis ge- resnei \u0161akn\u0173 sistemai.<\/li>\n<li>Etefonas \u2013 tai Camposan Extra. Vienintel\u0117 veiklioji med\u017eiaga, reguliuojanti auksin\u0173 hormon\u0105, kuris \u012f l\u0105steli\u0173 audinius i\u0161skiria etilen\u0105, d\u0117l ko suma\u017einamas l\u0105steli\u0173 ilg\u0117jimo procesas, ir reguliuoja stiebo ilg\u012f trumpindamas vir\u0161utinius tarpubamblius. Optimaliausias panaudojimas \u2013 nuo bambl\u0117jimo prad\u017eios iki v\u0117liavinio lapo vystymosi tarpsnio.<\/li>\n<\/ul>\n<img loading=\"lazy\" decoding=\"async\" class=\"alignnone  wp-image-2405\" src=\"https:\/\/nufarm.com\/lt\/wp-content\/uploads\/sites\/59\/2025\/02\/Nufarm_BBCH-mieziai_LT-300x168.jpg\" alt=\"\" width=\"1395\" height=\"781\" srcset=\"https:\/\/cdn.nufarm.com\/wp-content\/uploads\/sites\/59\/2025\/02\/28230230\/Nufarm_BBCH-mieziai_LT-300x168.jpg 300w, https:\/\/cdn.nufarm.com\/wp-content\/uploads\/sites\/59\/2025\/02\/28230230\/Nufarm_BBCH-mieziai_LT-1024x573.jpg 1024w, https:\/\/cdn.nufarm.com\/wp-content\/uploads\/sites\/59\/2025\/02\/28230230\/Nufarm_BBCH-mieziai_LT-150x84.jpg 150w, https:\/\/cdn.nufarm.com\/wp-content\/uploads\/sites\/59\/2025\/02\/28230230\/Nufarm_BBCH-mieziai_LT-768x430.jpg 768w, https:\/\/cdn.nufarm.com\/wp-content\/uploads\/sites\/59\/2025\/02\/28230230\/Nufarm_BBCH-mieziai_LT-1200x672.jpg 1200w, https:\/\/cdn.nufarm.com\/wp-content\/uploads\/sites\/59\/2025\/02\/28230230\/Nufarm_BBCH-mieziai_LT-480x269.jpg 480w, https:\/\/cdn.nufarm.com\/wp-content\/uploads\/sites\/59\/2025\/02\/28230230\/Nufarm_BBCH-mieziai_LT.jpg 1500w\" sizes=\"auto, (max-width: 1395px) 100vw, 1395px\" \/>\n<h4>Auginant mie\u017eius reikia daug \u017eini\u0173 ir patirties<\/h4>\n<p>Nors ne kiekvienais metais kyla \u017eiemini\u0173 mie\u017ei\u0173 i\u0161gulimo rizika, augimo reguliatori\u0173 nauda yra ne tik \u0161ios konkre\u010dios problemos sprendimas. Suma\u017e\u0117jusi augal\u0173 mas\u0117, pasiekiama naudojant augimo reguliatorius, suteikia netiesiogini\u0173 prana\u0161um\u0173, toki\u0173 kaip efektyvesnis derliaus nu\u0117mimas ir geresnis dirvos paruo\u0161imas. \u0160i\u0105 naud\u0105 gali b\u016bti sunku i\u0161matuoti tiesiogiai, ta\u010diau tai taupo laik\u0105, darb\u0105 ir galiausiai palaiko tvaresn\u012f ir pel- ningesn\u012f \u016bkininkavim\u0105.<br \/>\nApibendrinant tyrim\u0173 duomenis, galima rekomenduoti: ie\u0161kant optimaliausio investicijos ir produkt\u0173 efektyvumo santykio, verta rinktis \u201eNufarm\u201c kompanijos i\u0161tirtas ir atrinktas, tinkamiausias m\u016bs\u0173 klimato s\u0105lygoms pur\u0161kim\u0173 augimo reguliatoriais schemas.<\/p>\n<h4>Turite klausim\u0173? Kreipkit\u0117s!<\/h4>\n<p>Verslo ir produkt\u0173 pl\u0117tros ekspertas Baltijos \u0161alims<\/p>\n<p>Vaidotas Donyla Tel.: +37061553969<\/p>\n","protected":false},"excerpt":{"rendered":"<p>Norime atkreipti d\u0117mes\u012f \u012f \u017eieminius mie\u017eius ir gilinam\u0117s \u012f augimo reguliatori\u0173 naudojim\u0105, j\u0173 teikiamus privalumus auginant mie\u017eius. \u201eNufarm\u201c kompanija jau kelerius metus Lietuvos agrarini\u0173 ir mi\u0161k\u0173 moksl\u0173 centre (LAMMC) tiria mie\u017ei\u0173 augimo reguliatori\u0173 naudojim\u0105, siekdama \u012fvertinti j\u0173 efektyvum\u0105 ir \u012ftak\u0105 augal\u0173 augimui ir derliui. Latvijoje analogi\u0161ki bandymai atliekami bendradarbiaujant su Latvijos augal\u0173 apsaugos tyrim\u0173 centru &#8230;<\/p>\n","protected":false},"author":203,"featured_media":0,"parent":0,"menu_order":0,"comment_status":"closed","ping_status":"closed","template":"","meta":{"_acf_changed":false,"ep_exclude_from_search":false,"footnotes":""},"class_list":["post-2391","page","type-page","status-publish","hentry"],"acf":[],"_links":{"self":[{"href":"https:\/\/2024.nufarm.com.au\/lt\/wp-json\/wp\/v2\/pages\/2391","targetHints":{"allow":["GET"]}}],"collection":[{"href":"https:\/\/2024.nufarm.com.au\/lt\/wp-json\/wp\/v2\/pages"}],"about":[{"href":"https:\/\/2024.nufarm.com.au\/lt\/wp-json\/wp\/v2\/types\/page"}],"author":[{"embeddable":true,"href":"https:\/\/2024.nufarm.com.au\/lt\/wp-json\/wp\/v2\/users\/203"}],"replies":[{"embeddable":true,"href":"https:\/\/2024.nufarm.com.au\/lt\/wp-json\/wp\/v2\/comments?post=2391"}],"version-history":[{"count":3,"href":"https:\/\/2024.nufarm.com.au\/lt\/wp-json\/wp\/v2\/pages\/2391\/revisions"}],"predecessor-version":[{"id":2407,"href":"https:\/\/2024.nufarm.com.au\/lt\/wp-json\/wp\/v2\/pages\/2391\/revisions\/2407"}],"wp:attachment":[{"href":"https:\/\/2024.nufarm.com.au\/lt\/wp-json\/wp\/v2\/media?parent=2391"}],"curies":[{"name":"wp","href":"https:\/\/api.w.org\/{rel}","templated":true}]}}