
{"id":123,"date":"2017-07-06T05:00:53","date_gmt":"2017-07-06T05:00:53","guid":{"rendered":"https:\/\/www2.nufarm.com\/hu\/?page_id=123"},"modified":"2023-05-16T17:45:54","modified_gmt":"2023-05-16T15:45:54","slug":"termekeink","status":"publish","type":"page","link":"https:\/\/2024.nufarm.com.au\/hu\/termekeink\/","title":{"rendered":"Term\u00e9keink"},"content":{"rendered":"<p>A f\u00f6ld\u00f6n v\u00e9gzett munka eg\u00e9sz \u00e9vben kih\u00edv\u00e1sokat jelent. A munka elv\u00e9gz\u00e9s\u00e9hez olyan emberekre \u00e9s term\u00e9kekre van sz\u00fcks\u00e9ge, amelyekben b\u00edzhat. B\u00f6ng\u00e9sszen a k\u00edn\u00e1latunkban \u00e9s l\u00e9pjen vel\u00fcnk kapcsolatba.<\/p>\n","protected":false},"excerpt":{"rendered":"<p>A f\u00f6ld\u00f6n v\u00e9gzett munka eg\u00e9sz \u00e9vben kih\u00edv\u00e1sokat jelent. A munka elv\u00e9gz\u00e9s\u00e9hez olyan emberekre \u00e9s term\u00e9kekre van sz\u00fcks\u00e9ge, amelyekben b\u00edzhat. B\u00f6ng\u00e9sszen a k\u00edn\u00e1latunkban \u00e9s l\u00e9pjen vel\u00fcnk kapcsolatba.<\/p>\n","protected":false},"author":1,"featured_media":0,"parent":0,"menu_order":0,"comment_status":"closed","ping_status":"closed","template":"","meta":{"_acf_changed":false,"ep_exclude_from_search":false,"footnotes":""},"class_list":["post-123","page","type-page","status-publish","hentry"],"acf":[],"_links":{"self":[{"href":"https:\/\/2024.nufarm.com.au\/hu\/wp-json\/wp\/v2\/pages\/123","targetHints":{"allow":["GET"]}}],"collection":[{"href":"https:\/\/2024.nufarm.com.au\/hu\/wp-json\/wp\/v2\/pages"}],"about":[{"href":"https:\/\/2024.nufarm.com.au\/hu\/wp-json\/wp\/v2\/types\/page"}],"author":[{"embeddable":true,"href":"https:\/\/2024.nufarm.com.au\/hu\/wp-json\/wp\/v2\/users\/1"}],"replies":[{"embeddable":true,"href":"https:\/\/2024.nufarm.com.au\/hu\/wp-json\/wp\/v2\/comments?post=123"}],"version-history":[{"count":30,"href":"https:\/\/2024.nufarm.com.au\/hu\/wp-json\/wp\/v2\/pages\/123\/revisions"}],"predecessor-version":[{"id":4301,"href":"https:\/\/2024.nufarm.com.au\/hu\/wp-json\/wp\/v2\/pages\/123\/revisions\/4301"}],"wp:attachment":[{"href":"https:\/\/2024.nufarm.com.au\/hu\/wp-json\/wp\/v2\/media?parent=123"}],"curies":[{"name":"wp","href":"https:\/\/api.w.org\/{rel}","templated":true}]}}