
{"id":1041,"date":"2018-10-17T16:43:17","date_gmt":"2018-10-17T14:43:17","guid":{"rendered":"https:\/\/www2.nufarm.com\/hu\/?page_id=1041"},"modified":"2025-02-04T01:16:22","modified_gmt":"2025-02-04T00:16:22","slug":"egyeb-keszitmenyek","status":"publish","type":"page","link":"https:\/\/2024.nufarm.com.au\/hu\/egyeb-keszitmenyek\/","title":{"rendered":"Egy\u00e9b k\u00e9sz\u00edtm\u00e9nyek"},"content":{"rendered":"","protected":false},"excerpt":{"rendered":"","protected":false},"author":161,"featured_media":0,"parent":0,"menu_order":0,"comment_status":"closed","ping_status":"closed","template":"","meta":{"_acf_changed":false,"ep_exclude_from_search":false,"footnotes":""},"class_list":["post-1041","page","type-page","status-publish","hentry"],"acf":[],"_links":{"self":[{"href":"https:\/\/2024.nufarm.com.au\/hu\/wp-json\/wp\/v2\/pages\/1041","targetHints":{"allow":["GET"]}}],"collection":[{"href":"https:\/\/2024.nufarm.com.au\/hu\/wp-json\/wp\/v2\/pages"}],"about":[{"href":"https:\/\/2024.nufarm.com.au\/hu\/wp-json\/wp\/v2\/types\/page"}],"author":[{"embeddable":true,"href":"https:\/\/2024.nufarm.com.au\/hu\/wp-json\/wp\/v2\/users\/161"}],"replies":[{"embeddable":true,"href":"https:\/\/2024.nufarm.com.au\/hu\/wp-json\/wp\/v2\/comments?post=1041"}],"version-history":[{"count":19,"href":"https:\/\/2024.nufarm.com.au\/hu\/wp-json\/wp\/v2\/pages\/1041\/revisions"}],"predecessor-version":[{"id":6419,"href":"https:\/\/2024.nufarm.com.au\/hu\/wp-json\/wp\/v2\/pages\/1041\/revisions\/6419"}],"wp:attachment":[{"href":"https:\/\/2024.nufarm.com.au\/hu\/wp-json\/wp\/v2\/media?parent=1041"}],"curies":[{"name":"wp","href":"https:\/\/api.w.org\/{rel}","templated":true}]}}