
{"id":1036,"date":"2018-10-17T16:40:59","date_gmt":"2018-10-17T14:40:59","guid":{"rendered":"https:\/\/www2.nufarm.com\/hu\/?page_id=1036"},"modified":"2025-02-04T00:32:07","modified_gmt":"2025-02-03T23:32:07","slug":"csavazo-szerek","status":"publish","type":"page","link":"https:\/\/2024.nufarm.com.au\/hu\/csavazo-szerek\/","title":{"rendered":"Cs\u00e1v\u00e1z\u00f3 szerek"},"content":{"rendered":"","protected":false},"excerpt":{"rendered":"","protected":false},"author":161,"featured_media":0,"parent":0,"menu_order":0,"comment_status":"closed","ping_status":"closed","template":"","meta":{"_acf_changed":false,"ep_exclude_from_search":false,"footnotes":""},"class_list":["post-1036","page","type-page","status-publish","hentry"],"acf":[],"_links":{"self":[{"href":"https:\/\/2024.nufarm.com.au\/hu\/wp-json\/wp\/v2\/pages\/1036","targetHints":{"allow":["GET"]}}],"collection":[{"href":"https:\/\/2024.nufarm.com.au\/hu\/wp-json\/wp\/v2\/pages"}],"about":[{"href":"https:\/\/2024.nufarm.com.au\/hu\/wp-json\/wp\/v2\/types\/page"}],"author":[{"embeddable":true,"href":"https:\/\/2024.nufarm.com.au\/hu\/wp-json\/wp\/v2\/users\/161"}],"replies":[{"embeddable":true,"href":"https:\/\/2024.nufarm.com.au\/hu\/wp-json\/wp\/v2\/comments?post=1036"}],"version-history":[{"count":12,"href":"https:\/\/2024.nufarm.com.au\/hu\/wp-json\/wp\/v2\/pages\/1036\/revisions"}],"predecessor-version":[{"id":6405,"href":"https:\/\/2024.nufarm.com.au\/hu\/wp-json\/wp\/v2\/pages\/1036\/revisions\/6405"}],"wp:attachment":[{"href":"https:\/\/2024.nufarm.com.au\/hu\/wp-json\/wp\/v2\/media?parent=1036"}],"curies":[{"name":"wp","href":"https:\/\/api.w.org\/{rel}","templated":true}]}}