
{"id":6467,"date":"2020-10-12T22:01:48","date_gmt":"2020-10-12T20:01:48","guid":{"rendered":"https:\/\/nufarm.com\/fr\/?page_id=6467"},"modified":"2023-12-22T14:38:04","modified_gmt":"2023-12-22T13:38:04","slug":"maraichage","status":"publish","type":"page","link":"https:\/\/2024.nufarm.com.au\/fr\/nos-produits-nufarm\/maraichage\/","title":{"rendered":"Mara\u00eechage"},"content":{"rendered":"<h4 align=\"LEFT\">Offre compl\u00e8te :&nbsp;<br \/>\nBiocontr\u00f4les, Biostimulants, Fongicides et Insecticides<\/h4>\n<p>Conscient des enjeux auxquels doivent faire face les mara\u00eechers, Nufarm offre une gamme de solutions r\u00e9pondant aux besoins techniques et \u00e9conomiques des cultures mara\u00eech\u00e8res : une offre compl\u00e8te de <span style=\"color: #339966\">produits cupriques<\/span> pour des cultures saines, des solutions de <span style=\"color: #339966\">biocontr\u00f4le<\/span> pour r\u00e9pondre aux cahiers des charges de production, une nouvelle gamme de <span style=\"color: #339966\">biostimulants<\/span>.<\/p>\n<p>A vos c\u00f4t\u00e9s pour vous accompagner dans la protection de vos cultures mara\u00eech\u00e8res.<\/p>\n<p>&nbsp;<\/p>\n<p>&nbsp;<\/p>\n","protected":false},"excerpt":{"rendered":"<p>Offre compl\u00e8te :&nbsp; Biocontr\u00f4les, Biostimulants, Fongicides et Insecticides Conscient des enjeux auxquels doivent faire face les mara\u00eechers, Nufarm offre une gamme de solutions r\u00e9pondant aux besoins techniques et \u00e9conomiques des cultures mara\u00eech\u00e8res : une offre compl\u00e8te de produits cupriques pour des cultures saines, des solutions de biocontr\u00f4le pour r\u00e9pondre aux cahiers des charges de production, &#8230;<\/p>\n","protected":false},"author":117,"featured_media":0,"parent":123,"menu_order":0,"comment_status":"closed","ping_status":"closed","template":"","meta":{"_acf_changed":false,"ep_exclude_from_search":false,"footnotes":""},"class_list":["post-6467","page","type-page","status-publish","hentry"],"acf":[],"_links":{"self":[{"href":"https:\/\/2024.nufarm.com.au\/fr\/wp-json\/wp\/v2\/pages\/6467","targetHints":{"allow":["GET"]}}],"collection":[{"href":"https:\/\/2024.nufarm.com.au\/fr\/wp-json\/wp\/v2\/pages"}],"about":[{"href":"https:\/\/2024.nufarm.com.au\/fr\/wp-json\/wp\/v2\/types\/page"}],"author":[{"embeddable":true,"href":"https:\/\/2024.nufarm.com.au\/fr\/wp-json\/wp\/v2\/users\/117"}],"replies":[{"embeddable":true,"href":"https:\/\/2024.nufarm.com.au\/fr\/wp-json\/wp\/v2\/comments?post=6467"}],"version-history":[{"count":12,"href":"https:\/\/2024.nufarm.com.au\/fr\/wp-json\/wp\/v2\/pages\/6467\/revisions"}],"predecessor-version":[{"id":9594,"href":"https:\/\/2024.nufarm.com.au\/fr\/wp-json\/wp\/v2\/pages\/6467\/revisions\/9594"}],"up":[{"embeddable":true,"href":"https:\/\/2024.nufarm.com.au\/fr\/wp-json\/wp\/v2\/pages\/123"}],"wp:attachment":[{"href":"https:\/\/2024.nufarm.com.au\/fr\/wp-json\/wp\/v2\/media?parent=6467"}],"curies":[{"name":"wp","href":"https:\/\/api.w.org\/{rel}","templated":true}]}}