
{"id":5987,"date":"2020-05-04T10:26:22","date_gmt":"2020-05-04T08:26:22","guid":{"rendered":"https:\/\/nufarm.com\/fr\/?page_id=5987"},"modified":"2023-11-27T15:38:41","modified_gmt":"2023-11-27T14:38:41","slug":"vous-accompagner","status":"publish","type":"page","link":"https:\/\/2024.nufarm.com.au\/fr\/vous-accompagner\/","title":{"rendered":"Vous accompagner"},"content":{"rendered":"<p>Nous souhaitons \u00eatre votre partenaire pour une protection des plantes efficace, rentable et durable.<\/p>\n<p>Notre ambition d&rsquo;eco-croissance s&rsquo;appuie sur une <strong>gamme de produits \u00e9largie<\/strong>, des<strong> \u00e9quipes commerciales, marketing et techniques renforc\u00e9es<\/strong> et des nouveaux outils d&rsquo;accompagnement.<\/p>\n<p>Actif depuis plus d&rsquo;un si\u00e8cle dans le domaine de la protection des plantes, nous mettons \u00e0 disposition notre expertise produit et notre connaissance terrain \u00e0 travers des conseils pertinents et des informations adapt\u00e9es.<\/p>\n<p>La bonne utilisation de nos produits \u00e0 travers les bonnes pratiques d&rsquo;usage est \u00e9galement une pr\u00e9occupation majeure.<\/p>\n<blockquote><p>A vos c\u00f4t\u00e9s pour vous accompagner<\/p>\n<p>avec pour objectif l&rsquo;\u00e9co-croissance&nbsp;<\/p><\/blockquote>\n","protected":false},"excerpt":{"rendered":"<p>Nous souhaitons \u00eatre votre partenaire pour une protection des plantes efficace, rentable et durable. Notre ambition d&rsquo;eco-croissance s&rsquo;appuie sur une gamme de produits \u00e9largie, des \u00e9quipes commerciales, marketing et techniques renforc\u00e9es et des nouveaux outils d&rsquo;accompagnement. Actif depuis plus d&rsquo;un si\u00e8cle dans le domaine de la protection des plantes, nous mettons \u00e0 disposition notre expertise &#8230;<\/p>\n","protected":false},"author":117,"featured_media":0,"parent":0,"menu_order":0,"comment_status":"closed","ping_status":"closed","template":"","meta":{"_acf_changed":false,"ep_exclude_from_search":false,"footnotes":""},"class_list":["post-5987","page","type-page","status-publish","hentry"],"acf":[],"_links":{"self":[{"href":"https:\/\/2024.nufarm.com.au\/fr\/wp-json\/wp\/v2\/pages\/5987","targetHints":{"allow":["GET"]}}],"collection":[{"href":"https:\/\/2024.nufarm.com.au\/fr\/wp-json\/wp\/v2\/pages"}],"about":[{"href":"https:\/\/2024.nufarm.com.au\/fr\/wp-json\/wp\/v2\/types\/page"}],"author":[{"embeddable":true,"href":"https:\/\/2024.nufarm.com.au\/fr\/wp-json\/wp\/v2\/users\/117"}],"replies":[{"embeddable":true,"href":"https:\/\/2024.nufarm.com.au\/fr\/wp-json\/wp\/v2\/comments?post=5987"}],"version-history":[{"count":10,"href":"https:\/\/2024.nufarm.com.au\/fr\/wp-json\/wp\/v2\/pages\/5987\/revisions"}],"predecessor-version":[{"id":9293,"href":"https:\/\/2024.nufarm.com.au\/fr\/wp-json\/wp\/v2\/pages\/5987\/revisions\/9293"}],"wp:attachment":[{"href":"https:\/\/2024.nufarm.com.au\/fr\/wp-json\/wp\/v2\/media?parent=5987"}],"curies":[{"name":"wp","href":"https:\/\/api.w.org\/{rel}","templated":true}]}}