
{"id":351,"date":"2018-05-24T09:05:44","date_gmt":"2018-05-23T23:05:44","guid":{"rendered":"https:\/\/www2.nufarm.com\/fr\/?page_id=351"},"modified":"2024-03-05T11:22:31","modified_gmt":"2024-03-05T10:22:31","slug":"espaces-verts","status":"publish","type":"page","link":"https:\/\/2024.nufarm.com.au\/fr\/nos-produits-nufarm\/espaces-verts\/","title":{"rendered":"Espaces Verts"},"content":{"rendered":"<h4 align=\"LEFT\">Offre compl\u00e8te<br \/>\nD\u00e9sherbants, D\u00e9broussaillants, Contr\u00f4le des ravageurs<\/h4>\n<p align=\"LEFT\">Le d\u00e9partement des espaces verts de Nufarm France est pr\u00e9sent sur le march\u00e9 <strong>professionnel<\/strong> avec les espaces publics, les zones industrielles, les voies de communications, l&rsquo;horticulture et les for\u00eats.<\/p>\n<p align=\"LEFT\">Nufarm s.a.s est agr\u00e9\u00e9 pour la distribution de produits phytopharmaceutiques \u00e0 des utilisateurs professionnels (Num\u00e9ro d&rsquo;agr\u00e9ment IF00008).<\/p>\n<p align=\"LEFT\">&nbsp;<\/p>\n","protected":false},"excerpt":{"rendered":"<p>Offre compl\u00e8te D\u00e9sherbants, D\u00e9broussaillants, Contr\u00f4le des ravageurs Le d\u00e9partement des espaces verts de Nufarm France est pr\u00e9sent sur le march\u00e9 professionnel avec les espaces publics, les zones industrielles, les voies de communications, l&rsquo;horticulture et les for\u00eats. Nufarm s.a.s est agr\u00e9\u00e9 pour la distribution de produits phytopharmaceutiques \u00e0 des utilisateurs professionnels (Num\u00e9ro d&rsquo;agr\u00e9ment IF00008). &nbsp;<\/p>\n","protected":false},"author":117,"featured_media":0,"parent":123,"menu_order":0,"comment_status":"closed","ping_status":"closed","template":"","meta":{"_acf_changed":false,"ep_exclude_from_search":false,"footnotes":""},"class_list":["post-351","page","type-page","status-publish","hentry"],"acf":[],"_links":{"self":[{"href":"https:\/\/2024.nufarm.com.au\/fr\/wp-json\/wp\/v2\/pages\/351","targetHints":{"allow":["GET"]}}],"collection":[{"href":"https:\/\/2024.nufarm.com.au\/fr\/wp-json\/wp\/v2\/pages"}],"about":[{"href":"https:\/\/2024.nufarm.com.au\/fr\/wp-json\/wp\/v2\/types\/page"}],"author":[{"embeddable":true,"href":"https:\/\/2024.nufarm.com.au\/fr\/wp-json\/wp\/v2\/users\/117"}],"replies":[{"embeddable":true,"href":"https:\/\/2024.nufarm.com.au\/fr\/wp-json\/wp\/v2\/comments?post=351"}],"version-history":[{"count":30,"href":"https:\/\/2024.nufarm.com.au\/fr\/wp-json\/wp\/v2\/pages\/351\/revisions"}],"predecessor-version":[{"id":10150,"href":"https:\/\/2024.nufarm.com.au\/fr\/wp-json\/wp\/v2\/pages\/351\/revisions\/10150"}],"up":[{"embeddable":true,"href":"https:\/\/2024.nufarm.com.au\/fr\/wp-json\/wp\/v2\/pages\/123"}],"wp:attachment":[{"href":"https:\/\/2024.nufarm.com.au\/fr\/wp-json\/wp\/v2\/media?parent=351"}],"curies":[{"name":"wp","href":"https:\/\/api.w.org\/{rel}","templated":true}]}}