
{"id":349,"date":"2018-05-24T09:05:00","date_gmt":"2018-05-23T23:05:00","guid":{"rendered":"https:\/\/www2.nufarm.com\/fr\/?page_id=349"},"modified":"2024-03-08T15:06:21","modified_gmt":"2024-03-08T14:06:21","slug":"vigne-arboriculture","status":"publish","type":"page","link":"https:\/\/2024.nufarm.com.au\/fr\/nos-produits-nufarm\/vigne-arboriculture\/","title":{"rendered":"Vigne et Arboriculture"},"content":{"rendered":"<h4 align=\"LEFT\">Offre compl\u00e8te :&nbsp;<br \/>\nBiocontr\u00f4les, Fongicides, Insecticides, Herbicides, Regulateurs de croissance, et Biostimulants<\/h4>\n<p>Les solutions biocontr\u00f4les et biostimulants, axe de d\u00e9veloppement majeur pour Nufarm en vigne et en arboriculture, compl\u00e8tent la gamme agriculture conventionnelle et biologique. Nufarm est \u00e0 vos c\u00f4t\u00e9s pour la protection de la vigne avec&nbsp; une large offre de produits \u00e0 base de cuivre pour lutter contre le mildiou ainsi qu&rsquo;en arboriculture.<br \/>\nNufarm, propose une offre large pour r\u00e9pondre \u00e0 vos attentes et vous accompagner dans la protection de vos cultures.<\/p>\n<p>&nbsp;<\/p>\n<p>&nbsp;<\/p>\n","protected":false},"excerpt":{"rendered":"<p>Offre compl\u00e8te :&nbsp; Biocontr\u00f4les, Fongicides, Insecticides, Herbicides, Regulateurs de croissance, et Biostimulants Les solutions biocontr\u00f4les et biostimulants, axe de d\u00e9veloppement majeur pour Nufarm en vigne et en arboriculture, compl\u00e8tent la gamme agriculture conventionnelle et biologique. Nufarm est \u00e0 vos c\u00f4t\u00e9s pour la protection de la vigne avec&nbsp; une large offre de produits \u00e0 base de &#8230;<\/p>\n","protected":false},"author":117,"featured_media":0,"parent":123,"menu_order":0,"comment_status":"closed","ping_status":"closed","template":"","meta":{"_acf_changed":false,"ep_exclude_from_search":false,"footnotes":""},"class_list":["post-349","page","type-page","status-publish","hentry"],"acf":[],"_links":{"self":[{"href":"https:\/\/2024.nufarm.com.au\/fr\/wp-json\/wp\/v2\/pages\/349","targetHints":{"allow":["GET"]}}],"collection":[{"href":"https:\/\/2024.nufarm.com.au\/fr\/wp-json\/wp\/v2\/pages"}],"about":[{"href":"https:\/\/2024.nufarm.com.au\/fr\/wp-json\/wp\/v2\/types\/page"}],"author":[{"embeddable":true,"href":"https:\/\/2024.nufarm.com.au\/fr\/wp-json\/wp\/v2\/users\/117"}],"replies":[{"embeddable":true,"href":"https:\/\/2024.nufarm.com.au\/fr\/wp-json\/wp\/v2\/comments?post=349"}],"version-history":[{"count":32,"href":"https:\/\/2024.nufarm.com.au\/fr\/wp-json\/wp\/v2\/pages\/349\/revisions"}],"predecessor-version":[{"id":10200,"href":"https:\/\/2024.nufarm.com.au\/fr\/wp-json\/wp\/v2\/pages\/349\/revisions\/10200"}],"up":[{"embeddable":true,"href":"https:\/\/2024.nufarm.com.au\/fr\/wp-json\/wp\/v2\/pages\/123"}],"wp:attachment":[{"href":"https:\/\/2024.nufarm.com.au\/fr\/wp-json\/wp\/v2\/media?parent=349"}],"curies":[{"name":"wp","href":"https:\/\/api.w.org\/{rel}","templated":true}]}}