
{"id":23858,"date":"2025-12-11T09:00:01","date_gmt":"2025-12-11T08:00:01","guid":{"rendered":"https:\/\/2024.nufarm.com.au\/de\/?page_id=23858"},"modified":"2025-12-12T13:42:24","modified_gmt":"2025-12-12T12:42:24","slug":"test-1-6-column","status":"publish","type":"page","link":"https:\/\/2024.nufarm.com.au\/de\/test-1-6-column\/","title":{"rendered":"Test 1-6 column"},"content":{"rendered":" \n<section class=\"novideo page-title page-banner corporate-banner pagetitle-gutenberg\">\n            <div class=\"page-title__bg\" style=\"background: url('https:\/\/cdn.nufarm.com\/wp-content\/uploads\/sites\/26\/2018\/07\/20074650\/brotes_trigo1.jpg') center\/cover;\"><\/div>\n     \n     \n     \n    <!-- Title Content - theme structure for boxed headings -->\n    <div class=\"container banner-title\" data-visible=\"visible\">\n        <div class=\"page-title__inner\">\n            <div class=\"title-wrapper\">\n                <h1 class=\"page-title__title\">\n                    <span class=\"page-title__title__inner\">Test 1-6 column<\/span>\n                <\/h1>\n            <\/div>\n                    <\/div>\n    <\/div>\n    \n        \n    <div id=\"pagetop\"><\/div>\n<\/section>\n\n\n<section class=\"wp-block-custom-gutenberg-blocks-nf-page-section alignfull white \" style=\"padding-top:80px;padding-bottom:80px;--nf-ps-pt-mobile:40px;--nf-ps-pb-mobile:40px\"><div class=\"container\">\n<h2 class=\"wp-block-heading\">1-6 Column<\/h2>\n\n\n\n<p><strong>Lorem Ipsum<\/strong>&nbsp;is simply dummy text of the printing and typesetting industry. Lorem Ipsum has been the industry\u2019s standard dummy text ever since the 1500s<strong>Lorem Ipsum<\/strong>&nbsp;is simply dummy text of the printing and typesetting industry. Lorem Ipsum has been the industry\u2019s standard dummy text ever since the 1500s<strong>Lorem Ipsum<\/strong>&nbsp;is simply dummy text of the printing and typesetting industry. Lorem Ipsum has been the industry\u2019s standard dummy text ever since the 1500s<strong>Lorem Ipsum<\/strong>&nbsp;is simply dummy text of the printing and typesetting industry. Lorem Ipsum has been the industry\u2019s standard dummy text ever since the 1500s<\/p>\n\n\n\n<div class=\"wp-block-columns has-ipadpro-1-columns has-mobile-1-columns is-layout-flex wp-container-core-columns-is-layout-1 wp-block-columns-is-layout-flex\">\n<div class=\"wp-block-column is-layout-flow wp-block-column-is-layout-flow\">\n<div class=\"wp-block-custom-gutenberg-blocks-nf-img-carousel\"><div class=\"slick__container\"><div class=\"slick\" data-slick=\"{&quot;slidesToShow&quot;:1,&quot;responsive&quot;:[{&quot;breakpoint&quot;:767,&quot;settings&quot;:{&quot;slidesToShow&quot;:1}}]}\"><div class=\"slick-slide\"><img decoding=\"async\" src=\"https:\/\/2024.nufarm.com.au\/de\/wp-content\/uploads\/sites\/24\/2025\/11\/Nufarm-Barley-Ukraine-2019-scaled-e1728654070823-1.jpg\" alt=\"\"\/><\/div><div class=\"slick-slide\"><img decoding=\"async\" src=\"https:\/\/2024.nufarm.com.au\/de\/wp-content\/uploads\/sites\/24\/2025\/09\/k50vdh2q.png\" alt=\"\"\/><\/div><div class=\"slick-slide\"><img decoding=\"async\" src=\"https:\/\/2024.nufarm.com.au\/de\/wp-content\/uploads\/sites\/24\/2025\/09\/Picture1-scaled.jpg\" alt=\"\"\/><\/div><div class=\"slick-slide\"><img decoding=\"async\" src=\"https:\/\/2024.nufarm.com.au\/de\/wp-content\/uploads\/sites\/24\/2025\/09\/Nufarm-Women-and-Men-In-Field-Ukraine-2019-scaled.jpg\" alt=\"\"\/><\/div><\/div><\/div><\/div>\n<\/div>\n\n\n\n<div class=\"wp-block-column is-layout-flow wp-block-column-is-layout-flow\">\n<div class=\"wp-block-custom-gutenberg-blocks-nf-single-profile nf-single-profile\"><div class=\"profile profile--with-title\"><h6 class=\"profile__title\">profile block <\/h6><div class=\"profile__inner\"><div class=\"profile__image\"><img decoding=\"async\" src=\"https:\/\/cdn.nufarm.com\/wp-content\/uploads\/2021\/05\/12164524\/Flag_of_the_UNIA.svg_.png\" alt=\"Africa\" style=\"width:92px;height:92px;object-fit:cover\"\/><\/div><div class=\"profile__details\"><p class=\"profile__name\">Africa<\/p><div class=\"profile__bio typography\"><p>Immeuble West Plaza<br \/>\n11, rue du D\u00e9barcad\u00e8re<br \/>\n92700 Colombes<br \/>\n<a href=\"https:\/\/nufarm.com\/africa\" rel=\"noopener noreferrer\" target=\"_blank\">https:\/\/nufarm.com\/africa<\/a><\/p>\n<\/div><\/div><\/div><\/div><\/div>\n<\/div>\n\n\n\n<div class=\"wp-block-column is-layout-flow wp-block-column-is-layout-flow\">\n<p><strong>orem Ipsum<\/strong>&nbsp;is simply dummy text of the printing and typesetting industry. Lorem Ipsum has been the industry\u2019s standard dummy text ever since the 1500s<strong>Lorem Ipsum<\/strong>&nbsp;is simply dummy text of the printing and typesetting industry. Lorem Ipsum has been the industry\u2019s standard dummy text ever since the 1500s<strong>Lorem Ipsum<\/strong>&nbsp;is simply dummy text of the printing and typesetting industry. Lorem Ipsum has been the industry\u2019s standard dummy text ever since the 1500s<strong>Lorem Ipsum<\/strong>&nbsp;is simply dummy text of the printing and typesetting industry. Lorem Ipsum has been the industry\u2019s standard dummy text ever since the 1500s<\/p>\n<\/div>\n\n\n\n<div class=\"wp-block-column is-layout-flow wp-block-column-is-layout-flow\">\n<figure class=\"wp-block-image size-large\"><img loading=\"lazy\" decoding=\"async\" width=\"1024\" height=\"682\" src=\"https:\/\/cdn.nufarm.com\/wp-content\/uploads\/sites\/24\/2025\/06\/19091248\/nettle-785292_1280-1024x682.jpg\" alt=\"\" class=\"wp-image-15333\" srcset=\"https:\/\/cdn.nufarm.com\/wp-content\/uploads\/sites\/24\/2025\/06\/19091248\/nettle-785292_1280-1024x682.jpg 1024w, https:\/\/cdn.nufarm.com\/wp-content\/uploads\/sites\/24\/2025\/06\/19091248\/nettle-785292_1280-300x200.jpg 300w, https:\/\/cdn.nufarm.com\/wp-content\/uploads\/sites\/24\/2025\/06\/19091248\/nettle-785292_1280-768x512.jpg 768w, https:\/\/cdn.nufarm.com\/wp-content\/uploads\/sites\/24\/2025\/06\/19091248\/nettle-785292_1280-1200x800.jpg 1200w, https:\/\/cdn.nufarm.com\/wp-content\/uploads\/sites\/24\/2025\/06\/19091248\/nettle-785292_1280-480x320.jpg 480w, https:\/\/cdn.nufarm.com\/wp-content\/uploads\/sites\/24\/2025\/06\/19091248\/nettle-785292_1280.jpg 1280w\" sizes=\"auto, (max-width: 1024px) 100vw, 1024px\" \/><\/figure>\n<\/div>\n\n\n\n<div class=\"wp-block-column is-layout-flow wp-block-column-is-layout-flow\">\n<div class=\"nufarm-single-product-block wp-block-nufarm-gutenberg-blocks-nufarm-single-product\">\n\t<div class=\"multi-col multi-col--nf-product\">\n\t\t<div class=\"tile tile--product tile--compact \">\n\t\t\t<a href=\"https:\/\/2024.nufarm.com.au\/de\/product\/camposan-top\/\">\n\t\t\t\t<div class=\"tile__image\">\n\t\t\t\t\t<img loading=\"lazy\" decoding=\"async\" width=\"1400\" height=\"997\" src=\"\" class=\"attachment-xswidth size-xswidth\" alt=\"Kanister Composan Top.\" sizes=\"auto, (max-width: 767px) 50vw, (max-width:991px) 33vw, (max-width:1199px) 17vw, 150px\" srcset=\"https:\/\/cdn.nufarm.com\/wp-content\/uploads\/sites\/24\/2018\/08\/22113117\/Kanister_Camposan-Top.jpg 1400w, https:\/\/cdn.nufarm.com\/wp-content\/uploads\/sites\/24\/2018\/08\/22113117\/Kanister_Camposan-Top-300x214.jpg 300w, https:\/\/cdn.nufarm.com\/wp-content\/uploads\/sites\/24\/2018\/08\/22113117\/Kanister_Camposan-Top-1024x729.jpg 1024w, https:\/\/cdn.nufarm.com\/wp-content\/uploads\/sites\/24\/2018\/08\/22113117\/Kanister_Camposan-Top-768x547.jpg 768w, https:\/\/cdn.nufarm.com\/wp-content\/uploads\/sites\/24\/2018\/08\/22113117\/Kanister_Camposan-Top-1200x855.jpg 1200w, https:\/\/cdn.nufarm.com\/wp-content\/uploads\/sites\/24\/2018\/08\/22113117\/Kanister_Camposan-Top-480x342.jpg 480w\" \/>\n\t\t\t\t\t\t\t\t\t\t\t<span class=\"tile__ribbon tile__ribbon--vertical\" style=\"width:72%;\">\n\t\t\t\t\t\t\tWachstumsregler\t\t\t\t\t\t<\/span>\n\t\t\t\t\t\t\t\t\t<\/div>\n\n\t\t\t\t<div class=\"tile__copy\">\n\t\t\t\t\t\t\t\t\t\t<div class=\"tile__title__wrap \">\n\t\t\t\t\t\t<h4 class=\"tile__title\"><span>Camposan<sup>\u00ae<\/sup> Top<\/span><\/h4>\n\t\t\t\t\t<\/div>\n\n\t\t\t\t\t\t\t\t\t\t\t<div class=\"typography\">Camposan\u00ae Top ist ein Wachstumsregler f\u00fcr den sp\u00e4ten Einsatz in Getreide. Der Wirkstoff Ethephon setzt das Abreifungshormon Ethylen frei. Dadurch wird das L\u00e4ngenwachstum reduziert&hellip;<\/div>\n\t\t\t\t\t\t\t\t\t<\/div>\n\n\t\t\t\t<div class=\"tile__links\">\n\t\t\t\t\t<div class=\"tile__links__fake\" aria-hidden=\"true\">\n\t\t\t\t\t\t<span class=\"primary-link\">\n\t\t\t\t\t\t\t<svg class=\"icon\" viewBox=\"0 0 16 17\"><use xlink:href=\"#Icons\/RightArrow\"><\/use><\/svg>\t\t\t\t\t\t\tUnsere L\u00f6sungen\t\t\t\t\t\t<\/span>\n\t\t\t\t\t<\/div>\n\t\t\t\t\t<div class=\"tile__links__real\">\n\t\t\t\t\t\t<span class=\"primary-link\">\n\t\t\t\t\t\t\t<svg class=\"icon\" viewBox=\"0 0 16 17\"><use xlink:href=\"#Icons\/RightArrow\"><\/use><\/svg>\t\t\t\t\t\t\tUnsere L\u00f6sungen\t\t\t\t\t\t<\/span>\n\t\t\t\t\t<\/div>\n\t\t\t\t<\/div>\n\t\t\t<\/a>\n\t\t<\/div>\n\t<\/div>\n<\/div>\n\n<\/div>\n\n\n\n<div class=\"wp-block-column is-layout-flow wp-block-column-is-layout-flow\">\n<figure class=\"wp-block-image size-large\"><img loading=\"lazy\" decoding=\"async\" width=\"1024\" height=\"1024\" src=\"https:\/\/2024.nufarm.com.au\/de\/wp-content\/uploads\/sites\/24\/2025\/11\/Nufarm-Barley-Ukraine-2019-scaled-e1728654070823-1024x1024.jpg\" alt=\"\" class=\"wp-image-23629\" srcset=\"https:\/\/2024.nufarm.com.au\/de\/wp-content\/uploads\/sites\/24\/2025\/11\/Nufarm-Barley-Ukraine-2019-scaled-e1728654070823-1024x1024.jpg 1024w, https:\/\/2024.nufarm.com.au\/de\/wp-content\/uploads\/sites\/24\/2025\/11\/Nufarm-Barley-Ukraine-2019-scaled-e1728654070823-300x300.jpg 300w, https:\/\/2024.nufarm.com.au\/de\/wp-content\/uploads\/sites\/24\/2025\/11\/Nufarm-Barley-Ukraine-2019-scaled-e1728654070823-150x150.jpg 150w, https:\/\/2024.nufarm.com.au\/de\/wp-content\/uploads\/sites\/24\/2025\/11\/Nufarm-Barley-Ukraine-2019-scaled-e1728654070823-768x768.jpg 768w, https:\/\/2024.nufarm.com.au\/de\/wp-content\/uploads\/sites\/24\/2025\/11\/Nufarm-Barley-Ukraine-2019-scaled-e1728654070823-1536x1536.jpg 1536w, https:\/\/2024.nufarm.com.au\/de\/wp-content\/uploads\/sites\/24\/2025\/11\/Nufarm-Barley-Ukraine-2019-scaled-e1728654070823-1200x1200.jpg 1200w, https:\/\/2024.nufarm.com.au\/de\/wp-content\/uploads\/sites\/24\/2025\/11\/Nufarm-Barley-Ukraine-2019-scaled-e1728654070823-457x457.jpg 457w, https:\/\/2024.nufarm.com.au\/de\/wp-content\/uploads\/sites\/24\/2025\/11\/Nufarm-Barley-Ukraine-2019-scaled-e1728654070823-480x480.jpg 480w, https:\/\/2024.nufarm.com.au\/de\/wp-content\/uploads\/sites\/24\/2025\/11\/Nufarm-Barley-Ukraine-2019-scaled-e1728654070823-400x400.jpg 400w, https:\/\/2024.nufarm.com.au\/de\/wp-content\/uploads\/sites\/24\/2025\/11\/Nufarm-Barley-Ukraine-2019-scaled-e1728654070823-600x600.jpg 600w, https:\/\/2024.nufarm.com.au\/de\/wp-content\/uploads\/sites\/24\/2025\/11\/Nufarm-Barley-Ukraine-2019-scaled-e1728654070823.jpg 1894w\" sizes=\"auto, (max-width: 1024px) 100vw, 1024px\" \/><\/figure>\n\n\n\n<h2 class=\"wp-block-heading\">Tile<\/h2>\n\n\n\n<p>L<strong>orem Ipsum<\/strong>&nbsp;is simply dummy text of the printing and typesetting industry. Lorem Ipsum has been the industry\u2019s standard dummy text ever since the 1500s&#8216; <strong>Lorem Ipsum<\/strong>&nbsp;is simply dummy text of the printing and typesetting industry. Lorem Ipsum has been the industry\u2019s standard dummy text ever since the 1500s<strong>Lorem Ipsum<\/strong>&nbsp;is simply dummy text of the printing and typesetting industry. Lorem Ipsum has been the industry\u2019s standard dummy text ever since the 1500s<\/p>\n\n\n<a class=\"wp-block-read-more\" href=\"https:\/\/2024.nufarm.com.au\/de\/test-1-6-column\/\" target=\"_self\">Read more <span class=\"screen-reader-text\">: Test 1-6 column<\/span><\/a><\/div>\n<\/div>\n<\/div><\/section>\n\n\n\n<section class=\"wp-block-create-block-space-block flexible spacer flexible--bg-green\" style=\"height:50px\"><\/section>\n","protected":false},"excerpt":{"rendered":"","protected":false},"author":246,"featured_media":0,"parent":0,"menu_order":0,"comment_status":"closed","ping_status":"closed","template":"default-gutenberg-template.php","meta":{"_acf_changed":false,"ep_exclude_from_search":false,"footnotes":""},"class_list":["post-23858","page","type-page","status-publish","hentry"],"acf":[],"_links":{"self":[{"href":"https:\/\/2024.nufarm.com.au\/de\/wp-json\/wp\/v2\/pages\/23858","targetHints":{"allow":["GET"]}}],"collection":[{"href":"https:\/\/2024.nufarm.com.au\/de\/wp-json\/wp\/v2\/pages"}],"about":[{"href":"https:\/\/2024.nufarm.com.au\/de\/wp-json\/wp\/v2\/types\/page"}],"author":[{"embeddable":true,"href":"https:\/\/2024.nufarm.com.au\/de\/wp-json\/wp\/v2\/users\/246"}],"replies":[{"embeddable":true,"href":"https:\/\/2024.nufarm.com.au\/de\/wp-json\/wp\/v2\/comments?post=23858"}],"version-history":[{"count":15,"href":"https:\/\/2024.nufarm.com.au\/de\/wp-json\/wp\/v2\/pages\/23858\/revisions"}],"predecessor-version":[{"id":23930,"href":"https:\/\/2024.nufarm.com.au\/de\/wp-json\/wp\/v2\/pages\/23858\/revisions\/23930"}],"wp:attachment":[{"href":"https:\/\/2024.nufarm.com.au\/de\/wp-json\/wp\/v2\/media?parent=23858"}],"curies":[{"name":"wp","href":"https:\/\/api.w.org\/{rel}","templated":true}]}}