
{"id":23595,"date":"2025-11-26T14:18:29","date_gmt":"2025-11-26T13:18:29","guid":{"rendered":"https:\/\/2024.nufarm.com.au\/de\/?page_id=23595"},"modified":"2025-11-26T14:27:36","modified_gmt":"2025-11-26T13:27:36","slug":"test-product","status":"publish","type":"page","link":"https:\/\/2024.nufarm.com.au\/de\/test-product\/","title":{"rendered":"Test product"},"content":{"rendered":" \n<section class=\"novideo page-title page-banner corporate-banner pagetitle-gutenberg\">\n            <div class=\"page-title__bg\" style=\"background: url('https:\/\/cdn.nufarm.com\/wp-content\/uploads\/sites\/26\/2018\/07\/20074650\/brotes_trigo1.jpg') center\/cover;\"><\/div>\n     \n     \n     \n    <!-- Title Content - theme structure for boxed headings -->\n    <div class=\"container banner-title\" data-visible=\"visible\">\n        <div class=\"page-title__inner\">\n            <div class=\"title-wrapper\">\n                <h1 class=\"page-title__title\">\n                    <span class=\"page-title__title__inner\">Test product<\/span>\n                <\/h1>\n            <\/div>\n                    <\/div>\n    <\/div>\n    \n        \n    <div id=\"pagetop\"><\/div>\n<\/section>\n\n\n<section class=\"wp-block-custom-gutenberg-blocks-nf-page-section alignfull white \" style=\"padding-top:80px;padding-bottom:80px;--nf-ps-pt-mobile:40px;--nf-ps-pb-mobile:40px\"><div class=\"container\">\n<section class=\"news\">\n    <div class=\"container\">\n        <div class=\"news__inner\">\n            <h3 class=\"news__title\">Nufarm Similar Products<\/h3>\n\n            <div class=\"news__posts\">\n                <div class=\"row masonry-outer\">\n                    <div class=\"masonry\" style=\"position: relative; height: 525.078px;\">\n                        <div class=\"col-xs-12 col-sm-6 col-md-3 masonry-sizer\"><\/div>\n\n                                                    <div \n                                class=\"col-xs-12 col-sm-6 col-md-3 masonry-item\"\n                                data-visible=\"visible\"\n                                data-trigger=\".news__posts\"\n                                data-visible-delay=\"0\"\n                                style=\"position: absolute; left: 0%; top: 0px;\"\n                            >\n                                <div class=\"news__tile\" tabindex=\"0\">\n                                    <a href=\"https:\/\/2024.nufarm.com.au\/de\/product\/alliance\/\">\n                                        <div class=\"news__feature\">\n                                                                                            <img loading=\"lazy\"\n                                                    width=\"480\"\n                                                    height=\"342\"\n                                                    src=\"https:\/\/cdn.nufarm.com\/wp-content\/uploads\/sites\/24\/2018\/08\/29003743\/Kanister_Alliance-1-e1664404675953.jpg\"\n                                                    class=\"attachment-post_feature size-post_feature wp-post-image\"\n                                                    alt=\"Alliance&lt;sup&gt;\u00ae&lt;\/sup&gt;\"\n                                                    sizes=\"auto, (max-width:767px) 100vw, (max-width: 991px) 50vw, (max-width:1199px) 25vw, 302px\"\n                                                    decoding=\"async\"\n                                                \/>\n                                                                                    <\/div>\n                                        <div class=\"news__copy\">\n                                            <h4>Alliance&lt;sup&gt;\u00ae&lt;\/sup&gt;<\/h4>\n                                                                                            <p><p>Alliance\u00ae ist das Ganzjahresherbizid zur Bek\u00e4mpfung wichtiger Getreideunkr\u00e4uter. Es kombiniert die Wirkstoff Metsulfuron und Diflufenican. Problemunkr\u00e4uter wie Ausfallraps, Kamille-Arten, Acker-Stiefm\u00fctterchen, Kn\u00f6terich-Arten, Storchschnabel und Hundskerbel werden von Alliance\u00ae wirkungssicher bek\u00e4mpft. <\/p>\n<\/p>\n                                                                                        <span class=\"primary-link\"><svg class=\"icon\" viewBox=\"0 0 16 17\"><use xlink:href=\"#Icons\/RightArrow\"><\/use><\/svg>Show more<\/span>\n                                        <\/div>\n                                    <\/a>\n                                <\/div>\n                            <\/div>\n                                                    <div \n                                class=\"col-xs-12 col-sm-6 col-md-3 masonry-item\"\n                                data-visible=\"visible\"\n                                data-trigger=\".news__posts\"\n                                data-visible-delay=\"0\"\n                                style=\"position: absolute; left: 0%; top: 0px;\"\n                            >\n                                <div class=\"news__tile\" tabindex=\"0\">\n                                    <a href=\"https:\/\/2024.nufarm.com.au\/de\/product\/credit-xtreme\/\">\n                                        <div class=\"news__feature\">\n                                                                                            <img loading=\"lazy\"\n                                                    width=\"480\"\n                                                    height=\"342\"\n                                                    src=\"https:\/\/cdn.nufarm.com\/wp-content\/uploads\/sites\/24\/2024\/11\/27113254\/Kanister_creditXtreme_5l_RGB1.jpg\"\n                                                    class=\"attachment-post_feature size-post_feature wp-post-image\"\n                                                    alt=\"Credit&lt;sup&gt;\u00ae&lt;\/sup&gt; Xtreme\"\n                                                    sizes=\"auto, (max-width:767px) 100vw, (max-width: 991px) 50vw, (max-width:1199px) 25vw, 302px\"\n                                                    decoding=\"async\"\n                                                \/>\n                                                                                    <\/div>\n                                        <div class=\"news__copy\">\n                                            <h4>Credit&lt;sup&gt;\u00ae&lt;\/sup&gt; Xtreme<\/h4>\n                                                                                            <p><p>Credit\u00ae Xtreme ist ein hochkonzentriertes Glyphosatprodukt mit 540 g\/l Wirkstoff. Es kombiniert zwei Glyphosatsalze (Isopropylamin- und Kaliumsalz) und nutzt ein innovatives Netzmittel basierend auf der von Nufarm entwickelten DualSalt-Technologie. Das Produkt besitzt eine breite Zulassung und kann im Ackerbau, Gr\u00fcnland, Obst- und Gem\u00fcsebau sowie in verschiedenen Sonderkulturen eingesetzt werden.<\/p>\n<\/p>\n                                                                                        <span class=\"primary-link\"><svg class=\"icon\" viewBox=\"0 0 16 17\"><use xlink:href=\"#Icons\/RightArrow\"><\/use><\/svg>Show more<\/span>\n                                        <\/div>\n                                    <\/a>\n                                <\/div>\n                            <\/div>\n                                                    <div \n                                class=\"col-xs-12 col-sm-6 col-md-3 masonry-item\"\n                                data-visible=\"visible\"\n                                data-trigger=\".news__posts\"\n                                data-visible-delay=\"0\"\n                                style=\"position: absolute; left: 0%; top: 0px;\"\n                            >\n                                <div class=\"news__tile\" tabindex=\"0\">\n                                    <a href=\"https:\/\/2024.nufarm.com.au\/de\/product\/starship100sc\/\">\n                                        <div class=\"news__feature\">\n                                                                                            <img loading=\"lazy\"\n                                                    width=\"480\"\n                                                    height=\"342\"\n                                                    src=\"https:\/\/cdn.nufarm.com\/wp-content\/uploads\/sites\/24\/2023\/12\/07140218\/Kanister_Starship-100SC_5l.jpg\"\n                                                    class=\"attachment-post_feature size-post_feature wp-post-image\"\n                                                    alt=\"Starship&lt;sup&gt;\u00ae&lt;\/sup&gt;100 SC\"\n                                                    sizes=\"auto, (max-width:767px) 100vw, (max-width: 991px) 50vw, (max-width:1199px) 25vw, 302px\"\n                                                    decoding=\"async\"\n                                                \/>\n                                                                                    <\/div>\n                                        <div class=\"news__copy\">\n                                            <h4>Starship&lt;sup&gt;\u00ae&lt;\/sup&gt;100 SC<\/h4>\n                                                                                            <p><p>Starship\u00ae 100 SC ist ein \u00fcberwiegend blattaktives Nachauflaufherbizid mit hervorragender Wirkung auf viele einj\u00e4hrige zweikeimbl\u00e4ttrige Unkr\u00e4uter sowie H\u00fchnerhirse. Eine Teilwirkung erfolgt durch die Aufnahme von Wirkstoff \u00fcber die Wurzel. Somit werden leicht bek\u00e4mpfbare Unkr\u00e4uter, welche \u00fcber einen l\u00e4ngeren Zeitraum auflaufen, sicher erfasst.<\/p>\n<\/p>\n                                                                                        <span class=\"primary-link\"><svg class=\"icon\" viewBox=\"0 0 16 17\"><use xlink:href=\"#Icons\/RightArrow\"><\/use><\/svg>Show more<\/span>\n                                        <\/div>\n                                    <\/a>\n                                <\/div>\n                            <\/div>\n                                                    <div \n                                class=\"col-xs-12 col-sm-6 col-md-3 masonry-item\"\n                                data-visible=\"visible\"\n                                data-trigger=\".news__posts\"\n                                data-visible-delay=\"0\"\n                                style=\"position: absolute; left: 0%; top: 0px;\"\n                            >\n                                <div class=\"news__tile\" tabindex=\"0\">\n                                    <a href=\"https:\/\/2024.nufarm.com.au\/de\/product\/accurate\/\">\n                                        <div class=\"news__feature\">\n                                                                                            <img loading=\"lazy\"\n                                                    width=\"480\"\n                                                    height=\"342\"\n                                                    src=\"https:\/\/cdn.nufarm.com\/wp-content\/uploads\/sites\/24\/2023\/12\/08084911\/Flasche_Accurate_500g-scaled.jpg\"\n                                                    class=\"attachment-post_feature size-post_feature wp-post-image\"\n                                                    alt=\"Accurate&lt;sup&gt;\u00ae&lt;\/sup&gt;\"\n                                                    sizes=\"auto, (max-width:767px) 100vw, (max-width: 991px) 50vw, (max-width:1199px) 25vw, 302px\"\n                                                    decoding=\"async\"\n                                                \/>\n                                                                                    <\/div>\n                                        <div class=\"news__copy\">\n                                            <h4>Accurate&lt;sup&gt;\u00ae&lt;\/sup&gt;<\/h4>\n                                                                                            <p><p>Accurate\u00ae ist ein Getreideherbizid und enth\u00e4lt den Wirkstoff Metsulfuron. Accurate\u00ae ist ein zuverl\u00e4ssiger Partner zur Hundskerbelbek\u00e4mpfung und schlie\u00dft L\u00fccken bei Stiefm\u00fctterchen, Taubnessel, Kamille-Arten und Storchschnabel.<\/p>\n<\/p>\n                                                                                        <span class=\"primary-link\"><svg class=\"icon\" viewBox=\"0 0 16 17\"><use xlink:href=\"#Icons\/RightArrow\"><\/use><\/svg>Show more<\/span>\n                                        <\/div>\n                                    <\/a>\n                                <\/div>\n                            <\/div>\n                        \n                    <\/div>\n                <\/div>\n            <\/div>\n        <\/div>\n    <\/div>\n<\/section>\n\n<\/div><\/section>\n","protected":false},"excerpt":{"rendered":"","protected":false},"author":246,"featured_media":0,"parent":0,"menu_order":0,"comment_status":"closed","ping_status":"closed","template":"template_marketing_page\/template_marketing.php","meta":{"_acf_changed":false,"ep_exclude_from_search":false,"footnotes":""},"class_list":["post-23595","page","type-page","status-publish","hentry"],"acf":[],"_links":{"self":[{"href":"https:\/\/2024.nufarm.com.au\/de\/wp-json\/wp\/v2\/pages\/23595","targetHints":{"allow":["GET"]}}],"collection":[{"href":"https:\/\/2024.nufarm.com.au\/de\/wp-json\/wp\/v2\/pages"}],"about":[{"href":"https:\/\/2024.nufarm.com.au\/de\/wp-json\/wp\/v2\/types\/page"}],"author":[{"embeddable":true,"href":"https:\/\/2024.nufarm.com.au\/de\/wp-json\/wp\/v2\/users\/246"}],"replies":[{"embeddable":true,"href":"https:\/\/2024.nufarm.com.au\/de\/wp-json\/wp\/v2\/comments?post=23595"}],"version-history":[{"count":5,"href":"https:\/\/2024.nufarm.com.au\/de\/wp-json\/wp\/v2\/pages\/23595\/revisions"}],"predecessor-version":[{"id":23602,"href":"https:\/\/2024.nufarm.com.au\/de\/wp-json\/wp\/v2\/pages\/23595\/revisions\/23602"}],"wp:attachment":[{"href":"https:\/\/2024.nufarm.com.au\/de\/wp-json\/wp\/v2\/media?parent=23595"}],"curies":[{"name":"wp","href":"https:\/\/api.w.org\/{rel}","templated":true}]}}