
{"id":971,"date":"2019-09-16T18:46:38","date_gmt":"2019-09-16T08:46:38","guid":{"rendered":"https:\/\/www2.nufarm.com\/cz\/?page_id=971"},"modified":"2019-09-25T17:35:52","modified_gmt":"2019-09-25T07:35:52","slug":"rustovy-regulator","status":"publish","type":"page","link":"https:\/\/2024.nufarm.com.au\/cz\/pripravky\/rustovy-regulator\/","title":{"rendered":"R\u016fstov\u00e9 regul\u00e1tory"},"content":{"rendered":"","protected":false},"excerpt":{"rendered":"","protected":false},"author":158,"featured_media":0,"parent":123,"menu_order":0,"comment_status":"closed","ping_status":"closed","template":"","meta":{"_acf_changed":false,"ep_exclude_from_search":false,"footnotes":""},"class_list":["post-971","page","type-page","status-publish","hentry"],"acf":[],"_links":{"self":[{"href":"https:\/\/2024.nufarm.com.au\/cz\/wp-json\/wp\/v2\/pages\/971","targetHints":{"allow":["GET"]}}],"collection":[{"href":"https:\/\/2024.nufarm.com.au\/cz\/wp-json\/wp\/v2\/pages"}],"about":[{"href":"https:\/\/2024.nufarm.com.au\/cz\/wp-json\/wp\/v2\/types\/page"}],"author":[{"embeddable":true,"href":"https:\/\/2024.nufarm.com.au\/cz\/wp-json\/wp\/v2\/users\/158"}],"replies":[{"embeddable":true,"href":"https:\/\/2024.nufarm.com.au\/cz\/wp-json\/wp\/v2\/comments?post=971"}],"version-history":[{"count":6,"href":"https:\/\/2024.nufarm.com.au\/cz\/wp-json\/wp\/v2\/pages\/971\/revisions"}],"predecessor-version":[{"id":1016,"href":"https:\/\/2024.nufarm.com.au\/cz\/wp-json\/wp\/v2\/pages\/971\/revisions\/1016"}],"up":[{"embeddable":true,"href":"https:\/\/2024.nufarm.com.au\/cz\/wp-json\/wp\/v2\/pages\/123"}],"wp:attachment":[{"href":"https:\/\/2024.nufarm.com.au\/cz\/wp-json\/wp\/v2\/media?parent=971"}],"curies":[{"name":"wp","href":"https:\/\/api.w.org\/{rel}","templated":true}]}}