
{"id":5233,"date":"2018-06-21T13:36:03","date_gmt":"2018-06-21T20:36:03","guid":{"rendered":"https:\/\/www2.nufarm.com\/ca\/?page_id=5233"},"modified":"2018-06-25T12:41:31","modified_gmt":"2018-06-25T19:41:31","slug":"careers-east-2","status":"publish","type":"page","link":"https:\/\/2024.nufarm.com.au\/ca\/fr\/careers-east-2\/","title":{"rendered":"Carri\u00e8res"},"content":{"rendered":"<h4><strong>Devenez un Nufarmer!<\/strong><\/h4>\n<p>Nufarm est une organisation mondiale pr\u00e9sente en Am\u00e9rique du Nord, en Europe, en Asie, en Am\u00e9rique du Sud et en Australie.<\/p>\n<p>Vous \u00eates passionn\u00e9s d\u2019agriculture et d\u00e9sirez progresser dans votre vie professionnelle?&nbsp; Nous avons des opportunit\u00e9s de carri\u00e8re pour vous chez Nufarm.<\/p>\n<p>Joignez-vous \u00e0 notre \u00e9quipe pour une carri\u00e8re enrichissante dans un environnement de travail stimulant et dynamique. Nous sommes toujours \u00e0 la recherche de personnes exceptionnelles pour d\u00e9velopper un meilleur avenir.<\/p>\n<p>&nbsp;<\/p>\n<p><a class=\"button round\" href=\"https:\/\/career10.successfactors.com\/career?company=nufarmlimi&amp;career_ns=job_listing_summary&amp;navBarLevel=JOB_SEARCH\" target=\"_blank\" rel=\"noopener\">Voir tous les emplois disponibles<\/a><\/p>\n","protected":false},"excerpt":{"rendered":"<p>Devenez un Nufarmer! Nufarm est une organisation mondiale pr\u00e9sente en Am\u00e9rique du Nord, en Europe, en Asie, en Am\u00e9rique du Sud et en Australie. Vous \u00eates passionn\u00e9s d\u2019agriculture et d\u00e9sirez progresser dans votre vie professionnelle?&nbsp; Nous avons des opportunit\u00e9s de carri\u00e8re pour vous chez Nufarm. Joignez-vous \u00e0 notre \u00e9quipe pour une carri\u00e8re enrichissante dans un &#8230;<\/p>\n","protected":false},"author":154,"featured_media":0,"parent":0,"menu_order":0,"comment_status":"closed","ping_status":"closed","template":"","meta":{"_acf_changed":false,"footnotes":""},"region_visibility":[466],"class_list":["post-5233","page","type-page","status-publish","hentry","region_visibility-east"],"acf":[],"_links":{"self":[{"href":"https:\/\/2024.nufarm.com.au\/ca\/wp-json\/wp\/v2\/pages\/5233","targetHints":{"allow":["GET"]}}],"collection":[{"href":"https:\/\/2024.nufarm.com.au\/ca\/wp-json\/wp\/v2\/pages"}],"about":[{"href":"https:\/\/2024.nufarm.com.au\/ca\/wp-json\/wp\/v2\/types\/page"}],"author":[{"embeddable":true,"href":"https:\/\/2024.nufarm.com.au\/ca\/wp-json\/wp\/v2\/users\/154"}],"replies":[{"embeddable":true,"href":"https:\/\/2024.nufarm.com.au\/ca\/wp-json\/wp\/v2\/comments?post=5233"}],"version-history":[{"count":3,"href":"https:\/\/2024.nufarm.com.au\/ca\/wp-json\/wp\/v2\/pages\/5233\/revisions"}],"predecessor-version":[{"id":17431,"href":"https:\/\/2024.nufarm.com.au\/ca\/wp-json\/wp\/v2\/pages\/5233\/revisions\/17431"}],"wp:attachment":[{"href":"https:\/\/2024.nufarm.com.au\/ca\/wp-json\/wp\/v2\/media?parent=5233"}],"wp:term":[{"taxonomy":"region_visibility","embeddable":true,"href":"https:\/\/2024.nufarm.com.au\/ca\/wp-json\/wp\/v2\/region_visibility?post=5233"}],"curies":[{"name":"wp","href":"https:\/\/api.w.org\/{rel}","templated":true}]}}