
{"id":5191,"date":"2018-06-21T08:47:15","date_gmt":"2018-06-21T15:47:15","guid":{"rendered":"https:\/\/www2.nufarm.com\/ca\/?page_id=5191"},"modified":"2021-03-29T08:29:30","modified_gmt":"2021-03-29T14:29:30","slug":"featured-products-east-2","status":"publish","type":"page","link":"https:\/\/2024.nufarm.com.au\/ca\/fr\/featured-products-east-2\/","title":{"rendered":"Produits vedettes"},"content":{"rendered":"<p class=\"title\">Chaque nouvelle saison agricole apporte son lot de nouveaut\u00e9s, de d\u00e9cisions et d\u2019opportunit\u00e9s. Nufarm continu l\u2019expansion de son portfolio de produits incluant de nouvelles solutions pour les c\u00e9r\u00e9ales, le soya et les productions horticoles. Nos objectifs&nbsp;: obtenir un excellent d\u00e9but de saison, des champs propres tout au long de la saison et des rendements sup\u00e9rieurs de vos productions. Naviguez parmi les produits propos\u00e9s et contactez-nous si vous avez des questions.<\/p>\n","protected":false},"excerpt":{"rendered":"<p>Chaque nouvelle saison agricole apporte son lot de nouveaut\u00e9s, de d\u00e9cisions et d\u2019opportunit\u00e9s. Nufarm continu l\u2019expansion de son portfolio de produits incluant de nouvelles solutions pour les c\u00e9r\u00e9ales, le soya et les productions horticoles. Nos objectifs&nbsp;: obtenir un excellent d\u00e9but de saison, des champs propres tout au long de la saison et des rendements sup\u00e9rieurs &#8230;<\/p>\n","protected":false},"author":35,"featured_media":0,"parent":0,"menu_order":0,"comment_status":"closed","ping_status":"closed","template":"","meta":{"_acf_changed":false,"footnotes":""},"region_visibility":[466],"class_list":["post-5191","page","type-page","status-publish","hentry","region_visibility-east"],"acf":[],"_links":{"self":[{"href":"https:\/\/2024.nufarm.com.au\/ca\/wp-json\/wp\/v2\/pages\/5191","targetHints":{"allow":["GET"]}}],"collection":[{"href":"https:\/\/2024.nufarm.com.au\/ca\/wp-json\/wp\/v2\/pages"}],"about":[{"href":"https:\/\/2024.nufarm.com.au\/ca\/wp-json\/wp\/v2\/types\/page"}],"author":[{"embeddable":true,"href":"https:\/\/2024.nufarm.com.au\/ca\/wp-json\/wp\/v2\/users\/35"}],"replies":[{"embeddable":true,"href":"https:\/\/2024.nufarm.com.au\/ca\/wp-json\/wp\/v2\/comments?post=5191"}],"version-history":[{"count":13,"href":"https:\/\/2024.nufarm.com.au\/ca\/wp-json\/wp\/v2\/pages\/5191\/revisions"}],"predecessor-version":[{"id":15819,"href":"https:\/\/2024.nufarm.com.au\/ca\/wp-json\/wp\/v2\/pages\/5191\/revisions\/15819"}],"wp:attachment":[{"href":"https:\/\/2024.nufarm.com.au\/ca\/wp-json\/wp\/v2\/media?parent=5191"}],"wp:term":[{"taxonomy":"region_visibility","embeddable":true,"href":"https:\/\/2024.nufarm.com.au\/ca\/wp-json\/wp\/v2\/region_visibility?post=5191"}],"curies":[{"name":"wp","href":"https:\/\/api.w.org\/{rel}","templated":true}]}}