
{"id":7513,"date":"2023-06-01T10:50:49","date_gmt":"2023-06-01T08:50:49","guid":{"rendered":"https:\/\/nufarm.com\/be\/?page_id=7513"},"modified":"2023-06-01T11:43:50","modified_gmt":"2023-06-01T09:43:50","slug":"defisdelacultureduchou","status":"publish","type":"page","link":"https:\/\/2024.nufarm.com.au\/be\/fr\/defisdelacultureduchou\/","title":{"rendered":"Les d\u00e9fis de la culture du chou"},"content":{"rendered":"<p>Les diff\u00e9rentes chenilles d\u00e9foliatrices, comme la pi\u00e9ride du chou et la noctuelle, font beaucoup de d\u00e9g\u00e2ts. Elles rongent notamment les feuilles et le chou, et contaminent la culture. Le nombres de solutions insecticides efficaces est de plus en plus restreint de part entre autre l\u2019\u00e9volution de la r\u00e9glementation. Les producteurs doivent donc trouver une autre mani\u00e8re de combattre les d\u00e9g\u00e2ts provoqu\u00e9s par les chenilles. DiPel DF est une solution tout indiqu\u00e9e. En respectant les insectes utiles, ceux-ci permettent d\u2019assurer l\u2019efficacit\u00e9 du traitement tout au long de la culture. L\u2019utilisation de DiPel DF est largement autoris\u00e9 dans les diff\u00e9rentes cultures de chou.<\/p>\n<p>&nbsp;<\/p>\n<p><strong>Lutter contre les chenilles dans les cultures de chou avec DiPel DF<\/strong><\/p>\n<ul>\n<li>DiPel DF est la solution de d\u00e9part id\u00e9ale pour lutter contre les chenilles d\u00e9foliatrices en choux.<\/li>\n<li>Respecte les organismes utiles.<\/li>\n<li>Efficacit\u00e9 longtemps prouv\u00e9e<\/li>\n<li>Il ne laisse pas de r\u00e9sidu.<\/li>\n<li>Aucune r\u00e9sistance n\u2019a encore \u00e9t\u00e9 observ\u00e9e.<\/li>\n<\/ul>\n<p>&nbsp;<\/p>\n<p><strong>Lutter contre les chenilles tout en \u00e9pargnant la biologie dans les cultures de chou<\/strong><br \/>\nLe nombres d\u2019organisme utile dans la culture est de plus en plus important. Les ichneumons et col\u00e9opt\u00e8res pr\u00e9sents dans le champ, comme la coccinelle, sont importants pour lutter contre les pucerons, les chenilles et les mouches blanches. L\u2019important est de maintenir cet \u00e9quilibre tout au long de la culture. DiPel DF (un BtK). DiPel DF \u00e9pargne les ennemis naturels tout en luttant contre les chenilles. Le producteur de chou peut ainsi continuer \u00e0 contr\u00f4ler les infestations pendant une plus longue p\u00e9riode et avec moins d\u2019intrants chimiques.<\/p>\n<p><strong>&nbsp;<\/strong><\/p>\n<p><strong>DiPel DF&nbsp;: une \u00e9limination rapide et efficace des chenilles dans les cultures de chou<\/strong><br \/>\nLe principe actif de DiPel DF est la bact\u00e9rie Bacillus thuringiensis Kurstaki (BtK). Cette bact\u00e9rie pr\u00e9sente naturellement dans la terre \u00e9limine particuli\u00e8rement bien les chenilles. DiPel DF met rapidement un terme aux d\u00e9g\u00e2ts provoqu\u00e9s par les chenilles en formant des cristaux dans leur corps, ce qui les tue au bout de trois jours. DiPel DF est un insecticide \u00e0 la performance impressionnante. Il est ainsi utilis\u00e9 depuis des dizaines d\u2019ann\u00e9es dans les cultures sous serre. Aucune r\u00e9sistance n\u2019a encore \u00e9t\u00e9 observ\u00e9e. La raison&nbsp;? Il combine quatre toxines qui agissent sur la biologie. \u00c0 l\u2019heure o\u00f9 de moins en moins d\u2019insecticides chimiques sont autoris\u00e9s dans les cultures des l\u00e9gumes de pleine terre, les BtK, comme DiPel DF, sont de plus en plus utiles aux producteurs de chou.<\/p>\n<img loading=\"lazy\" decoding=\"async\" class=\"alignnone wp-image-7498\" src=\"https:\/\/nufarm.com\/be\/wp-content\/uploads\/sites\/39\/2023\/05\/Visual-DiPel-DF-1-300x197.png\" alt=\"\" width=\"617\" height=\"405\" srcset=\"https:\/\/cdn.nufarm.com\/wp-content\/uploads\/sites\/39\/2023\/05\/26114715\/Visual-DiPel-DF-1-300x197.png 300w, https:\/\/cdn.nufarm.com\/wp-content\/uploads\/sites\/39\/2023\/05\/26114715\/Visual-DiPel-DF-1-1024x671.png 1024w, https:\/\/cdn.nufarm.com\/wp-content\/uploads\/sites\/39\/2023\/05\/26114715\/Visual-DiPel-DF-1-768x503.png 768w, https:\/\/cdn.nufarm.com\/wp-content\/uploads\/sites\/39\/2023\/05\/26114715\/Visual-DiPel-DF-1-1536x1007.png 1536w, https:\/\/cdn.nufarm.com\/wp-content\/uploads\/sites\/39\/2023\/05\/26114715\/Visual-DiPel-DF-1-2048x1343.png 2048w, https:\/\/cdn.nufarm.com\/wp-content\/uploads\/sites\/39\/2023\/05\/26114715\/Visual-DiPel-DF-1-1920x1259.png 1920w, https:\/\/cdn.nufarm.com\/wp-content\/uploads\/sites\/39\/2023\/05\/26114715\/Visual-DiPel-DF-1-1200x787.png 1200w, https:\/\/cdn.nufarm.com\/wp-content\/uploads\/sites\/39\/2023\/05\/26114715\/Visual-DiPel-DF-1-480x315.png 480w\" sizes=\"auto, (max-width: 617px) 100vw, 617px\" \/>\n<p><strong>DiPel DF, un excellent insecticide pour les cultures de chou pomm\u00e9 et de chou de Bruxelles<\/strong><br \/>\nConscient que de moins en moins d\u2019insecticides allaient \u00eatre disponibles pour la culture du chou, Nufarm a commenc\u00e9 \u00e0 effectuer des essais dans la culture du chou en pleine terre il y a plusieurs ann\u00e9es, notamment sur le chou pomm\u00e9 et le chou de Bruxelles. Ces deux cultures pr\u00e9sentent un cycle relativement long, lors duquel il est important d\u2019exploiter la biologie naturelle (ichneumons et col\u00e9opt\u00e8res) de mani\u00e8re optimale. Les essais r\u00e9alis\u00e9s ont d\u00e9montr\u00e9 que DiPel DF luttait exceptionnellement bien contre les infestations de chenilles. Vous trouverez ci-dessous les r\u00e9sultats des essais r\u00e9alis\u00e9s dans les cultures de chou pomm\u00e9 et de chou de Bruxelles (2022).<\/p>\n<p>&nbsp;<\/p>\n<img loading=\"lazy\" decoding=\"async\" class=\"alignnone wp-image-7522\" src=\"https:\/\/nufarm.com\/be\/wp-content\/uploads\/sites\/39\/2023\/05\/Grafiek-spruitkoolpl-Dipel-DF-F-300x185.png\" alt=\"\" width=\"739\" height=\"456\" srcset=\"https:\/\/cdn.nufarm.com\/wp-content\/uploads\/sites\/39\/2023\/05\/31122302\/Grafiek-spruitkoolpl-Dipel-DF-F-300x185.png 300w, https:\/\/cdn.nufarm.com\/wp-content\/uploads\/sites\/39\/2023\/05\/31122302\/Grafiek-spruitkoolpl-Dipel-DF-F-1024x632.png 1024w, https:\/\/cdn.nufarm.com\/wp-content\/uploads\/sites\/39\/2023\/05\/31122302\/Grafiek-spruitkoolpl-Dipel-DF-F-768x474.png 768w, https:\/\/cdn.nufarm.com\/wp-content\/uploads\/sites\/39\/2023\/05\/31122302\/Grafiek-spruitkoolpl-Dipel-DF-F-480x296.png 480w, https:\/\/cdn.nufarm.com\/wp-content\/uploads\/sites\/39\/2023\/05\/31122302\/Grafiek-spruitkoolpl-Dipel-DF-F.png 1135w\" sizes=\"auto, (max-width: 739px) 100vw, 739px\" \/>\n<img loading=\"lazy\" decoding=\"async\" class=\"alignnone wp-image-7521\" src=\"https:\/\/nufarm.com\/be\/wp-content\/uploads\/sites\/39\/2023\/05\/Grafiek-28jun-Dipel-DF-F-300x216.png\" alt=\"\" width=\"725\" height=\"522\" srcset=\"https:\/\/cdn.nufarm.com\/wp-content\/uploads\/sites\/39\/2023\/05\/31122257\/Grafiek-28jun-Dipel-DF-F-300x216.png 300w, https:\/\/cdn.nufarm.com\/wp-content\/uploads\/sites\/39\/2023\/05\/31122257\/Grafiek-28jun-Dipel-DF-F-1024x737.png 1024w, https:\/\/cdn.nufarm.com\/wp-content\/uploads\/sites\/39\/2023\/05\/31122257\/Grafiek-28jun-Dipel-DF-F-768x553.png 768w, https:\/\/cdn.nufarm.com\/wp-content\/uploads\/sites\/39\/2023\/05\/31122257\/Grafiek-28jun-Dipel-DF-F-480x346.png 480w, https:\/\/cdn.nufarm.com\/wp-content\/uploads\/sites\/39\/2023\/05\/31122257\/Grafiek-28jun-Dipel-DF-F.png 1135w\" sizes=\"auto, (max-width: 725px) 100vw, 725px\" \/>\n<img loading=\"lazy\" decoding=\"async\" class=\"alignnone wp-image-7520\" src=\"https:\/\/nufarm.com\/be\/wp-content\/uploads\/sites\/39\/2023\/05\/Grafiek-12jul-Dipel-DF-F-300x250.png\" alt=\"\" width=\"707\" height=\"589\" srcset=\"https:\/\/cdn.nufarm.com\/wp-content\/uploads\/sites\/39\/2023\/05\/31122252\/Grafiek-12jul-Dipel-DF-F-300x250.png 300w, https:\/\/cdn.nufarm.com\/wp-content\/uploads\/sites\/39\/2023\/05\/31122252\/Grafiek-12jul-Dipel-DF-F-1024x853.png 1024w, https:\/\/cdn.nufarm.com\/wp-content\/uploads\/sites\/39\/2023\/05\/31122252\/Grafiek-12jul-Dipel-DF-F-768x640.png 768w, https:\/\/cdn.nufarm.com\/wp-content\/uploads\/sites\/39\/2023\/05\/31122252\/Grafiek-12jul-Dipel-DF-F-480x400.png 480w, https:\/\/cdn.nufarm.com\/wp-content\/uploads\/sites\/39\/2023\/05\/31122252\/Grafiek-12jul-Dipel-DF-F.png 1135w\" sizes=\"auto, (max-width: 707px) 100vw, 707px\" \/>\n<p><strong>Lutter contre les chenilles dans les cultures de chou-fleur et de brocoli<\/strong><br \/>\nDiPel DF peut-il \u00e9galement \u00eatre utilis\u00e9 dans d\u2019autres vari\u00e9t\u00e9s de chou, comme le chou-fleur et le brocoli&nbsp;? La r\u00e9ponse est&nbsp;: \u00e9videmment oui. L\u2019utilisation de DiPel DF est largement autoris\u00e9e dans les cultures de chou et diff\u00e9rentes cultures de l\u00e9gumes de pleine terre, m\u00eame dans les cultures au cycle de croissance beaucoup plus court. C\u2019est au producteur de d\u00e9terminer s\u2019il souhaite utiliser DiPel DF, qui \u00e9pargne les ennemis naturels et r\u00e9duit les r\u00e9sidus.<\/p>\n<p>&nbsp;<\/p>\n<p><strong>Conseils et sch\u00e9ma de la lutte contre les chenilles dans les cultures de chou pomm\u00e9 et de chou de Bruxelles<\/strong><br \/>\nLa pi\u00e9ride du chou (de petite et de grande taille) devient active \u00e0 partir de fin avril\/d\u00e9but mai. La teigne des crucif\u00e8res et la noctuelle du chou la suivent de pr\u00e8s, d\u00e8s le mois de mai. Il est important de pulv\u00e9riser DiPel DF le plus rapidement possible apr\u00e8s l\u2019observation des premiers \u0153ufs ou des petites chenilles. Selon le degr\u00e9 d\u2019infestation, la pulv\u00e9risation de DiPel DF pourra \u00eatre r\u00e9p\u00e9t\u00e9e plusieurs fois.<\/p>\n<p>&nbsp;<\/p>\n<p><a href=\"https:\/\/nufarm.com\/be\/fr\/product\/neemazal-t-s-2\/\"><strong>NeemAzal-T\/S<\/strong><\/a><strong> contre l\u2019aleurode du chou et le puceron cendr\u00e9 du chou<\/strong><br \/>\nLe traitement peut \u00eatre compl\u00e9t\u00e9 par NeemAzal-T\/S (dont le principe actif est l\u2019azadriachtine-A) pour continuer \u00e0 \u00e9pargner les ennemis naturels m\u00eame apr\u00e8s les pulv\u00e9risations de DiPel DF. Cet herbicide est efficace sur les pucerons et les mouches blanches et un effet secondaire sur les chenilles.<\/p>\n<p>&nbsp;<\/p>\n<p><strong>Trucs et astuces pour lutter contre les chenilles dans la culture du chou<\/strong><\/p>\n<ul>\n<li>Un BtK tel que DiPel DF demande une surveillance \u00e9troite et une intervention pr\u00e9coce.<\/li>\n<li>Dans les champs de chou de Flandre orientale, les infestations de chenilles sont souvent bien plus fortes, ce qui n\u00e9cessite des interventions plus nombreuses et rapproch\u00e9es.<\/li>\n<li>Veillez \u00e0 planifier un traitement ad\u00e9quat, tout en tenant compte de l\u2019intensit\u00e9 de l\u2019infestation. Consultez d\u2019autres producteurs ou des conseillers.<\/li>\n<li>Si besoin, am\u00e9liorez l\u2019efficacit\u00e9 de la pulv\u00e9risation \u00e0 l\u2019aide d\u2019un adjuvant.<\/li>\n<\/ul>\n<p>&nbsp;<\/p>\n<p style=\"text-align: left\"><a class=\"button round\" href=\"https:\/\/cdn.nufarm.com\/wp-content\/uploads\/sites\/37\/2018\/09\/03085102\/Schema-koolteelt.pdf\" target=\"_blank\" rel=\"noopener\">calendrier de la culture des choux<\/a><\/p>\n<p>&nbsp;<\/p>\n<p>&nbsp;<\/p>\n<p><strong>Plus d\u2019informations <\/strong><\/p>\n<p><strong><em>Page produit<\/em><\/strong><\/p>\n<p>Consultez notre <a href=\"https:\/\/nufarm.com\/be\/fr\/product\/dipeldf\/\">page sur DiPel DF<\/a> pour en savoir plus sur les autres autorisations et l\u2019\u00e9tiquette.<\/p>\n<p><strong><em>Vous \u00eates producteur&nbsp;?<\/em><\/strong><\/p>\n<p>Pour plus d\u2019informations, n\u2019h\u00e9sitez pas \u00e0 contacter votre fournisseur d\u2019insecticides.<\/p>\n<p><strong><em>Vous \u00eates conseiller&nbsp;?<\/em><\/strong><\/p>\n<p>&nbsp;<\/p>\n<p><strong>N\u2019h\u00e9sitez pas \u00e0 contacter :<\/strong><strong><br \/>\n<\/strong>Tjeerd Peeters (Technical Advisor Nederland)&nbsp;; t\u00e9l. +31 (0)6-51224563&nbsp;; email&nbsp;: <a href=\"mailto:tjeerd.peeters@nufarm.com\">tjeerd.peeters@nufarm.com<\/a><\/p>\n<p>Gerwin Murre (Technical Advisor Nederland), t\u00e9l. +31 (0)6-26625355; e-mail :&nbsp; <a href=\"mailto:gerwin.murre@nufarm.com\">gerwin.murre@nufarm.com<\/a><\/p>\n<p>Gilles Callens (Key account Belux \/ Customer marketing mng BNL) ;t\u00e9l. +32 472 222483 ;email: <a href=\"mailto:gilles.callens@nufarm.com\">gilles.callens@nufarm.com<\/a><\/p>\n<p>&nbsp;<\/p>\n<div class=\"oembed\">\n<div class=\"oembed__inner\"><iframe loading=\"lazy\" title=\"Produit cl\u00e9 pour l\u2019\u00e9limination des chenilles\" width=\"500\" height=\"281\" src=\"https:\/\/www.youtube.com\/embed\/oLXWETHwMAo?feature=oembed\" frameborder=\"0\" allow=\"accelerometer; autoplay; clipboard-write; encrypted-media; gyroscope; picture-in-picture; web-share\" referrerpolicy=\"strict-origin-when-cross-origin\" allowfullscreen><\/iframe><\/div>\n<\/div>\n","protected":false},"excerpt":{"rendered":"<p>Les diff\u00e9rentes chenilles d\u00e9foliatrices, comme la pi\u00e9ride du chou et la noctuelle, font beaucoup de d\u00e9g\u00e2ts. Elles rongent notamment les feuilles et le chou, et contaminent la culture. Le nombres de solutions insecticides efficaces est de plus en plus restreint de part entre autre l\u2019\u00e9volution de la r\u00e9glementation. Les producteurs doivent donc trouver une autre &#8230;<\/p>\n","protected":false},"author":84,"featured_media":7492,"parent":0,"menu_order":0,"comment_status":"closed","ping_status":"closed","template":"","meta":{"_acf_changed":false,"ep_exclude_from_search":false,"footnotes":""},"class_list":["post-7513","page","type-page","status-publish","has-post-thumbnail","hentry"],"acf":[],"_links":{"self":[{"href":"https:\/\/2024.nufarm.com.au\/be\/wp-json\/wp\/v2\/pages\/7513","targetHints":{"allow":["GET"]}}],"collection":[{"href":"https:\/\/2024.nufarm.com.au\/be\/wp-json\/wp\/v2\/pages"}],"about":[{"href":"https:\/\/2024.nufarm.com.au\/be\/wp-json\/wp\/v2\/types\/page"}],"author":[{"embeddable":true,"href":"https:\/\/2024.nufarm.com.au\/be\/wp-json\/wp\/v2\/users\/84"}],"replies":[{"embeddable":true,"href":"https:\/\/2024.nufarm.com.au\/be\/wp-json\/wp\/v2\/comments?post=7513"}],"version-history":[{"count":9,"href":"https:\/\/2024.nufarm.com.au\/be\/wp-json\/wp\/v2\/pages\/7513\/revisions"}],"predecessor-version":[{"id":7531,"href":"https:\/\/2024.nufarm.com.au\/be\/wp-json\/wp\/v2\/pages\/7513\/revisions\/7531"}],"wp:featuredmedia":[{"embeddable":true,"href":"https:\/\/2024.nufarm.com.au\/be\/wp-json\/wp\/v2\/media\/7492"}],"wp:attachment":[{"href":"https:\/\/2024.nufarm.com.au\/be\/wp-json\/wp\/v2\/media?parent=7513"}],"curies":[{"name":"wp","href":"https:\/\/api.w.org\/{rel}","templated":true}]}}