
{"id":5976,"date":"2022-04-04T10:24:34","date_gmt":"2022-04-04T08:24:34","guid":{"rendered":"https:\/\/nufarm.com\/be\/?page_id=5976"},"modified":"2024-06-07T13:51:23","modified_gmt":"2024-06-07T11:51:23","slug":"phytophthora-infestans-2","status":"publish","type":"page","link":"https:\/\/2024.nufarm.com.au\/be\/fr\/phytophthora-infestans-2\/","title":{"rendered":"Phytophthora infestans"},"content":{"rendered":"<p>De nombreux producteurs de pommes de terre appellent \u00e9galement le&nbsp;<em>Phytophthora infestans<\/em>&nbsp;le \u00ab mildiou \u00bb ou la \u00ab maladie de la pomme de terre \u00bb. Un nom qui indique \u00e0 quel point cette maladie est redout\u00e9e. Il existe heureusement d\u2019excellents moyens de lutter contre le Phytophthora. Mais il y a aussi des \u00e9volutions qui compliquent le contr\u00f4le. On pense notamment aux souches de Phytophthora qui ont d\u00e9velopp\u00e9 une r\u00e9sistance \u00e0 certains produits phytosanitaires, mais aussi aux hivers doux qui multiplient les sources d\u2019infection. Sans oublier les fortes averses plus fr\u00e9quentes en \u00e9t\u00e9, qui accroissent la pression de la maladie. La disponibilit\u00e9 des produits de protection a \u00e9galement un impact. Il est donc essentiel que les producteurs de pommes de terre soient bien pr\u00e9par\u00e9s et ne se laissent pas surprendre par cette maladie de la pomme de terre. Cet article aborde les points suivants&nbsp;:<\/p>\n<ul>\n<li><strong>Comment le Phytophthora se d\u00e9veloppe-t-il dans les cultures de pommes de terre&nbsp;?<\/strong><\/li>\n<li><strong>Le Phytophthora infestans est-il une maladie fongique&nbsp;?<\/strong><\/li>\n<li><strong>Phytophthora&nbsp;: y a-t-il une diff\u00e9rence au niveau des feuilles et des tubercules&nbsp;?<\/strong><\/li>\n<li><strong>Le Phytophthora et l\u2019influence de la m\u00e9t\u00e9o<\/strong><\/li>\n<li><strong>Syst\u00e8mes d\u2019aide \u00e0 la d\u00e9cision (SAD)<\/strong><\/li>\n<li><strong>Souches du Phytophthora et r\u00e9sistance<\/strong><\/li>\n<li><strong>Lutte contre le phytophtora change<\/strong><\/li>\n<li><strong>Choisissez d\u2019alterner et de combiner<\/strong><\/li>\n<li><strong>Phytophtora&nbsp;: une longue histoire<\/strong><\/li>\n<\/ul>\n<p>&nbsp;<\/p>\n<div style=\"width: 1080px;\" class=\"wp-video\"><!--[if lt IE 9]><script>document.createElement('video');<\/script><![endif]-->\n<video class=\"wp-video-shortcode\" id=\"video-5976-1\" width=\"1080\" height=\"1080\" preload=\"metadata\" controls=\"controls\"><source type=\"video\/mp4\" src=\"https:\/\/nufarm.com\/be\/wp-content\/uploads\/sites\/39\/2024\/06\/Canvas-animatie-B-1-1.mp4?_=1\" \/><a href=\"https:\/\/nufarm.com\/be\/wp-content\/uploads\/sites\/39\/2024\/06\/Canvas-animatie-B-1-1.mp4\">https:\/\/nufarm.com\/be\/wp-content\/uploads\/sites\/39\/2024\/06\/Canvas-animatie-B-1-1.mp4<\/a><\/video><\/div>\n<p>&nbsp;<\/p>\n<p><strong>Comment le Phytophthora se d\u00e9veloppe-t-il dans les cultures de pommes de terre&nbsp;?<\/strong><br \/>\nLes tubercules de pomme de terre qui restent dans le champ sont une cause majeure de nouvelles infections au printemps. Si l\u2019ann\u00e9e pr\u00e9c\u00e9dente a \u00e9t\u00e9 marqu\u00e9e par une forte pression de la maladie, suivie d\u2019un hiver doux, on peut s\u2019attendre \u00e0 voir appara\u00eetre de nouvelles infections plus t\u00f4t l\u2019ann\u00e9e suivante. La maladie peut se propager \u00e0 partir de ces foyers via la pluie et le vent. En th\u00e9orie, la propagation peut \u00eatre tr\u00e8s rapide.<\/p>\n<p>Des spores sans plante h\u00f4te peuvent \u00e9galement survivre dans le sol&nbsp;: ce sont les oospores. Nous savons \u00e0 pr\u00e9sent que ces spores ne peuvent causer des probl\u00e8mes que plus tard dans la saison. Troisi\u00e8me cause potentielle&nbsp;: les plants contamin\u00e9s, susceptibles de provoquer des infections tr\u00e8s t\u00f4t dans la saison. La pomme de terre pousse alors malade.<\/p>\n<p>Le Phytophthora se propage essentiellement pendant la p\u00e9riode de croissance active. Les premi\u00e8res infections proviennent souvent des repousses de pommes de terre. Une bonne raison de rester vigilant et de les d\u00e9truire. La pression du Phytophthora augmente encore en \u00e9t\u00e9. Les p\u00e9riodes prolong\u00e9es d\u2019humidit\u00e9 des feuilles et les temp\u00e9ratures favorables constituent un climat id\u00e9al pour la moisissure. Les foyers apparaissent en particulier sur les parcelles mal prot\u00e9g\u00e9es par des produits pr\u00e9ventifs, avant de se propager. Les jardins familiaux, par exemple, constituent une source de propagation bien connue mais aussi les repousses de pommes de terre dans les cultures printani\u00e8res et c\u00e9r\u00e9ales par exemple. &nbsp;Il en va de m\u00eame pour les champs qui ne sont pas trait\u00e9s avec des fongicides pour des raisons biologiques, et ce malgr\u00e9 le choix de vari\u00e9t\u00e9s r\u00e9sistantes. N\u2019oubliez donc pas que le Phytophthora vient presque toujours de l\u2019ext\u00e9rieur du champ et que la protection pr\u00e9ventive de la plante rev\u00eat donc une importance capitale.<\/p>\n<p>Reproduction sexu\u00e9e et asexu\u00e9e du Phytophthora. <a href=\"https:\/\/i2.wp.com\/onestopshopfungi.org\/wp-content\/uploads\/2020\/10\/fig38.jpg?ssl=1\"><strong>Cliquez ici<\/strong><\/a><\/p>\n<p>&nbsp;<\/p>\n<p><strong>Le Phytophthora infestans est-il une maladie fongique ?<\/strong><br \/>\nLe Phytophthora appartient au groupe des oomyc\u00e8tes (moisissures aquatiques). D\u2019un point de vue biologique, il ne s\u2019agit pas d\u2019un champignon. Il pr\u00e9sente n\u00e9anmoins les caract\u00e9ristiques attribu\u00e9es aux maladies fongiques, comme les hyphes (myc\u00e9lium) sur la face inf\u00e9rieure de la feuille. La reproduction peut se faire de mani\u00e8re sexu\u00e9e ou asexu\u00e9e. Afin de prot\u00e9ger la culture, on utilise des fongicides de mani\u00e8re pr\u00e9ventive et curative. C\u2019est pourquoi, dans cet article, nous qualifierons le Phytophthora de maladie fongique.<\/p>\n<p><strong>Phytophthora&nbsp;: y a-t-il une diff\u00e9rence au niveau des feuilles et des tubercules&nbsp;?<\/strong><br \/>\nLe Phytophthora peut attaquer les feuilles, les tiges et les tubercules. Quelle est la diff\u00e9rence&nbsp;?<\/p>\n<p>Soyons clairs&nbsp;: il s\u2019agit de la \u00ab&nbsp;m\u00eame&nbsp;\u00bb moisissure. Elle peut d\u00e9marrer du tubercule pour infecter la feuille via la tige. C\u2019est le cas si le plant est infect\u00e9 ou si des spores sont rest\u00e9es dans le sol. Mais il se produit souvent l\u2019inverse&nbsp;: la plante saine est infect\u00e9e de l\u2019ext\u00e9rieur. C\u2019est en g\u00e9n\u00e9ral la feuille qui est infect\u00e9e en premier. On le voit au myc\u00e9lium, principalement sur la face inf\u00e9rieure de la feuille, et \u00e0 la coloration brun-noir. Mais la tige est \u00e9galement touch\u00e9e, g\u00e9n\u00e9ralement \u00e0 l\u2019aisselle des feuilles. Des taches brun-noir se dessinent autour de la tige.<\/p>\n<p>Il y a alors de fortes chances que les tubercules soient contamin\u00e9s \u00e0 leur tour, surtout apr\u00e8s une averse. Les produits utilis\u00e9s sont donc principalement destin\u00e9s \u00e0 prot\u00e9ger les feuilles de la pomme de terre. Une fois que les tubercules commencent \u00e0 se former, la protection de ces tubercules devient plus importante.<\/p>\n<img loading=\"lazy\" decoding=\"async\" class=\"alignnone size-medium wp-image-5898\" src=\"https:\/\/nufarm.com\/be\/wp-content\/uploads\/sites\/39\/2022\/03\/Alternaria-Phytophthora-2-225x300.jpg\" alt=\"\" width=\"225\" height=\"300\" srcset=\"https:\/\/cdn.nufarm.com\/wp-content\/uploads\/sites\/39\/2022\/03\/25135448\/Alternaria-Phytophthora-2-225x300.jpg 225w, https:\/\/cdn.nufarm.com\/wp-content\/uploads\/sites\/39\/2022\/03\/25135448\/Alternaria-Phytophthora-2-768x1024.jpg 768w, https:\/\/cdn.nufarm.com\/wp-content\/uploads\/sites\/39\/2022\/03\/25135448\/Alternaria-Phytophthora-2-1152x1536.jpg 1152w, https:\/\/cdn.nufarm.com\/wp-content\/uploads\/sites\/39\/2022\/03\/25135448\/Alternaria-Phytophthora-2-1536x2048.jpg 1536w, https:\/\/cdn.nufarm.com\/wp-content\/uploads\/sites\/39\/2022\/03\/25135448\/Alternaria-Phytophthora-2-scaled.jpg 1920w, https:\/\/cdn.nufarm.com\/wp-content\/uploads\/sites\/39\/2022\/03\/25135448\/Alternaria-Phytophthora-2-1200x1600.jpg 1200w, https:\/\/cdn.nufarm.com\/wp-content\/uploads\/sites\/39\/2022\/03\/25135448\/Alternaria-Phytophthora-2-480x640.jpg 480w\" sizes=\"auto, (max-width: 225px) 100vw, 225px\" \/> <img loading=\"lazy\" decoding=\"async\" class=\"alignnone size-medium wp-image-5897\" src=\"https:\/\/nufarm.com\/be\/wp-content\/uploads\/sites\/39\/2022\/03\/Alternaria-Phytophthora-1-225x300.jpg\" alt=\"\" width=\"225\" height=\"300\" srcset=\"https:\/\/cdn.nufarm.com\/wp-content\/uploads\/sites\/39\/2022\/03\/25135430\/Alternaria-Phytophthora-1-225x300.jpg 225w, https:\/\/cdn.nufarm.com\/wp-content\/uploads\/sites\/39\/2022\/03\/25135430\/Alternaria-Phytophthora-1-768x1024.jpg 768w, https:\/\/cdn.nufarm.com\/wp-content\/uploads\/sites\/39\/2022\/03\/25135430\/Alternaria-Phytophthora-1-1152x1536.jpg 1152w, https:\/\/cdn.nufarm.com\/wp-content\/uploads\/sites\/39\/2022\/03\/25135430\/Alternaria-Phytophthora-1-1536x2048.jpg 1536w, https:\/\/cdn.nufarm.com\/wp-content\/uploads\/sites\/39\/2022\/03\/25135430\/Alternaria-Phytophthora-1-scaled.jpg 1920w, https:\/\/cdn.nufarm.com\/wp-content\/uploads\/sites\/39\/2022\/03\/25135430\/Alternaria-Phytophthora-1-1200x1600.jpg 1200w, https:\/\/cdn.nufarm.com\/wp-content\/uploads\/sites\/39\/2022\/03\/25135430\/Alternaria-Phytophthora-1-480x640.jpg 480w\" sizes=\"auto, (max-width: 225px) 100vw, 225px\" \/>\n<p><strong>Le Phytophthora et l\u2019influence de la m\u00e9t\u00e9o<\/strong><br \/>\nLes journ\u00e9es (et nuits) orageuses de juillet et ao\u00fbt, les journ\u00e9es chaudes et humides, sont propices au Phytophthora. Pendant ces p\u00e9riodes, la plante reste humide longtemps, la temp\u00e9rature est id\u00e9ale pour le d\u00e9veloppement de la maladie et les averses affaiblissent la protection tout en favorisant le transfert des spores du sol vers le tubercule. Il faut \u00e0 tout prix prot\u00e9ger la plante au mieux durant cette p\u00e9riode.<\/p>\n<p>Mais la p\u00e9riode qui pr\u00e9c\u00e8de est au moins aussi importante. Le Phytophthora peut \u00eatre dormant et \u00e0 peine visible dans la culture. Il ne se voit qu\u2019apr\u00e8s coup, lorsque les conditions s\u2019y pr\u00eatent. Autrement dit quand les feuilles restent humides plus longtemps (au moins 4 \u00e0 8 heures), quand l\u2019humidit\u00e9 relative d\u00e9passe 90&nbsp;% et quand les temp\u00e9ratures oscillent entre 12 et 24&nbsp;\u00b0C. De nouvelles spores (asexu\u00e9es) peuvent alors se d\u00e9velopper \u00e0 partir des foyers d\u2019infection et provoquer de nouvelles infections, que l\u2019on peut d\u00e9j\u00e0 distinguer sur les feuilles et les tiges apr\u00e8s 3 \u00e0 5 jours. D\u2019o\u00f9 l\u2019importance de prot\u00e9ger les feuilles et les tiges t\u00f4t dans la saison.<\/p>\n<p><strong>Calendrier de pulv\u00e9risation et syst\u00e8mes d\u2019aide \u00e0 la d\u00e9cision (SAD)<\/strong><\/p>\n<p>Il existe actuellement des syst\u00e8mes d\u2019aide \u00e0 la d\u00e9cision (SAD) sur lesquels le producteur de pommes de terre peut s\u2019appuyer pour lutter contre le Phytophthora. N\u2019oubliez pas que le radar m\u00e9t\u00e9orologique peut aussi vous aider \u00e0 prendre des d\u00e9cisions. Mais le plus important reste peut-\u00eatre d\u2019\u00e9tablir de bons calendriers, \u00e0 ajuster si n\u00e9cessaire. Et, bien s\u00fbr, de garder un \u0153il sur les champs. Vous ne rep\u00e9rerez certainement pas une premi\u00e8re infection pr\u00e9coce depuis votre tracteur pendant la pulv\u00e9risation. Une inspection et un suivi restent n\u00e9cessaires, \u00e9ventuellement en collaboration avec votre conseiller technique.<\/p>\n<p>&nbsp;<\/p>\n<img loading=\"lazy\" decoding=\"async\" class=\" wp-image-5899\" src=\"https:\/\/nufarm.com\/be\/wp-content\/uploads\/sites\/39\/2022\/03\/Buienradar-phytophthora-300x221.jpg\" alt=\"\" width=\"430\" height=\"317\" srcset=\"https:\/\/cdn.nufarm.com\/wp-content\/uploads\/sites\/39\/2022\/03\/25135506\/Buienradar-phytophthora-300x221.jpg 300w, https:\/\/cdn.nufarm.com\/wp-content\/uploads\/sites\/39\/2022\/03\/25135506\/Buienradar-phytophthora-1024x756.jpg 1024w, https:\/\/cdn.nufarm.com\/wp-content\/uploads\/sites\/39\/2022\/03\/25135506\/Buienradar-phytophthora-768x567.jpg 768w, https:\/\/cdn.nufarm.com\/wp-content\/uploads\/sites\/39\/2022\/03\/25135506\/Buienradar-phytophthora-1536x1134.jpg 1536w, https:\/\/cdn.nufarm.com\/wp-content\/uploads\/sites\/39\/2022\/03\/25135506\/Buienradar-phytophthora-1200x886.jpg 1200w, https:\/\/cdn.nufarm.com\/wp-content\/uploads\/sites\/39\/2022\/03\/25135506\/Buienradar-phytophthora-480x354.jpg 480w, https:\/\/cdn.nufarm.com\/wp-content\/uploads\/sites\/39\/2022\/03\/25135506\/Buienradar-phytophthora.jpg 1920w\" sizes=\"auto, (max-width: 430px) 100vw, 430px\" \/>\n<p><strong>Souches du Phytophthora et r\u00e9sistance <\/strong><br \/>\nJusqu\u2019en 1980 environ, le Phytophthora ne pouvait se reproduire que de mani\u00e8re asexu\u00e9e. Jusqu\u2019alors, seul le type A1 \u00e9tait pr\u00e9sent en Europe. Le type A2 est ensuite arriv\u00e9 en Europe \u00e0 partir du Mexique. Si les types d\u2019accouplement A1 et A2 entrent en contact, une reproduction sexu\u00e9e peut avoir lieu. Des oospores \u00e0 paroi \u00e9paisse se forment, qui peuvent survivre longtemps dans le sol. La reproduction sexu\u00e9e complique la lutte contre le Phytophthora. Dans le cas de vari\u00e9t\u00e9s r\u00e9sistantes aux maladies, la r\u00e9sistance sera rompue plus vite. De nouvelles vari\u00e9t\u00e9s issues de la reproduction sexu\u00e9e peuvent m\u00eame \u00eatre moins sensibles, voire totalement insensibles \u00e0 certains pesticides. Il est donc essentiel que le secteur de la culture de la pomme de terre puisse compter sur une large gamme de produits capables de prot\u00e9ger la plante pr\u00e9ventivement. L\u2019augmentation de la propagation et les nouvelles infections multiplient les risques de voir appara\u00eetre de nouvelles souches.<\/p>\n<p>&nbsp;<\/p>\n<a href=\"https:\/\/nufarm.com\/be\/fr\/product\/canvas-2\/\"><img loading=\"lazy\" decoding=\"async\" class=\"alignnone size-medium wp-image-5902\" src=\"https:\/\/nufarm.com\/be\/wp-content\/uploads\/sites\/39\/2022\/03\/Canvas-300x143.jpg\" alt=\"\" width=\"300\" height=\"143\" srcset=\"https:\/\/cdn.nufarm.com\/wp-content\/uploads\/sites\/39\/2022\/03\/25140217\/Canvas-300x143.jpg 300w, https:\/\/cdn.nufarm.com\/wp-content\/uploads\/sites\/39\/2022\/03\/25140217\/Canvas-1024x488.jpg 1024w, https:\/\/cdn.nufarm.com\/wp-content\/uploads\/sites\/39\/2022\/03\/25140217\/Canvas-768x366.jpg 768w, https:\/\/cdn.nufarm.com\/wp-content\/uploads\/sites\/39\/2022\/03\/25140217\/Canvas-480x229.jpg 480w, https:\/\/cdn.nufarm.com\/wp-content\/uploads\/sites\/39\/2022\/03\/25140217\/Canvas.jpg 1181w\" sizes=\"auto, (max-width: 300px) 100vw, 300px\" \/><\/a>\n<p>&nbsp;<\/p>\n<p><strong>Lutte contre le Phytophthora dans les cultures de pommes de terre change<\/strong><br \/>\nPour \u00e9tablir un calendrier de pulv\u00e9risation efficace, il faut avant tout avoir une bonne id\u00e9e de la croissance. Il est crucial de bien anticiper les conditions climatique avec le bon mix. On se base, pour ce faire, sur quatre blocs de croissance et stades de croissance des pommes de terre (cf. illustration). Plus on avance dans la saison, plus la pression de la maladie est forte.<\/p>\n<img loading=\"lazy\" decoding=\"async\" class=\"alignnone wp-image-5985\" src=\"https:\/\/nufarm.com\/be\/wp-content\/uploads\/sites\/39\/2022\/04\/Phytophthora-afbeelding-Blok-3-en-4-Frans-300x97.png\" alt=\"\" width=\"662\" height=\"214\" srcset=\"https:\/\/cdn.nufarm.com\/wp-content\/uploads\/sites\/39\/2022\/04\/04102227\/Phytophthora-afbeelding-Blok-3-en-4-Frans-300x97.png 300w, https:\/\/cdn.nufarm.com\/wp-content\/uploads\/sites\/39\/2022\/04\/04102227\/Phytophthora-afbeelding-Blok-3-en-4-Frans-1024x332.png 1024w, https:\/\/cdn.nufarm.com\/wp-content\/uploads\/sites\/39\/2022\/04\/04102227\/Phytophthora-afbeelding-Blok-3-en-4-Frans-768x249.png 768w, https:\/\/cdn.nufarm.com\/wp-content\/uploads\/sites\/39\/2022\/04\/04102227\/Phytophthora-afbeelding-Blok-3-en-4-Frans-1536x498.png 1536w, https:\/\/cdn.nufarm.com\/wp-content\/uploads\/sites\/39\/2022\/04\/04102227\/Phytophthora-afbeelding-Blok-3-en-4-Frans-1200x389.png 1200w, https:\/\/cdn.nufarm.com\/wp-content\/uploads\/sites\/39\/2022\/04\/04102227\/Phytophthora-afbeelding-Blok-3-en-4-Frans-480x156.png 480w, https:\/\/cdn.nufarm.com\/wp-content\/uploads\/sites\/39\/2022\/04\/04102227\/Phytophthora-afbeelding-Blok-3-en-4-Frans.png 1920w\" sizes=\"auto, (max-width: 662px) 100vw, 662px\" \/>\n<p><strong><em>Bloc 1 (lev\u00e9e)<\/em><\/strong><\/p>\n<p>Le plant de pommes de terre peut \u00eatre infect\u00e9 par la maladie Phytophthora d\u00e8s la lev\u00e9e. La probabilit\u00e9 a beau \u00eatre tr\u00e8s faible \u00e0 ce stade, elle ne peut en aucun cas \u00eatre exclue. Or vous voulez bien s\u00fbr \u00e9viter que des spores infectent la plante \u00e0 un stade aussi pr\u00e9coce. Prot\u00e9gez donc les feuilles et les tiges au plus t\u00f4t.<\/p>\n<p><strong><em>Bloc 2 (croissance)<\/em><\/strong><\/p>\n<p>Une p\u00e9riode de croissance rapide, qui n\u00e9cessite de prot\u00e9ger les nouvelles feuilles. Il peut donc s\u2019av\u00e9rer judicieux de raccourcir l\u2019intervalle entre les pulv\u00e9risations, surtout en cas de pression infectieuse \u00e9lev\u00e9e et de m\u00e9t\u00e9o propice \u00e0 la croissance.<\/p>\n<p><strong>Bloc 3 (v\u00e9g\u00e9tation stabilis\u00e9e)<\/strong><\/p>\n<p>D\u00e8s le d\u00e9but de la floraison et de la formation des tubercules. La plante reste souvent humide plus longtemps, surtout sur le dessous. Le risque d\u2019infection est accru. On pense davantage \u00e0 prot\u00e9ger les tubercules. Au Phytophthora vient s\u2019ajouter l\u2019Alternaria, qui m\u00e9rite aussi toute votre attention \u00e0 ce stade. On privil\u00e9gie donc les produits qui ont un effet secondaire sur cette maladie fongique.<\/p>\n<p><strong>Bloc 4 (maturit\u00e9 et d\u00e9fanage)<\/strong><\/p>\n<p>Il importe de prot\u00e9ger correctement les tubercules durant cette phase, surtout les ann\u00e9es o\u00f9 la pression du Phytophthora est relativement \u00e9lev\u00e9e, comme en 2021 et 2023. Tout cultivateur veut, en effet, \u00e9viter les tubercules infect\u00e9s.<\/p>\n<p>&nbsp;<\/p>\n<p><strong>Choisissez d&#8217;alterner et de combiner<\/strong>&nbsp;<\/p>\n<p>La lutte contre Phytophthora en pomme de terre n\u00e9cessite une approche o\u00f9 la combinaison et l&#8217;alternance des diff\u00e9rentes mati\u00e8res actives soient la clef de la strat\u00e9gie afin de pr\u00e9venir les attaques de souches r\u00e9sistantes (EU43 et EU46).<\/p>\n<p>En 2023, le Phytophthora a \u00e9t\u00e9 trouv\u00e9 presque partout dans les pommes de terre. A plusieurs endroits, la situation a \u00e9chapp\u00e9 \u00e0 tout contr\u00f4le, notamment \u00e0 cause de la nouvelle souche EU-43 qui s&#8217;est av\u00e9r\u00e9e moins sensible \u00e0 pas moins de quatre substances actives largement utilis\u00e9es. En plus, la souche encore peu connue EU-46 est en \u00e9mergence. Il y a toutes les raisons de se pr\u00e9parer encore mieux que d&#8217;habitude.&nbsp;<\/p>\n<p>Les applications en bloc auxquelles certains agriculteurs \u00e9taient habitu\u00e9s ne sont plus conseill\u00e9es. Soutenu aussi par des bases scientifiques de l&#8217;Universit\u00e9 de Wageningen, le choix de combiner et d&#8217;alterner les produits pour maintenir un contr\u00f4le sur la souche r\u00e9sistante EU-43 et d&#8217;\u00e9ventuelles nouvelles souches est encourag\u00e9. Prot\u00e9ger pr\u00e9ventivement et en temps utile est important. Un syst\u00e8me d&#8217;aide \u00e0 la d\u00e9cision (BOS) y contribue.&nbsp;<\/p>\n<p><strong>Retenez surtout ceci<\/strong><\/p>\n<ul>\n<li>Faite attention aux infestations \u00e0 partir des tubercules.<\/li>\n<li>Les souches r\u00e9sistantes sont bien pr\u00e9sente.<\/li>\n<li>Commencez \u00e0 temps et traitez votre culture de mani\u00e8re pr\u00e9ventive.<\/li>\n<li>Combiner et alterner les produits.<\/li>\n<li>Choisir Canvas avec un partenaire d\u00e8s le d\u00e9but de la formation des tubercules pour une bonne protection des feuilles et des tubercules.&nbsp;<\/li>\n<\/ul>\n<p>&nbsp;<\/p>\n<p><strong>Phytophthora&nbsp;: une longue histoire<\/strong><\/p>\n<p>La Grande Famine qui a touch\u00e9 l\u2019Irlande de 1840 \u00e0 1845 \u00e9tait une cons\u00e9quence directe de ce que l\u2019on appelait d\u00e9j\u00e0 le \u00ab&nbsp;mildiou de la pomme de terre&nbsp;\u00bb. Une v\u00e9ritable catastrophe. Pr\u00e8s de deux cents ans plus tard, nous contr\u00f4lons beaucoup mieux la maladie, gr\u00e2ce aux connaissances, aux techniques de culture et \u00e0 la protection des cultures. Il n\u2019emp\u00eache que si l\u2019on sous-estime la maladie, les cons\u00e9quences peuvent \u00eatre \u00e9normes pour la r\u00e9colte et le stockage. La vigilance reste donc de mise.<\/p>\n<p><strong>Conseils pour lutter contre le Phytophthora. Cliquez<a href=\"https:\/\/nufarm.com\/be\/fr\/product\/canvas-2\/\"> ici<\/a> pour en savoir plus <a href=\"https:\/\/nufarm.com\/be\/fr\/product\/canvas-2\/\">Canvas<\/a>-article de connaissance<\/strong><\/p>\n<a href=\"https:\/\/nufarm.com\/be\/fr\/product\/canvas-2\/\"><img loading=\"lazy\" decoding=\"async\" class=\"alignnone size-medium wp-image-5902\" src=\"https:\/\/nufarm.com\/be\/wp-content\/uploads\/sites\/39\/2022\/03\/Canvas-300x143.jpg\" alt=\"\" width=\"300\" height=\"143\" srcset=\"https:\/\/cdn.nufarm.com\/wp-content\/uploads\/sites\/39\/2022\/03\/25140217\/Canvas-300x143.jpg 300w, https:\/\/cdn.nufarm.com\/wp-content\/uploads\/sites\/39\/2022\/03\/25140217\/Canvas-1024x488.jpg 1024w, https:\/\/cdn.nufarm.com\/wp-content\/uploads\/sites\/39\/2022\/03\/25140217\/Canvas-768x366.jpg 768w, https:\/\/cdn.nufarm.com\/wp-content\/uploads\/sites\/39\/2022\/03\/25140217\/Canvas-480x229.jpg 480w, https:\/\/cdn.nufarm.com\/wp-content\/uploads\/sites\/39\/2022\/03\/25140217\/Canvas.jpg 1181w\" sizes=\"auto, (max-width: 300px) 100vw, 300px\" \/><\/a>\n<p>&nbsp;<\/p>\n<p>&nbsp;<\/p>\n","protected":false},"excerpt":{"rendered":"<p>De nombreux producteurs de pommes de terre appellent \u00e9galement le&nbsp;Phytophthora infestans&nbsp;le \u00ab mildiou \u00bb ou la \u00ab maladie de la pomme de terre \u00bb. Un nom qui indique \u00e0 quel point cette maladie est redout\u00e9e. Il existe heureusement d\u2019excellents moyens de lutter contre le Phytophthora. Mais il y a aussi des \u00e9volutions qui compliquent le &#8230;<\/p>\n","protected":false},"author":84,"featured_media":0,"parent":0,"menu_order":0,"comment_status":"closed","ping_status":"closed","template":"","meta":{"_acf_changed":false,"ep_exclude_from_search":false,"footnotes":""},"class_list":["post-5976","page","type-page","status-publish","hentry"],"acf":[],"_links":{"self":[{"href":"https:\/\/2024.nufarm.com.au\/be\/wp-json\/wp\/v2\/pages\/5976","targetHints":{"allow":["GET"]}}],"collection":[{"href":"https:\/\/2024.nufarm.com.au\/be\/wp-json\/wp\/v2\/pages"}],"about":[{"href":"https:\/\/2024.nufarm.com.au\/be\/wp-json\/wp\/v2\/types\/page"}],"author":[{"embeddable":true,"href":"https:\/\/2024.nufarm.com.au\/be\/wp-json\/wp\/v2\/users\/84"}],"replies":[{"embeddable":true,"href":"https:\/\/2024.nufarm.com.au\/be\/wp-json\/wp\/v2\/comments?post=5976"}],"version-history":[{"count":13,"href":"https:\/\/2024.nufarm.com.au\/be\/wp-json\/wp\/v2\/pages\/5976\/revisions"}],"predecessor-version":[{"id":8359,"href":"https:\/\/2024.nufarm.com.au\/be\/wp-json\/wp\/v2\/pages\/5976\/revisions\/8359"}],"wp:attachment":[{"href":"https:\/\/2024.nufarm.com.au\/be\/wp-json\/wp\/v2\/media?parent=5976"}],"curies":[{"name":"wp","href":"https:\/\/api.w.org\/{rel}","templated":true}]}}