
{"id":4614,"date":"2021-02-16T15:23:04","date_gmt":"2021-02-16T14:23:04","guid":{"rendered":"https:\/\/nufarm.com\/be\/?page_id=4614"},"modified":"2025-01-13T11:19:11","modified_gmt":"2025-01-13T10:19:11","slug":"la-puissance-des-herbicides-phenoxy","status":"publish","type":"page","link":"https:\/\/2024.nufarm.com.au\/be\/fr\/la-puissance-des-herbicides-phenoxy\/","title":{"rendered":"D\u00e9sherbage des cultures c\u00e9r\u00e9ali\u00e8res et des prairies"},"content":{"rendered":"","protected":false},"excerpt":{"rendered":"","protected":false},"author":84,"featured_media":0,"parent":0,"menu_order":0,"comment_status":"closed","ping_status":"closed","template":"template_marketing_page\/template_marketing.php","meta":{"_acf_changed":false,"ep_exclude_from_search":false,"footnotes":""},"class_list":["post-4614","page","type-page","status-publish","hentry"],"acf":[],"_links":{"self":[{"href":"https:\/\/2024.nufarm.com.au\/be\/wp-json\/wp\/v2\/pages\/4614","targetHints":{"allow":["GET"]}}],"collection":[{"href":"https:\/\/2024.nufarm.com.au\/be\/wp-json\/wp\/v2\/pages"}],"about":[{"href":"https:\/\/2024.nufarm.com.au\/be\/wp-json\/wp\/v2\/types\/page"}],"author":[{"embeddable":true,"href":"https:\/\/2024.nufarm.com.au\/be\/wp-json\/wp\/v2\/users\/84"}],"replies":[{"embeddable":true,"href":"https:\/\/2024.nufarm.com.au\/be\/wp-json\/wp\/v2\/comments?post=4614"}],"version-history":[{"count":30,"href":"https:\/\/2024.nufarm.com.au\/be\/wp-json\/wp\/v2\/pages\/4614\/revisions"}],"predecessor-version":[{"id":8616,"href":"https:\/\/2024.nufarm.com.au\/be\/wp-json\/wp\/v2\/pages\/4614\/revisions\/8616"}],"wp:attachment":[{"href":"https:\/\/2024.nufarm.com.au\/be\/wp-json\/wp\/v2\/media?parent=4614"}],"curies":[{"name":"wp","href":"https:\/\/api.w.org\/{rel}","templated":true}]}}