
{"id":1818,"date":"2018-11-22T07:54:14","date_gmt":"2018-11-22T06:54:14","guid":{"rendered":"https:\/\/www2.nufarm.com\/at\/?page_id=1818"},"modified":"2023-08-16T07:22:26","modified_gmt":"2023-08-16T05:22:26","slug":"newsletter_anmelden","status":"publish","type":"page","link":"https:\/\/2024.nufarm.com.au\/at\/newsletter_anmelden\/","title":{"rendered":"Newsletter Anmeldung"},"content":{"rendered":"<script type=\"text\/javascript\">\n\/\/----------------------------------------------------------\n\/\/------ JAVASCRIPT HOOK FUNCTIONS FOR GRAVITY FORMS -------\n\/\/----------------------------------------------------------\n\nif ( ! gform ) {\n\tdocument.addEventListener( 'gform_main_scripts_loaded', function() { gform.scriptsLoaded = true; } );\n\tdocument.addEventListener( 'gform\/theme\/scripts_loaded', function() { gform.themeScriptsLoaded = true; } );\n\twindow.addEventListener( 'DOMContentLoaded', function() { gform.domLoaded = true; } );\n\n\tvar gform = {\n\t\tdomLoaded: false,\n\t\tscriptsLoaded: false,\n\t\tthemeScriptsLoaded: false,\n\t\tisFormEditor: () => typeof InitializeEditor === 'function',\n\n\t\t\/**\n\t\t * @deprecated 2.9 the use of initializeOnLoaded in the form editor context is deprecated.\n\t\t * @remove-in 3.1 this function will not check for gform.isFormEditor().\n\t\t *\/\n\t\tcallIfLoaded: function ( fn ) {\n\t\t\tif ( gform.domLoaded && gform.scriptsLoaded && ( gform.themeScriptsLoaded || gform.isFormEditor() ) ) {\n\t\t\t\tif ( gform.isFormEditor() ) {\n\t\t\t\t\tconsole.warn( 'The use of gform.initializeOnLoaded() is deprecated in the form editor context and will be removed in Gravity Forms 3.1.' );\n\t\t\t\t}\n\t\t\t\tfn();\n\t\t\t\treturn true;\n\t\t\t}\n\t\t\treturn false;\n\t\t},\n\n\t\t\/**\n\t\t * Call a function when all scripts are loaded\n\t\t *\n\t\t * @param function fn the callback function to call when all scripts are loaded\n\t\t *\n\t\t * @returns void\n\t\t *\/\n\t\tinitializeOnLoaded: function( fn ) {\n\t\t\tif ( ! gform.callIfLoaded( fn ) ) {\n\t\t\t\tdocument.addEventListener( 'gform_main_scripts_loaded', () => { gform.scriptsLoaded = true; gform.callIfLoaded( fn ); } );\n\t\t\t\tdocument.addEventListener( 'gform\/theme\/scripts_loaded', () => { gform.themeScriptsLoaded = true; gform.callIfLoaded( fn ); } );\n\t\t\t\twindow.addEventListener( 'DOMContentLoaded', () => { gform.domLoaded = true; gform.callIfLoaded( fn ); } );\n\t\t\t}\n\t\t},\n\n\t\thooks: { action: {}, filter: {} },\n\t\taddAction: function( action, callable, priority, tag ) {\n\t\t\tgform.addHook( 'action', action, callable, priority, tag );\n\t\t},\n\t\taddFilter: function( action, callable, priority, tag ) {\n\t\t\tgform.addHook( 'filter', action, callable, priority, tag );\n\t\t},\n\t\tdoAction: function( action ) {\n\t\t\tgform.doHook( 'action', action, arguments );\n\t\t},\n\t\tapplyFilters: function( action ) {\n\t\t\treturn gform.doHook( 'filter', action, arguments );\n\t\t},\n\t\tremoveAction: function( action, tag ) {\n\t\t\tgform.removeHook( 'action', action, tag );\n\t\t},\n\t\tremoveFilter: function( action, priority, tag ) {\n\t\t\tgform.removeHook( 'filter', action, priority, tag );\n\t\t},\n\t\taddHook: function( hookType, action, callable, priority, tag ) {\n\t\t\tif ( undefined == gform.hooks[hookType][action] ) {\n\t\t\t\tgform.hooks[hookType][action] = [];\n\t\t\t}\n\t\t\tvar hooks = gform.hooks[hookType][action];\n\t\t\tif ( undefined == tag ) {\n\t\t\t\ttag = action + '_' + hooks.length;\n\t\t\t}\n\t\t\tif( priority == undefined ){\n\t\t\t\tpriority = 10;\n\t\t\t}\n\n\t\t\tgform.hooks[hookType][action].push( { tag:tag, callable:callable, priority:priority } );\n\t\t},\n\t\tdoHook: function( hookType, action, args ) {\n\n\t\t\t\/\/ splice args from object into array and remove first index which is the hook name\n\t\t\targs = Array.prototype.slice.call(args, 1);\n\n\t\t\tif ( undefined != gform.hooks[hookType][action] ) {\n\t\t\t\tvar hooks = gform.hooks[hookType][action], hook;\n\t\t\t\t\/\/sort by priority\n\t\t\t\thooks.sort(function(a,b){return a[\"priority\"]-b[\"priority\"]});\n\n\t\t\t\thooks.forEach( function( hookItem ) {\n\t\t\t\t\thook = hookItem.callable;\n\n\t\t\t\t\tif(typeof hook != 'function')\n\t\t\t\t\t\thook = window[hook];\n\t\t\t\t\tif ( 'action' == hookType ) {\n\t\t\t\t\t\thook.apply(null, args);\n\t\t\t\t\t} else {\n\t\t\t\t\t\targs[0] = hook.apply(null, args);\n\t\t\t\t\t}\n\t\t\t\t} );\n\t\t\t}\n\t\t\tif ( 'filter'==hookType ) {\n\t\t\t\treturn args[0];\n\t\t\t}\n\t\t},\n\t\tremoveHook: function( hookType, action, priority, tag ) {\n\t\t\tif ( undefined != gform.hooks[hookType][action] ) {\n\t\t\t\tvar hooks = gform.hooks[hookType][action];\n\t\t\t\thooks = hooks.filter( function(hook, index, arr) {\n\t\t\t\t\tvar removeHook = (undefined==tag||tag==hook.tag) && (undefined==priority||priority==hook.priority);\n\t\t\t\t\treturn !removeHook;\n\t\t\t\t} );\n\t\t\t\tgform.hooks[hookType][action] = hooks;\n\t\t\t}\n\t\t}\n\t};\n}\n<\/script>\n                <div class='gf_browser_gecko gform_wrapper gravity-theme gform-theme--no-framework' data-form-theme='gravity-theme' data-form-index='0' id='gform_wrapper_1' >\n                        <div class='gform_heading'>\n                            <p class='gform_description'><\/p>\n\t\t\t\t\t\t\t<p class='gform_required_legend'>\u201e<span class=\"gfield_required gfield_required_asterisk\">*<\/span>\u201c zeigt erforderliche Felder an<\/p>\n                        <\/div><form method='post' enctype='multipart\/form-data'  id='gform_1'  action='\/at\/wp-json\/wp\/v2\/pages\/1818' data-formid='1' novalidate>\n                        <div class='gform-body gform_body'><div id='gform_fields_1' class='gform_fields top_label form_sublabel_below description_below validation_below'><div id=\"field_1_1\" class=\"gfield gfield--type-html gfield_html gfield_html_formatted gfield_no_follows_desc field_sublabel_below gfield--no-description field_description_below field_validation_below gfield_visibility_visible\"  data-js-reload=\"field_1_1\" ><p><b>Pers\u00f6nliche Angaben<\/b><br><\/p><\/div><div id=\"field_1_3\" class=\"gfield gfield--type-text gfield_contains_required field_sublabel_below gfield--no-description field_description_below field_validation_below gfield_visibility_visible\"  data-js-reload=\"field_1_3\" ><label class='gfield_label gform-field-label' for='input_1_3'>Vorname<span class=\"gfield_required\"><span class=\"gfield_required gfield_required_asterisk\">*<\/span><\/span><\/label><div class='ginput_container ginput_container_text'><input name='input_3' id='input_1_3' type='text' value='' class='large'     aria-required=\"true\" aria-invalid=\"false\"   \/><\/div><\/div><div id=\"field_1_4\" class=\"gfield gfield--type-text gfield_contains_required field_sublabel_below gfield--no-description field_description_below field_validation_below gfield_visibility_visible\"  data-js-reload=\"field_1_4\" ><label class='gfield_label gform-field-label' for='input_1_4'>Nachname<span class=\"gfield_required\"><span class=\"gfield_required gfield_required_asterisk\">*<\/span><\/span><\/label><div class='ginput_container ginput_container_text'><input name='input_4' id='input_1_4' type='text' value='' class='large'     aria-required=\"true\" aria-invalid=\"false\"   \/><\/div><\/div><div id=\"field_1_12\" class=\"gfield gfield--type-email gfield--width-full gfield_contains_required field_sublabel_below gfield--no-description field_description_below field_validation_below gfield_visibility_visible\"  data-js-reload=\"field_1_12\" ><label class='gfield_label gform-field-label' for='input_1_12'>Email<span class=\"gfield_required\"><span class=\"gfield_required gfield_required_asterisk\">*<\/span><\/span><\/label><div class='ginput_container ginput_container_email'>\n                            <input name='input_12' id='input_1_12' type='email' value='' class='large'    aria-required=\"true\" aria-invalid=\"false\"  \/>\n                        <\/div><\/div><div id=\"field_1_6\" class=\"gfield gfield--type-html gfield_html gfield_html_formatted gfield_no_follows_desc field_sublabel_below gfield--no-description field_description_below field_validation_below gfield_visibility_visible\"  data-js-reload=\"field_1_6\" ><p><b>Adresse<\/b><br><\/p><\/div><div id=\"field_1_7\" class=\"gfield gfield--type-text field_sublabel_below gfield--no-description field_description_below field_validation_below gfield_visibility_visible\"  data-js-reload=\"field_1_7\" ><label class='gfield_label gform-field-label' for='input_1_7'>Stra\u00dfe<\/label><div class='ginput_container ginput_container_text'><input name='input_7' id='input_1_7' type='text' value='' class='large'      aria-invalid=\"false\"   \/><\/div><\/div><div id=\"field_1_8\" class=\"gfield gfield--type-text field_sublabel_below gfield--no-description field_description_below field_validation_below gfield_visibility_visible\"  data-js-reload=\"field_1_8\" ><label class='gfield_label gform-field-label' for='input_1_8'>Postleitzahl<\/label><div class='ginput_container ginput_container_text'><input name='input_8' id='input_1_8' type='text' value='' class='large'      aria-invalid=\"false\"   \/><\/div><\/div><div id=\"field_1_9\" class=\"gfield gfield--type-text field_sublabel_below gfield--no-description field_description_below field_validation_below gfield_visibility_visible\"  data-js-reload=\"field_1_9\" ><label class='gfield_label gform-field-label' for='input_1_9'>Ort<\/label><div class='ginput_container ginput_container_text'><input name='input_9' id='input_1_9' type='text' value='' class='large'      aria-invalid=\"false\"   \/><\/div><\/div><div id=\"field_1_14\" class=\"gfield gfield--type-html gfield_html gfield_html_formatted gfield_no_follows_desc field_sublabel_below gfield--no-description field_description_below field_validation_below gfield_visibility_visible\"  data-js-reload=\"field_1_14\" ><p><b>T\u00e4tigkeit<\/b><br><\/p><\/div><div id=\"field_1_22\" class=\"gfield gfield--type-select gfield--width-full field_sublabel_below gfield--no-description field_description_below hidden_label field_validation_below gfield_visibility_visible\"  data-js-reload=\"field_1_22\" ><label class='gfield_label gform-field-label' for='input_1_22'>Ohne Titel<\/label><div class='ginput_container ginput_container_select'><select name='input_22' id='input_1_22' class='large gfield_select'     aria-invalid=\"false\" ><option value='Landwirt' >Landwirt<\/option><option value='Offizialberatung' >Offizialberatung<\/option><option value='H\u00e4ndler' >H\u00e4ndler<\/option><option value='Beh\u00f6rde' >Beh\u00f6rde<\/option><option value='Ausbildungseinrichtung' >Ausbildungseinrichtung<\/option><option value='Maschinenring' >Maschinenring<\/option><option value='Sonstige' >Sonstige<\/option><\/select><\/div><\/div><div id=\"field_1_16\" class=\"gfield gfield--type-html gfield_html gfield_html_formatted gfield_no_follows_desc field_sublabel_below gfield--no-description field_description_below field_validation_below gfield_visibility_visible\"  data-js-reload=\"field_1_16\" ><p>T\u00e4tigkeitsbereiche<br><\/p><\/div><fieldset id=\"field_1_17\" class=\"gfield gfield--type-checkbox gfield--type-choice field_sublabel_below gfield--no-description field_description_below hidden_label field_validation_below gfield_visibility_visible\"  data-js-reload=\"field_1_17\" ><legend class='gfield_label gform-field-label gfield_label_before_complex' >Ohne Titel<\/legend><div class='ginput_container ginput_container_checkbox'><div class='gfield_checkbox ' id='input_1_17'><div class='gchoice gchoice_1_17_1'>\n\t\t\t\t\t\t\t\t<input class='gfield-choice-input' name='input_17.1' type='checkbox'  value='Ackerbau'  id='choice_1_17_1'   \/>\n\t\t\t\t\t\t\t\t<label for='choice_1_17_1' id='label_1_17_1' class='gform-field-label gform-field-label--type-inline'>Ackerbau<\/label>\n\t\t\t\t\t\t\t<\/div><div class='gchoice gchoice_1_17_2'>\n\t\t\t\t\t\t\t\t<input class='gfield-choice-input' name='input_17.2' type='checkbox'  value='Biolandbau'  id='choice_1_17_2'   \/>\n\t\t\t\t\t\t\t\t<label for='choice_1_17_2' id='label_1_17_2' class='gform-field-label gform-field-label--type-inline'>Biolandbau<\/label>\n\t\t\t\t\t\t\t<\/div><div class='gchoice gchoice_1_17_3'>\n\t\t\t\t\t\t\t\t<input class='gfield-choice-input' name='input_17.3' type='checkbox'  value='Obstbau'  id='choice_1_17_3'   \/>\n\t\t\t\t\t\t\t\t<label for='choice_1_17_3' id='label_1_17_3' class='gform-field-label gform-field-label--type-inline'>Obstbau<\/label>\n\t\t\t\t\t\t\t<\/div><div class='gchoice gchoice_1_17_4'>\n\t\t\t\t\t\t\t\t<input class='gfield-choice-input' name='input_17.4' type='checkbox'  value='Weinbau'  id='choice_1_17_4'   \/>\n\t\t\t\t\t\t\t\t<label for='choice_1_17_4' id='label_1_17_4' class='gform-field-label gform-field-label--type-inline'>Weinbau<\/label>\n\t\t\t\t\t\t\t<\/div><div class='gchoice gchoice_1_17_5'>\n\t\t\t\t\t\t\t\t<input class='gfield-choice-input' name='input_17.5' type='checkbox'  value='Sonstige'  id='choice_1_17_5'   \/>\n\t\t\t\t\t\t\t\t<label for='choice_1_17_5' id='label_1_17_5' class='gform-field-label gform-field-label--type-inline'>Sonstige<\/label>\n\t\t\t\t\t\t\t<\/div><\/div><\/div><\/fieldset><div id=\"field_1_18\" class=\"gfield gfield--type-html gfield_html gfield_html_formatted gfield_no_follows_desc field_sublabel_below gfield--no-description field_description_below field_validation_below gfield_visibility_visible\"  data-js-reload=\"field_1_18\" ><p><b>Anmerkungen<\/b><br><\/p><\/div><div id=\"field_1_19\" class=\"gfield gfield--type-textarea field_sublabel_below gfield--no-description field_description_below field_validation_below gfield_visibility_visible\"  data-js-reload=\"field_1_19\" ><label class='gfield_label gform-field-label screen-reader-text' for='input_1_19'><\/label><div class='ginput_container ginput_container_textarea'><textarea name='input_19' id='input_1_19' class='textarea large'      aria-invalid=\"false\"   rows='10' cols='50'><\/textarea><\/div><\/div><div id=\"field_1_20\" class=\"gfield gfield--type-html gfield_html gfield_html_formatted gfield_no_follows_desc field_sublabel_below gfield--no-description field_description_below field_validation_below gfield_visibility_visible\"  data-js-reload=\"field_1_20\" ><p>Mit dem Dr\u00fccken des \"Anmeldung abschicken\" Buttons erkl\u00e4re ich mich einverstanden fachspezifische Neuigkeiten, Praxiswissen und Tipps von der Nufarm GmbH &amp; Co KG an die oben angef\u00fchrte Email Adresse zugesendet zu bekommen.<br>Sie k\u00f6nnen sich nat\u00fcrlich jederzeit von diesem Newsletter wieder abmelden.<\/p><\/div><div id=\"field_1_23\" class=\"gfield gfield--type-nufarm-readmore gfield--width-full field_sublabel_below gfield--no-description field_description_below hidden_label field_validation_below gfield_visibility_visible\"  data-js-reload=\"field_1_23\" ><label class='gfield_label gform-field-label' for='input_1_23'>Learn more<\/label><div class='ginput_container ginput_container_readmore'><div class='inner-container'><p class=\"nufarm-readmore-paragraph-summary\" data-pid=\"1_23\">By selecting the checkbox above,\nyou are agreeing Nufarm can send you relevant\nMarketing Communications. You are able to\nunsubscribe at any time, by updating your preferences. <a href=\"#\" class=\"nufarm-readmore-paragraph-readmore-btn readmore-btn\">Learn more<\/a><\/p><p id=\"readmore-full-23\" data-pid=\"1_23\" style=\"display:none;\" class=\"nufarm-readmore-paragraph-full\">Your data is automatically processed by\nNUFARM Australia Ltd. This processing allows us to\nsend you our newsletter and to inform you about our\nproducts. The processing is based on the legitimate\ninterest of NUFARM (art. 6 f) RGPD). This\ninformation is managed by the Sales and Marketing\ndepartments. You can access and obtain a copy\n(portability) of your data, object to the processing of\nthis data, have it corrected or deleted. You also have\nthe right to limit the processing of your data. NUFARM\nwill store your data for the duration of your\nsubscription to the newsletter until you unsubscribe.\nYou can unsubscribe from our newsletter at any time\nby following the unsubscribe link in the newsletter. To\nexercise your rights under the GDPR and related laws,\nyou may contact our Data Protection Officer by writing\nto dpo@nufarm.com or by mail at: DPO NUFARM\nEurope, 9-11 rue du D\u00e9barcad\u00e8re, 92700 Colombes.\nLearn more about how we manage your data <a\nhref=\"https:\/\/cdn.nufarm.com\/wp-content\/uploads\/2021\n\/05\/12150607\/Nufarm-Global-Privacy-Policy-August2\n019-with-contents-update-Oct2020.pdf\">HERE<\/a> . <a href=\"#\" class=\"nufarm-readmore-paragraph-readless-btn readless-btn\" data-pid=\"1_23\"><\/a><\/p><\/div><\/div><\/div><fieldset id=\"field_1_24\" class=\"gfield gfield--type-checkbox gfield--type-choice gfield--width-full field_sublabel_below gfield--no-description field_description_below hidden_label field_validation_below gfield_visibility_visible\"  data-js-reload=\"field_1_24\" ><legend class='gfield_label gform-field-label gfield_label_before_complex' >I agree to receive marketing Communications from Nufarm<\/legend><div class='ginput_container ginput_container_checkbox'><div class='gfield_checkbox ' id='input_1_24'><div class='gchoice gchoice_1_24_1'>\n\t\t\t\t\t\t\t\t<input class='gfield-choice-input' name='input_24.1' type='checkbox'  value='true'  id='choice_1_24_1'   \/>\n\t\t\t\t\t\t\t\t<label for='choice_1_24_1' id='label_1_24_1' class='gform-field-label gform-field-label--type-inline'>I agree to receive marketing Communications from Nufarm<\/label>\n\t\t\t\t\t\t\t<\/div><\/div><\/div><\/fieldset><\/div><\/div>\n        <div class='gform-footer gform_footer top_label'> <input type='submit' id='gform_submit_button_1' class='gform_button button' onclick='gform.submission.handleButtonClick(this);' value='Anmeldung abschicken'  \/> \n            <input type='hidden' class='gform_hidden' name='gform_submission_method' data-js='gform_submission_method_1' value='postback' \/>\n            <input type='hidden' class='gform_hidden' name='gform_theme' data-js='gform_theme_1' id='gform_theme_1' value='gravity-theme' \/>\n            <input type='hidden' class='gform_hidden' name='gform_style_settings' data-js='gform_style_settings_1' id='gform_style_settings_1' value='' \/>\n            <input type='hidden' class='gform_hidden' name='is_submit_1' value='1' \/>\n            <input type='hidden' class='gform_hidden' name='gform_submit' value='1' \/>\n            \n            <input type='hidden' class='gform_hidden' name='gform_unique_id' value='' \/>\n            <input type='hidden' class='gform_hidden' name='state_1' value='WyJ7XCIyMlwiOltcIjE2YjE1MDhkOTc2NTY0ZjE1MjllZTljYmM1MTZkZDkxXCIsXCJiNGE0MmU4NjhiZDNiODQ3ODFmZDcyMDQ4ZDdjZWQyYlwiLFwiNmJhZDcwNjFiMTA3MDg3MjJhYjkyYzJjYWMxMmZjMTRcIixcIjU3ZjViNGU1MjRmNTk3NDUxNTZkYzBlZGU4MzQ1ZDExXCIsXCJkYTUyOTM5NDNmZGI0MzkwOTMwMzZhNWM2NDI0ZDJlZVwiLFwiYjUyNmIyN2FkZTFjMjk4ZTMzYmI0NjhkYjJmNTZlMmZcIixcImZiMDJhMjZmYTgwZGYzNjVmMzZmYzE1MjMxZGJjM2IyXCJdLFwiMTcuMVwiOlwiYjY0NzJlYjc2OGViZmI4NDY3NGNjMDY4MzNmMDcyNDVcIixcIjE3LjJcIjpcIjE0MGExMmI0YWEzMjVlMmQ3ZWU2MjQ5OTFjNzU4ZDQ5XCIsXCIxNy4zXCI6XCJjMDEzYWU1ZjFmODc4MDE4ZDJlZDdkNjVlOWNlMjgwN1wiLFwiMTcuNFwiOlwiNjRiOTcwNWI2ZTg2ZGJjMmYzM2JhZjZkMTVkYjRkMTFcIixcIjE3LjVcIjpcImZiMDJhMjZmYTgwZGYzNjVmMzZmYzE1MjMxZGJjM2IyXCIsXCIyNC4xXCI6XCJlMzYyNWIzODU2MWM2ZDg1MGYwNTI1ZDI4MzY2MTAwY1wifSIsIjAxMjYxZGY1OGE1OTNjZWU4ZTFlMjdhM2UwMWY3NjM4Il0=' \/>\n            <input type='hidden' autocomplete='off' class='gform_hidden' name='gform_target_page_number_1' id='gform_target_page_number_1' value='0' \/>\n            <input type='hidden' autocomplete='off' class='gform_hidden' name='gform_source_page_number_1' id='gform_source_page_number_1' value='1' \/>\n            <input type='hidden' name='gform_field_values' value='' \/>\n            \n        <\/div>\n                        <\/form>\n                        <\/div><script type=\"text\/javascript\">\n\/* <![CDATA[ *\/\n gform.initializeOnLoaded( function() {gformInitSpinner( 1, 'https:\/\/2024.nufarm.com.au\/at\/wp-content\/plugins\/gravityforms\/images\/spinner.svg', true );jQuery('#gform_ajax_frame_1').on('load',function(){var contents = jQuery(this).contents().find('*').html();var is_postback = contents.indexOf('GF_AJAX_POSTBACK') >= 0;if(!is_postback){return;}var form_content = jQuery(this).contents().find('#gform_wrapper_1');var is_confirmation = jQuery(this).contents().find('#gform_confirmation_wrapper_1').length > 0;var is_redirect = contents.indexOf('gformRedirect(){') >= 0;var is_form = form_content.length > 0 && ! is_redirect && ! is_confirmation;var mt = parseInt(jQuery('html').css('margin-top'), 10) + parseInt(jQuery('body').css('margin-top'), 10) + 100;if(is_form){jQuery('#gform_wrapper_1').html(form_content.html());if(form_content.hasClass('gform_validation_error')){jQuery('#gform_wrapper_1').addClass('gform_validation_error');} else {jQuery('#gform_wrapper_1').removeClass('gform_validation_error');}setTimeout( function() { \/* delay the scroll by 50 milliseconds to fix a bug in chrome *\/  }, 50 );if(window['gformInitDatepicker']) {gformInitDatepicker();}if(window['gformInitPriceFields']) {gformInitPriceFields();}var current_page = jQuery('#gform_source_page_number_1').val();gformInitSpinner( 1, 'https:\/\/2024.nufarm.com.au\/at\/wp-content\/plugins\/gravityforms\/images\/spinner.svg', true );jQuery(document).trigger('gform_page_loaded', [1, current_page]);window['gf_submitting_1'] = false;}else if(!is_redirect){var confirmation_content = jQuery(this).contents().find('.GF_AJAX_POSTBACK').html();if(!confirmation_content){confirmation_content = contents;}jQuery('#gform_wrapper_1').replaceWith(confirmation_content);jQuery(document).trigger('gform_confirmation_loaded', [1]);window['gf_submitting_1'] = false;wp.a11y.speak(jQuery('#gform_confirmation_message_1').text());}else{jQuery('#gform_1').append(contents);if(window['gformRedirect']) {gformRedirect();}}jQuery(document).trigger(\"gform_pre_post_render\", [{ formId: \"1\", currentPage: \"current_page\", abort: function() { this.preventDefault(); } }]);                if (event && event.defaultPrevented) {                return;         }        const gformWrapperDiv = document.getElementById( \"gform_wrapper_1\" );        if ( gformWrapperDiv ) {            const visibilitySpan = document.createElement( \"span\" );            visibilitySpan.id = \"gform_visibility_test_1\";            gformWrapperDiv.insertAdjacentElement( \"afterend\", visibilitySpan );        }        const visibilityTestDiv = document.getElementById( \"gform_visibility_test_1\" );        let postRenderFired = false;                function triggerPostRender() {            if ( postRenderFired ) {                return;            }            postRenderFired = true;            jQuery( document ).trigger( 'gform_post_render', [1, current_page] );            gform.utils.trigger( { event: 'gform\/postRender', native: false, data: { formId: 1, currentPage: current_page } } );            gform.utils.trigger( { event: 'gform\/post_render', native: false, data: { formId: 1, currentPage: current_page } } );            if ( visibilityTestDiv ) {                visibilityTestDiv.parentNode.removeChild( visibilityTestDiv );            }        }        function debounce( func, wait, immediate ) {            var timeout;            return function() {                var context = this, args = arguments;                var later = function() {                    timeout = null;                    if ( !immediate ) func.apply( context, args );                };                var callNow = immediate && !timeout;                clearTimeout( timeout );                timeout = setTimeout( later, wait );                if ( callNow ) func.apply( context, args );            };        }        const debouncedTriggerPostRender = debounce( function() {            triggerPostRender();        }, 200 );        if ( visibilityTestDiv && visibilityTestDiv.offsetParent === null ) {            const observer = new MutationObserver( ( mutations ) => {                mutations.forEach( ( mutation ) => {                    if ( mutation.type === 'attributes' && visibilityTestDiv.offsetParent !== null ) {                        debouncedTriggerPostRender();                        observer.disconnect();                    }                });            });            observer.observe( document.body, {                attributes: true,                childList: false,                subtree: true,                attributeFilter: [ 'style', 'class' ],            });        } else {            triggerPostRender();        }    } );} ); \n\/* ]]> *\/\n<\/script>\n\n","protected":false},"excerpt":{"rendered":"","protected":false},"author":83,"featured_media":848,"parent":0,"menu_order":0,"comment_status":"closed","ping_status":"closed","template":"","meta":{"_acf_changed":false,"ep_exclude_from_search":false,"footnotes":""},"class_list":["post-1818","page","type-page","status-publish","has-post-thumbnail","hentry"],"acf":[],"_links":{"self":[{"href":"https:\/\/2024.nufarm.com.au\/at\/wp-json\/wp\/v2\/pages\/1818","targetHints":{"allow":["GET"]}}],"collection":[{"href":"https:\/\/2024.nufarm.com.au\/at\/wp-json\/wp\/v2\/pages"}],"about":[{"href":"https:\/\/2024.nufarm.com.au\/at\/wp-json\/wp\/v2\/types\/page"}],"author":[{"embeddable":true,"href":"https:\/\/2024.nufarm.com.au\/at\/wp-json\/wp\/v2\/users\/83"}],"replies":[{"embeddable":true,"href":"https:\/\/2024.nufarm.com.au\/at\/wp-json\/wp\/v2\/comments?post=1818"}],"version-history":[{"count":4,"href":"https:\/\/2024.nufarm.com.au\/at\/wp-json\/wp\/v2\/pages\/1818\/revisions"}],"predecessor-version":[{"id":6836,"href":"https:\/\/2024.nufarm.com.au\/at\/wp-json\/wp\/v2\/pages\/1818\/revisions\/6836"}],"wp:featuredmedia":[{"embeddable":true,"href":"https:\/\/2024.nufarm.com.au\/at\/wp-json\/wp\/v2\/media\/848"}],"wp:attachment":[{"href":"https:\/\/2024.nufarm.com.au\/at\/wp-json\/wp\/v2\/media?parent=1818"}],"curies":[{"name":"wp","href":"https:\/\/api.w.org\/{rel}","templated":true}]}}